{"id":177911,"date":"2024-02-20T09:50:30","date_gmt":"2024-02-20T07:50:30","guid":{"rendered":""},"modified":"2025-05-26T16:31:49","modified_gmt":"2025-05-26T14:31:49","slug":"prod_694704110129_sc92504","status":"publish","type":"product","link":"http:\/\/toystoys.md\/ru\/shop\/prod_694704110129_sc92504\/","title":{"rendered":"\u041d\u0430\u0431\u043e\u0440 \u0434\u043b\u044f \u0442\u0432\u043e\u0440\u0447\u0435\u0441\u0442\u0432\u0430 \u0420\u043e\u0441\u043f\u0438\u0441\u044c \u0442\u0435\u043b\u0430 \u0437\u0432\u0435\u0437\u0434\u043d\u043e\u0439 \u043f\u044b\u043b\u044c\u044e Nebulous Stars"},"content":{"rendered":"<p>\u041d\u0430\u0431\u043e\u0440 \u0434\u043b\u044f \u0442\u0432\u043e\u0440\u0447\u0435\u0441\u0442\u0432\u0430 Nebulous Stars \u0434\u0430\u0435\u0442 \u0432\u0430\u043c \u0432\u043e\u0437\u043c\u043e\u0436\u043d\u043e\u0441\u0442\u044c \u0441\u043e\u0437\u0434\u0430\u0432\u0430\u0442\u044c \u0443\u043b\u044b\u0431\u043a\u0438 \u0438 \u0431\u043b\u0435\u0441\u0442\u043a\u0438!<br \/>\n\u042d\u0442\u043e\u0442 \u0432\u043e\u043b\u0448\u0435\u0431\u043d\u044b\u0439 \u043d\u0430\u0431\u043e\u0440 \u043f\u043e\u043e\u0449\u0440\u044f\u0435\u0442 \u0442\u0432\u043e\u0440\u0447\u0435\u0441\u0442\u0432\u043e \u0438 \u0434\u0430\u0440\u0438\u0442 \u043e\u043f\u044b\u0442, \u043f\u043e\u043b\u043d\u044b\u0439 \u0432\u043e\u043b\u0448\u0435\u0431\u0441\u0442\u0432\u0430 \u0438 \u0431\u043b\u0435\u0441\u043a\u0430!<\/p>\n<p>\u0412\u0435\u0441: 220 \u0433<br \/>\n\u0420\u0430\u0437\u043c\u0435\u0440\u044b: 20 \u0445 16 \u0445 4 \u0441\u043c<br \/>\n\u0420\u0435\u043a\u043e\u043c\u0435\u043d\u0434\u0443\u0435\u043c\u044b\u0439 \u0432\u043e\u0437\u0440\u0430\u0441\u0442: 7 \u043b\u0435\u0442 +<\/p>\n<h3 class=\"LC20lb MBeuO DKV0Md\"><\/h3>","protected":false},"excerpt":{"rendered":"<p>Setul de crea\u021bie Nebulous Stars \u00ee\u021bi ofer\u0103 posibilitatea de a crea z\u00e2mbete \u0219i str\u0103luciri! Acest set magic \u00eencurajeaz\u0103 creativitatea \u0219i<\/p>","protected":false},"featured_media":177918,"comment_status":"closed","ping_status":"closed","template":"..\/public\/views\/revslider-page-template.php","meta":{"_monsterinsights_skip_tracking":false,"_monsterinsights_sitenote_active":false,"_monsterinsights_sitenote_note":"","_monsterinsights_sitenote_category":0},"product_brand":[],"product_cat":[55,1137,117,38],"product_tag":[],"class_list":{"0":"post-177911","1":"product","2":"type-product","3":"status-publish","4":"has-post-thumbnail","6":"product_cat-toate-produsele","7":"product_cat-jucarii","8":"product_cat-seturi-pentru-creatie","9":"product_cat-cosmetica-decorativa","11":"first","12":"outofstock","13":"shipping-taxable","14":"purchasable","15":"product-type-simple"},"_links":{"self":[{"href":"http:\/\/toystoys.md\/ru\/wp-json\/wp\/v2\/product\/177911","targetHints":{"allow":["GET"]}}],"collection":[{"href":"http:\/\/toystoys.md\/ru\/wp-json\/wp\/v2\/product"}],"about":[{"href":"http:\/\/toystoys.md\/ru\/wp-json\/wp\/v2\/types\/product"}],"replies":[{"embeddable":true,"href":"http:\/\/toystoys.md\/ru\/wp-json\/wp\/v2\/comments?post=177911"}],"wp:featuredmedia":[{"embeddable":true,"href":"http:\/\/toystoys.md\/ru\/wp-json\/wp\/v2\/media\/177918"}],"wp:attachment":[{"href":"http:\/\/toystoys.md\/ru\/wp-json\/wp\/v2\/media?parent=177911"}],"wp:term":[{"taxonomy":"product_brand","embeddable":true,"href":"http:\/\/toystoys.md\/ru\/wp-json\/wp\/v2\/product_brand?post=177911"},{"taxonomy":"product_cat","embeddable":true,"href":"http:\/\/toystoys.md\/ru\/wp-json\/wp\/v2\/product_cat?post=177911"},{"taxonomy":"product_tag","embeddable":true,"href":"http:\/\/toystoys.md\/ru\/wp-json\/wp\/v2\/product_tag?post=177911"}],"curies":[{"name":"wp","href":"https:\/\/api.w.org\/{rel}","templated":true}]}}