{"id":177777,"date":"2024-02-18T14:40:06","date_gmt":"2024-02-18T12:40:06","guid":{"rendered":""},"modified":"2025-03-17T12:52:07","modified_gmt":"2025-03-17T10:52:07","slug":"prod_5900511018202_sc78607","status":"publish","type":"product","link":"http:\/\/toystoys.md\/ru\/shop\/prod_5900511018202_sc78607\/","title":{"rendered":"\u041d\u0430\u0441\u0442\u043e\u043b\u044c\u043d\u0430\u044f \u0438\u0433\u0440\u0430 - Mistakos Duo \u0424\u0443\u043a\u0441\u0438\u044f RU 01820 \/ Trefl"},"content":{"rendered":"<p>\u041d\u0430\u0441\u0442\u043e\u043b\u044c\u043d\u0430\u044f \u0438\u0433\u0440\u0430 Trefl \u00abMistakos Duo\u00bb \u2014 \u044d\u0442\u043e \u043d\u043e\u0432\u0430\u044f \u0432\u0435\u0440\u0441\u0438\u044f \u043a\u0443\u043b\u044c\u0442\u043e\u0432\u043e\u0439 \u0430\u0440\u043a\u0430\u0434\u043d\u043e\u0439 \u0438\u0433\u0440\u044b \u00abMistakos\u00bb. \u0426\u0435\u043b\u044c \u0441\u043e\u0441\u0442\u043e\u0438\u0442 \u0432 \u0442\u043e\u043c, \u0447\u0442\u043e\u0431\u044b \u043d\u0430\u043a\u043e\u043f\u0438\u0442\u044c \u043c\u0438\u043d\u0438\u043c\u0430\u043b\u044c\u043d\u043e\u0435 \u043a\u043e\u043b\u0438\u0447\u0435\u0441\u0442\u0432\u043e \u0448\u0442\u0440\u0430\u0444\u043d\u044b\u0445 \u043e\u0447\u043a\u043e\u0432 \u0438\u043b\u0438 \u043a\u0430\u043a \u043c\u043e\u0436\u043d\u043e \u0441\u043a\u043e\u0440\u0435\u0435 \u043f\u043e\u043a\u0438\u043d\u0443\u0442\u044c \u043b\u0435\u0441\u0442\u043d\u0438\u0446\u0443 \u0441\u043e\u043e\u0442\u0432\u0435\u0442\u0441\u0442\u0432\u0443\u044e\u0449\u0435\u0433\u043e \u0446\u0432\u0435\u0442\u0430, \u043e\u0434\u043d\u043e\u0432\u0440\u0435\u043c\u0435\u043d\u043d\u043e \u0441\u043e\u0437\u0434\u0430\u0432\u0430\u044f \u0432\u043f\u0435\u0447\u0430\u0442\u043b\u044f\u044e\u0449\u0443\u044e \u0441\u0442\u0440\u0443\u043a\u0442\u0443\u0440\u0443.<\/p>\n<p>\u0412\u0435\u0441\u0435\u043b\u044c\u0435 \u0433\u0430\u0440\u0430\u043d\u0442\u0438\u0440\u043e\u0432\u0430\u043d\u043e \u2013 \u0442\u0435\u043f\u0435\u0440\u044c \u0438 \u0431\u043e\u043b\u044c\u0448\u0435 \u0438\u0433\u0440\u043e\u043a\u043e\u0432! \u041f\u043e\u043c\u043d\u0438\u0442\u0435, \u0447\u0442\u043e \u0432\u044b \u043c\u043e\u0436\u0435\u0442\u0435 \u043a\u043e\u043c\u0431\u0438\u043d\u0438\u0440\u043e\u0432\u0430\u0442\u044c \u0438\u0433\u0440\u044b \u0441\u0435\u0440\u0438\u0438 Mistakos. \u0418\u0433\u0440\u0430\u0439\u0442\u0435 \u0441\u043e \u0441\u0442\u0443\u043b\u044c\u044f\u043c\u0438 \u0438 \u043b\u0435\u0441\u0442\u043d\u0438\u0446\u0430\u043c\u0438 \u043e\u0434\u043d\u043e\u0432\u0440\u0435\u043c\u0435\u043d\u043d\u043e \u0438 \u0441\u043e\u0437\u0434\u0430\u0432\u0430\u0439\u0442\u0435 \u0435\u0449\u0435 \u0431\u043e\u043b\u0435\u0435 \u044d\u0444\u0444\u0435\u043a\u0442\u043d\u044b\u0435 \u043a\u043e\u043d\u0441\u0442\u0440\u0443\u043a\u0446\u0438\u0438!<\/p>","protected":false},"excerpt":{"rendered":"<p>Jocul de mas\u0103 Trefl &#8222;Mistakos Duo&#8221; este o nou\u0103 versiune a jocului arcade cult &#8222;Mistakos&#8221;. Scopul este s\u0103 acumula\u021bi un<\/p>","protected":false},"featured_media":177778,"comment_status":"closed","ping_status":"closed","template":"..\/public\/views\/revslider-page-template.php","meta":{"_monsterinsights_skip_tracking":false,"_monsterinsights_sitenote_active":false,"_monsterinsights_sitenote_note":"","_monsterinsights_sitenote_category":0},"product_brand":[],"product_cat":[55,1137,1142,44],"product_tag":[],"class_list":{"0":"post-177777","1":"product","2":"type-product","3":"status-publish","4":"has-post-thumbnail","6":"product_cat-toate-produsele","7":"product_cat-jucarii","8":"product_cat-jocuri-de-masa","9":"product_cat-jucarii-educative","11":"first","12":"outofstock","13":"shipping-taxable","14":"purchasable","15":"product-type-simple"},"_links":{"self":[{"href":"http:\/\/toystoys.md\/ru\/wp-json\/wp\/v2\/product\/177777","targetHints":{"allow":["GET"]}}],"collection":[{"href":"http:\/\/toystoys.md\/ru\/wp-json\/wp\/v2\/product"}],"about":[{"href":"http:\/\/toystoys.md\/ru\/wp-json\/wp\/v2\/types\/product"}],"replies":[{"embeddable":true,"href":"http:\/\/toystoys.md\/ru\/wp-json\/wp\/v2\/comments?post=177777"}],"wp:featuredmedia":[{"embeddable":true,"href":"http:\/\/toystoys.md\/ru\/wp-json\/wp\/v2\/media\/177778"}],"wp:attachment":[{"href":"http:\/\/toystoys.md\/ru\/wp-json\/wp\/v2\/media?parent=177777"}],"wp:term":[{"taxonomy":"product_brand","embeddable":true,"href":"http:\/\/toystoys.md\/ru\/wp-json\/wp\/v2\/product_brand?post=177777"},{"taxonomy":"product_cat","embeddable":true,"href":"http:\/\/toystoys.md\/ru\/wp-json\/wp\/v2\/product_cat?post=177777"},{"taxonomy":"product_tag","embeddable":true,"href":"http:\/\/toystoys.md\/ru\/wp-json\/wp\/v2\/product_tag?post=177777"}],"curies":[{"name":"wp","href":"https:\/\/api.w.org\/{rel}","templated":true}]}}