{"id":177574,"date":"2024-02-15T14:33:10","date_gmt":"2024-02-15T12:33:10","guid":{"rendered":"https:\/\/toystoys.md\/shop\/prod_6416739592503_sc92492\/"},"modified":"2024-08-30T11:55:15","modified_gmt":"2024-08-30T09:55:15","slug":"prod_6416739592503_sc92492","status":"publish","type":"product","link":"http:\/\/toystoys.md\/ru\/shop\/prod_6416739592503_sc92492\/","title":{"rendered":"\u0420\u0430\u0437\u0432\u0438\u0432\u0430\u044e\u0449\u0430\u044f \u0438\u0433\u0440\u0430 \u041e\u0442\u043a\u0440\u043e\u0435\u043c \u0434\u043b\u044f \u0441\u0435\u0431\u044f \u0436\u0438\u0432\u043e\u0442\u043d\u044b\u0445 TACTIC"},"content":{"rendered":"<p>\u0420\u0430\u0437\u0432\u0438\u0432\u0430\u044e\u0449\u0430\u044f \u0438\u0433\u0440\u0430 \u0434\u043b\u044f \u0440\u0430\u0437\u0432\u0438\u0442\u0438\u044f \u0443\u043c\u0435\u043d\u0438\u044f \u0447\u0438\u0442\u0430\u0442\u044c, \u0437\u0430\u043a\u043b\u044e\u0447\u0430\u044e\u0449\u0430\u044f\u0441\u044f \u0432 \u0441\u0440\u0430\u0432\u043d\u0435\u043d\u0438\u0438 \u0440\u0430\u0437\u043b\u0438\u0447\u043d\u044b\u0445 \u043f\u0440\u0438\u0437\u043d\u0430\u043a\u043e\u0432, \u0443\u043a\u0430\u0437\u0430\u043d\u043d\u044b\u0445 \u043d\u0430 \u0438\u043b\u043b\u044e\u0441\u0442\u0440\u0438\u0440\u043e\u0432\u0430\u043d\u043d\u044b\u0445 \u0438\u0433\u0440\u0430\u043b\u044c\u043d\u044b\u0445 \u043a\u0430\u0440\u0442\u0430\u0445, \u0441 \u0436\u0438\u0432\u043e\u0442\u043d\u044b\u043c\u0438. \u041d\u0430 \u043f\u0440\u043e\u0442\u044f\u0436\u0435\u043d\u0438\u0438 \u0432\u0441\u0435\u0439 \u0438\u0433\u0440\u044b \u0434\u0435\u0442\u0438 \u0431\u0443\u0434\u0443\u0442 \u0441\u043e\u0432\u0435\u0440\u0448\u0435\u043d\u0441\u0442\u0432\u043e\u0432\u0430\u0442\u044c \u0431\u0435\u0433\u043b\u043e\u0441\u0442\u044c \u0447\u0442\u0435\u043d\u0438\u044f, \u0438\u0437\u0443\u0447\u0430\u044f \u0438\u043d\u0442\u0435\u0440\u0435\u0441\u043d\u044b\u0435 \u0444\u0430\u043a\u0442\u044b \u043e \u0441\u0432\u043e\u0438\u0445 \u043b\u044e\u0431\u0438\u043c\u044b\u0445 \u0436\u0438\u0432\u043e\u0442\u043d\u044b\u0445.<\/p>\n<p><strong>\u0412 \u043d\u0430\u0431\u043e\u0440\u0435:\u00a0<\/strong>4 \u0440\u0430\u043c\u043a\u0438 \u0434\u043b\u044f \u0438\u0433\u0440\u0430\u043b\u044c\u043d\u044b\u0445 \u043a\u0430\u0440\u0442, \u043e\u0434\u0438\u043d \u0436\u0435\u0442\u043e\u043d, 64 \u043a\u0430\u0440\u0442\u044b \u0438 \u043f\u0440\u0430\u0432\u0438\u043b\u0430 \u0438\u0433\u0440\u044b.<\/p>","protected":false},"excerpt":{"rendered":"<p>Joc educativ pentru dezvoltarea abilit\u0103\u021bii de a citi ce const\u0103 \u00een compararea diferitelor tr\u0103s\u0103turi indicate pe c\u0103r\u021bile de joc ilustrate<\/p>","protected":false},"featured_media":177674,"comment_status":"closed","ping_status":"closed","template":"..\/public\/views\/revslider-page-template.php","meta":{"_monsterinsights_skip_tracking":false,"_monsterinsights_sitenote_active":false,"_monsterinsights_sitenote_note":"","_monsterinsights_sitenote_category":0},"product_brand":[],"product_cat":[55,1137,1142,44],"product_tag":[],"class_list":{"0":"post-177574","1":"product","2":"type-product","3":"status-publish","4":"has-post-thumbnail","6":"product_cat-toate-produsele","7":"product_cat-jucarii","8":"product_cat-jocuri-de-masa","9":"product_cat-jucarii-educative","11":"first","12":"instock","13":"shipping-taxable","14":"purchasable","15":"product-type-simple"},"_links":{"self":[{"href":"http:\/\/toystoys.md\/ru\/wp-json\/wp\/v2\/product\/177574","targetHints":{"allow":["GET"]}}],"collection":[{"href":"http:\/\/toystoys.md\/ru\/wp-json\/wp\/v2\/product"}],"about":[{"href":"http:\/\/toystoys.md\/ru\/wp-json\/wp\/v2\/types\/product"}],"replies":[{"embeddable":true,"href":"http:\/\/toystoys.md\/ru\/wp-json\/wp\/v2\/comments?post=177574"}],"wp:featuredmedia":[{"embeddable":true,"href":"http:\/\/toystoys.md\/ru\/wp-json\/wp\/v2\/media\/177674"}],"wp:attachment":[{"href":"http:\/\/toystoys.md\/ru\/wp-json\/wp\/v2\/media?parent=177574"}],"wp:term":[{"taxonomy":"product_brand","embeddable":true,"href":"http:\/\/toystoys.md\/ru\/wp-json\/wp\/v2\/product_brand?post=177574"},{"taxonomy":"product_cat","embeddable":true,"href":"http:\/\/toystoys.md\/ru\/wp-json\/wp\/v2\/product_cat?post=177574"},{"taxonomy":"product_tag","embeddable":true,"href":"http:\/\/toystoys.md\/ru\/wp-json\/wp\/v2\/product_tag?post=177574"}],"curies":[{"name":"wp","href":"https:\/\/api.w.org\/{rel}","templated":true}]}}