{"id":177567,"date":"2024-02-15T14:32:46","date_gmt":"2024-02-15T12:32:46","guid":{"rendered":""},"modified":"2024-12-27T10:27:54","modified_gmt":"2024-12-27T08:27:54","slug":"prod_193052050144_sc92481","status":"publish","type":"product","link":"http:\/\/toystoys.md\/ru\/shop\/prod_193052050144_sc92481\/","title":{"rendered":"\u0418\u0433\u0440\u043e\u0432\u043e\u0439 \u043d\u0430\u0431\u043e\u0440 - Unicorn Squad, \u0421\u0435\u0440\u0438\u0438 7, 5 \u0421\u044e\u0440\u043f\u0440\u0438\u0437\u043e\u0432 ZURU INC"},"content":{"rendered":"<p>5 Surprise Unicorn Squad \u2014 \u0431\u043e\u043b\u044c\u0448\u0430\u044f \u043a\u043e\u043c\u043f\u0430\u043d\u0438\u044f \u0435\u0434\u0438\u043d\u043e\u0440\u043e\u0433\u043e\u0432. \u041e\u0442\u043a\u0440\u043e\u0439\u0442\u0435 \u0434\u043b\u044f \u0441\u0435\u0431\u044f \u0430\u0431\u0441\u043e\u043b\u044e\u0442\u043d\u043e \u043d\u043e\u0432\u044b\u0439 \u043e\u0442\u0440\u044f\u0434 \u2014 Magic Color Change!<br \/>\n\u0418\u0441\u043a\u0443\u043f\u0430\u0439\u0442\u0435 \u0441\u0432\u043e\u044e \u0432\u043e\u043b\u0448\u0435\u0431\u043d\u0443\u044e \u043b\u043e\u0448\u0430\u0434\u043a\u0443, \u0447\u0442\u043e\u0431\u044b \u0443\u0432\u0438\u0434\u0435\u0442\u044c, \u043a\u0430\u043a \u043e\u043d\u0430 \u043c\u0435\u043d\u044f\u0435\u0442 \u0446\u0432\u0435\u0442.<br \/>\n\u0412\u0441\u0435\u0433\u043e \u0432 \u043a\u043e\u043b\u043b\u0435\u043a\u0446\u0438\u0438 13 \u0435\u0434\u0438\u043d\u043e\u0440\u043e\u0433\u043e\u0432, \u043a\u0430\u0436\u0434\u044b\u0439 \u0438\u0437 \u043a\u043e\u0442\u043e\u0440\u044b\u0445 \u043e\u0431\u043b\u0430\u0434\u0430\u0435\u0442 \u0443\u043d\u0438\u043a\u0430\u043b\u044c\u043d\u044b\u043c \u0432\u043d\u0435\u0448\u043d\u0438\u043c \u0432\u0438\u0434\u043e\u043c \u0438 \u0438\u043c\u0435\u0435\u0442 \u0441\u0432\u043e\u0438 \u0437\u0430\u0431\u0430\u0432\u043d\u044b\u0435 \u0430\u043a\u0441\u0435\u0441\u0441\u0443\u0430\u0440\u044b. \u0420\u0430\u0441\u0447\u0435\u0448\u0438\u0442\u0435 \u0434\u043b\u0438\u043d\u043d\u0443\u044e \u0433\u0440\u0438\u0432\u0443, \u0434\u043e\u043f\u043e\u043b\u043d\u0438\u0442\u0435 \u043e\u0431\u0440\u0430\u0437 \u043b\u043e\u0448\u0430\u0434\u043a\u0438 \u043c\u043e\u0434\u043d\u044b\u043c\u0438 \u0430\u043a\u0441\u0435\u0441\u0441\u0443\u0430\u0440\u0430\u043c\u0438 \u0438 \u043f\u043e\u0438\u0433\u0440\u0430\u0439\u0442\u0435 \u0441\u043e \u0441\u043b\u0430\u0439\u043c\u043e\u043c.<br \/>\n\u0421\u043e\u0431\u0435\u0440\u0438\u0442\u0435 \u043a\u043e\u043b\u043b\u0435\u043a\u0446\u0438\u044e \u0438\u0437 13 \u0432\u043e\u043b\u0448\u0435\u0431\u043d\u044b\u0445 \u0435\u0434\u0438\u043d\u043e\u0440\u043e\u0433\u043e\u0432, \u043c\u0435\u043d\u044f\u044e\u0449\u0438\u0445 \u0446\u0432\u0435\u0442. \u0421\u043c\u043e\u0436\u0435\u0442\u0435 \u043b\u0438 \u0432\u044b \u043d\u0430\u0439\u0442\u0438 \u0441\u0432\u0435\u0440\u0445\u0440\u0435\u0434\u043a\u043e\u0433\u043e \u0441 \u0441\u0435\u0440\u0435\u0431\u0440\u044f\u043d\u044b\u043c \u0431\u043b\u0435\u0441\u043a\u043e\u043c \u0432 \u0432\u043e\u043b\u043e\u0441\u0430\u0445?<br \/>\n\u0421\u043e\u0437\u0434\u0430\u0439\u0442\u0435 \u0443\u043d\u0438\u043a\u0430\u043b\u044c\u043d\u044b\u0439 \u0441\u0442\u0438\u043b\u044c \u0434\u043b\u044f \u0441\u0432\u043e\u0435\u0433\u043e \u043e\u0442\u0440\u044f\u0434\u0430 \u0435\u0434\u0438\u043d\u043e\u0440\u043e\u0433\u043e\u0432. \u0423\u043a\u0440\u0430\u0441\u044c\u0442\u0435 \u043d\u043e\u0432\u043e\u0433\u043e \u0434\u0440\u0443\u0433\u0430 \u0430\u043a\u0441\u0435\u0441\u0441\u0443\u0430\u0440\u0430\u043c\u0438, \u0447\u0442\u043e\u0431\u044b \u043e\u043d \u0437\u0430\u0441\u0438\u044f\u043b.<br \/>\n\u0418\u0433\u0440\u0443\u0448\u043a\u0430 \u043f\u043e\u0434\u0430\u0440\u0438\u0442 \u0440\u0435\u0431\u0451\u043d\u043a\u0443 \u043e\u0449\u0443\u0449\u0435\u043d\u0438\u0435 \u0447\u0443\u0434\u0430 \u0438 \u043f\u0440\u0435\u0434\u0432\u043a\u0443\u0448\u0435\u043d\u0438\u0435, \u0430 \u043f\u043e\u043f\u0430\u0432\u0448\u0438\u0435\u0441\u044f \u0441\u044e\u0440\u043f\u0440\u0438\u0437\u044b \u0441\u0442\u0430\u043d\u0443\u0442 \u043e\u0442\u043b\u0438\u0447\u043d\u044b\u043c\u0438 \u0443\u0447\u0430\u0441\u0442\u043d\u0438\u043a\u0430\u043c\u0438 \u0438\u0433\u0440!<\/p>\n<p>\u0412 \u043a\u043e\u043c\u043f\u043b\u0435\u043a\u0442\u0435:<br \/>\n1 \u0435\u0434\u0438\u043d\u043e\u0440\u043e\u0433 Color Change Unicorn;<br \/>\n2 \u0430\u043a\u0441\u0435\u0441\u0441\u0443\u0430\u0440\u0430 \u0434\u043b\u044f \u0435\u0434\u0438\u043d\u043e\u0440\u043e\u0433\u0430;<br \/>\n1 \u0440\u0430\u0441\u0447\u0451\u0441\u043a\u0430 \u0435\u0434\u0438\u043d\u043e\u0440\u043e\u0433\u0430;<br \/>\n4 \u043c\u043e\u0434\u043d\u044b\u0445 \u0430\u043a\u0441\u0435\u0441\u0441\u0443\u0430\u0440\u0430 \u0435\u0434\u0438\u043d\u043e\u0440\u043e\u0433\u0430;<br \/>\n1 \u0440\u0443\u043a\u043e\u0432\u043e\u0434\u0441\u0442\u0432\u043e \u0434\u043b\u044f \u043a\u043e\u043b\u043b\u0435\u043a\u0446\u0438\u043e\u043d\u0435\u0440\u043e\u0432.<\/p>\n<p>\u0412\u043e\u0437\u0440\u0430\u0441\u0442: \u043e\u0442 3 \u043b\u0435\u0442.<\/p>","protected":false},"excerpt":{"rendered":"<p>5 Surprise Unicorn Squad este o companie mare de unicorni. Descoperi\u021bi o echip\u0103 complet nou\u0103 &#8211; Magic Color Change! F\u0103<\/p>","protected":false},"featured_media":177621,"comment_status":"closed","ping_status":"closed","template":"..\/public\/views\/revslider-page-template.php","meta":{"_monsterinsights_skip_tracking":false,"_monsterinsights_sitenote_active":false,"_monsterinsights_sitenote_note":"","_monsterinsights_sitenote_category":0},"product_brand":[],"product_cat":[1615,55,1137,35],"product_tag":[],"class_list":{"0":"post-177567","1":"product","2":"type-product","3":"status-publish","4":"has-post-thumbnail","6":"product_cat-personaje-figuri-si-seturi","7":"product_cat-toate-produsele","8":"product_cat-jucarii","9":"product_cat-roboti-si-figurine","11":"first","12":"instock","13":"shipping-taxable","14":"purchasable","15":"product-type-simple"},"_links":{"self":[{"href":"http:\/\/toystoys.md\/ru\/wp-json\/wp\/v2\/product\/177567","targetHints":{"allow":["GET"]}}],"collection":[{"href":"http:\/\/toystoys.md\/ru\/wp-json\/wp\/v2\/product"}],"about":[{"href":"http:\/\/toystoys.md\/ru\/wp-json\/wp\/v2\/types\/product"}],"replies":[{"embeddable":true,"href":"http:\/\/toystoys.md\/ru\/wp-json\/wp\/v2\/comments?post=177567"}],"wp:featuredmedia":[{"embeddable":true,"href":"http:\/\/toystoys.md\/ru\/wp-json\/wp\/v2\/media\/177621"}],"wp:attachment":[{"href":"http:\/\/toystoys.md\/ru\/wp-json\/wp\/v2\/media?parent=177567"}],"wp:term":[{"taxonomy":"product_brand","embeddable":true,"href":"http:\/\/toystoys.md\/ru\/wp-json\/wp\/v2\/product_brand?post=177567"},{"taxonomy":"product_cat","embeddable":true,"href":"http:\/\/toystoys.md\/ru\/wp-json\/wp\/v2\/product_cat?post=177567"},{"taxonomy":"product_tag","embeddable":true,"href":"http:\/\/toystoys.md\/ru\/wp-json\/wp\/v2\/product_tag?post=177567"}],"curies":[{"name":"wp","href":"https:\/\/api.w.org\/{rel}","templated":true}]}}