{"id":175923,"date":"2024-01-31T00:01:59","date_gmt":"2024-01-30T22:01:59","guid":{"rendered":""},"modified":"2024-02-01T00:17:45","modified_gmt":"2024-01-31T22:17:45","slug":"prod_5010993714391_sc64732","status":"publish","type":"product","link":"http:\/\/toystoys.md\/ru\/shop\/prod_5010993714391_sc64732\/","title":{"rendered":"\u0418\u043d\u0442\u0435\u0440\u0430\u043a\u0442\u0438\u0432\u043d\u0430\u044f \u0438\u0433\u0440\u0443\u0448\u043a\u0430 \u0421\u0430\u0431\u043b\u0435\u0437\u0443\u0431\u044b\u0439 \u0422\u0438\u0433\u0440 FRR Hasbro"},"content":{"rendered":"<p>\u0421\u0430\u0431\u043b\u0435\u0437\u0443\u0431\u044b\u0439 \u0442\u0438\u0433\u0440\u0435\u043d\u043e\u043a \u041d\u043e\u0440\u0442 - \u043e\u0447\u0430\u0440\u043e\u0432\u0430\u0442\u0435\u043b\u044c\u043d\u0430\u044f \u043a\u043e\u0448\u0435\u0447\u043a\u0430, \u043a\u043e\u0442\u043e\u0440\u0430\u044f \u043d\u0443\u0436\u0434\u0430\u0435\u0442\u0441\u044f \u0432 \u0442\u0432\u043e\u0435\u0439 \u0437\u0430\u0431\u043e\u0442\u0435 \u0438 \u043b\u044e\u0431\u0432\u0438. \u041e\u043d\u0430 \u043e\u0442\u043a\u043b\u0438\u043a\u0430\u0435\u0442\u0441\u044f \u043d\u0430 \u0442\u0432\u043e\u0438 \u043b\u0430\u0441\u043a\u0438 \u0438 \u0436\u0435\u0441\u0442\u044b \u0441\u0430\u043c\u044b\u043c \u043c\u0438\u043b\u044b\u043c \u043e\u0431\u0440\u0430\u0437\u043e\u043c. \u0412\u043e \u0432\u0440\u0435\u043c\u044f \u0432\u0430\u0448\u0435\u0439 \u043f\u0435\u0440\u0432\u043e\u0439 \u0432\u0441\u0442\u0440\u0435\u0447\u0438 \u043e\u043d\u0430 \u043f\u043e\u0432\u0435\u0434\u0435\u0442 \u0441\u0435\u0431\u044f \u0442\u0430\u043a, \u0441\u043b\u043e\u0432\u043d\u043e \u043f\u0440\u043e\u0432\u0435\u043b\u0430 \u0432\u043e \u043b\u044c\u0434\u0443 \u0441\u043e\u0442\u043d\u0438 \u043b\u0435\u0442! \u041e\u043d\u0430 \u0431\u0443\u0434\u0435\u0442 \u0434\u0440\u043e\u0436\u0430\u0442\u044c \u0438 \u0441\u0442\u0443\u0447\u0430\u0442\u044c \u043a\u0440\u043e\u0448\u0435\u0447\u043d\u044b\u043c\u0438 \u0437\u0443\u0431\u043a\u0430\u043c\u0438. \u041e\u0431\u043d\u0438\u043c\u0438 \u043c\u0430\u043b\u044b\u0448\u043a\u0443, \u043f\u043e\u0433\u043b\u0430\u0434\u044c \u0435\u0435 \u043f\u043e \u0433\u043e\u043b\u043e\u0432\u0435, \u0438 \u043e\u043d\u0430 \u0437\u0430\u0441\u0438\u044f\u0435\u0442 \u043e\u0442 \u0441\u0447\u0430\u0441\u0442\u044c\u044f \u2014 \u0442\u044b \u0443\u0432\u0438\u0434\u0438\u0448\u044c \u044d\u0442\u043e! \u0415\u0441\u043b\u0438 \u043a\u043e\u0448\u0435\u0447\u043a\u0430 \u0441\u043d\u043e\u0432\u0430 \u0437\u0430\u0434\u0440\u043e\u0436\u0438\u0442, \u043f\u043e\u0433\u043b\u0430\u0434\u044c \u0435\u0435 \u043f\u043e \u0433\u043e\u043b\u043e\u0432\u0435, \u043e\u0431\u043d\u0438\u043c\u0438, \u0438 \u0435\u0435 \u0441\u0435\u0440\u0434\u0435\u0447\u043a\u043e, \u043f\u043e\u043b\u043d\u043e\u0435 \u043b\u044e\u0431\u0432\u0438, \u0431\u0443\u0434\u0435\u0442 \u0441\u0438\u044f\u0442\u044c \u0434\u043b\u044f \u0442\u0435\u0431\u044f.<\/p>\n<p>&nbsp;<\/p>\n<p>\u0425\u0430\u0440\u0430\u043a\u0442\u0435\u0440\u0438\u0441\u0442\u0438\u043a\u0438:<br \/>\n- \u0421\u043f\u0430\u0441\u0438 \u0441\u0430\u0431\u043b\u0435\u0437\u0443\u0431\u0443\u044e \u043a\u043e\u0448\u0435\u0447\u043a\u0443 \u041d\u043e\u0440\u0442 \u043e\u0442 \u0445\u043e\u043b\u043e\u0434\u0430, \u0441\u043e\u0433\u0440\u0435\u0439 \u0435\u0435 \u0441\u0432\u043e\u0435\u0439 \u0437\u0430\u0431\u043e\u0442\u043e\u0439 \u0438 \u043b\u044e\u0431\u043e\u0432\u044c\u044e.<br \/>\n- \u041f\u0438\u0442\u043e\u043c\u0435\u0446 \u0437\u043d\u0430\u0435\u0442 \u0431\u043e\u043b\u0435\u0435 35 \u043a\u043e\u043c\u0431\u0438\u043d\u0430\u0446\u0438\u0439 \u0437\u0432\u0443\u043a\u043e\u0432 \u0438 \u0436\u0435\u0441\u0442\u043e\u0432: \u043e\u0442 \u0445\u043e\u043b\u043e\u0434\u0430 \u043a\u043e\u0448\u0435\u0447\u043a\u0430 \u0434-\u0434-\u0434-\u0434\u0440\u043e\u0436\u0438\u0442 \u0438 \u043a-\u043a-\u043a-\u043a\u043b\u0430\u0446\u0430\u0435\u0442 \u0437\u0443\u0431\u043a\u0430\u043c\u0438.<br \/>\n- \u041f\u043e\u0433\u043b\u0430\u0434\u044c \u043c\u0430\u043b\u044b\u0448\u043a\u0443 \u043f\u043e \u0433\u043e\u043b\u043e\u0432\u0435, \u0447\u0442\u043e\u0431\u044b \u0443\u0441\u043f\u043e\u043a\u043e\u0438\u0442\u044c, \u0438 \u0435\u0435 \u0441\u0435\u0440\u0434\u0435\u0447\u043a\u043e \u0437\u0430\u0441\u0432\u0435\u0442\u0438\u0442\u0441\u044f \u0441\u0447\u0430\u0441\u0442\u044c\u0435\u043c.<br \/>\n- \u0418\u0433\u0440\u0443\u0448\u043a\u0430-\u043f\u0438\u0442\u043e\u043c\u0435\u0446 \u043e\u0442 FurReal Friends \u0441\u0442\u0430\u043d\u0435\u0442 \u0437\u0430\u043c\u0435\u0447\u0430\u0442\u0435\u043b\u044c\u043d\u044b\u043c \u043f\u043e\u0434\u0430\u0440\u043a\u043e\u043c \u0434\u043b\u044f \u0440\u0435\u0431\u0435\u043d\u043a\u0430 \u043e\u0442 4-\u0445 \u043b\u0435\u0442.<br \/>\n- \u0414\u043b\u044f \u0440\u0430\u0431\u043e\u0442\u044b \u0442\u0440\u0435\u0431\u0443\u044e\u0442\u0441\u044f 3 \u0431\u0430\u0442\u0430\u0440\u0435\u0439\u043a\u0438 \u0442\u0438\u043f\u0430 \u0410\u0410 (\u043d\u0435 \u0432\u0445\u043e\u0434\u044f\u0442 \u0432 \u043a\u043e\u043c\u043f\u043b\u0435\u043a\u0442).<br \/>\n- \u0420\u0430\u0437\u043c\u0435\u0440\u044b: 27.9 \u0445 27.9 \u0445 13.3 \u0441\u043c.<\/p>","protected":false},"excerpt":{"rendered":"<p>Tigrul cu din\u021bi de sabie nord este o pisicu\u021b\u0103 adorabil\u0103 care are nevoie de \u00eengrijirea \u0219i dragostea ta. Ea r\u0103spunde<\/p>","protected":false},"featured_media":175932,"comment_status":"closed","ping_status":"closed","template":"..\/public\/views\/revslider-page-template.php","meta":{"_monsterinsights_skip_tracking":false,"_monsterinsights_sitenote_active":false,"_monsterinsights_sitenote_note":"","_monsterinsights_sitenote_category":0},"product_brand":[],"product_cat":[1551,1137,46,76,1558,55],"product_tag":[],"class_list":{"0":"post-175923","1":"product","2":"type-product","3":"status-publish","4":"has-post-thumbnail","6":"product_cat-animale","7":"product_cat-jucarii","8":"product_cat-jucarii-de-plus","9":"product_cat-jucarii-interactiv","10":"product_cat-plusuri-interactive","11":"product_cat-toate-produsele","13":"first","14":"instock","15":"shipping-taxable","16":"purchasable","17":"product-type-simple"},"_links":{"self":[{"href":"http:\/\/toystoys.md\/ru\/wp-json\/wp\/v2\/product\/175923","targetHints":{"allow":["GET"]}}],"collection":[{"href":"http:\/\/toystoys.md\/ru\/wp-json\/wp\/v2\/product"}],"about":[{"href":"http:\/\/toystoys.md\/ru\/wp-json\/wp\/v2\/types\/product"}],"replies":[{"embeddable":true,"href":"http:\/\/toystoys.md\/ru\/wp-json\/wp\/v2\/comments?post=175923"}],"wp:featuredmedia":[{"embeddable":true,"href":"http:\/\/toystoys.md\/ru\/wp-json\/wp\/v2\/media\/175932"}],"wp:attachment":[{"href":"http:\/\/toystoys.md\/ru\/wp-json\/wp\/v2\/media?parent=175923"}],"wp:term":[{"taxonomy":"product_brand","embeddable":true,"href":"http:\/\/toystoys.md\/ru\/wp-json\/wp\/v2\/product_brand?post=175923"},{"taxonomy":"product_cat","embeddable":true,"href":"http:\/\/toystoys.md\/ru\/wp-json\/wp\/v2\/product_cat?post=175923"},{"taxonomy":"product_tag","embeddable":true,"href":"http:\/\/toystoys.md\/ru\/wp-json\/wp\/v2\/product_tag?post=175923"}],"curies":[{"name":"wp","href":"https:\/\/api.w.org\/{rel}","templated":true}]}}