{"id":175874,"date":"2024-01-30T17:29:35","date_gmt":"2024-01-30T15:29:35","guid":{"rendered":""},"modified":"2024-01-31T18:15:31","modified_gmt":"2024-01-31T16:15:31","slug":"prod_5900511111132_sc92282","status":"publish","type":"product","link":"http:\/\/toystoys.md\/ru\/shop\/prod_5900511111132_sc92282\/","title":{"rendered":"\u041f\u0430\u0437\u043b \u0422\u0440\u043e\u043f\u0438\u0447\u0435\u0441\u043a\u0438\u0439 \u043e\u0441\u0442\u0440\u043e\u0432, 600 \u0434\u0435\u0442\u0430\u043b\u0435\u0439 Crazy Shapes Trefl"},"content":{"rendered":"<p>- \u0420\u0435\u043a\u043e\u043c\u0435\u043d\u0434\u0443\u0435\u043c\u044b\u0439 \u0432\u043e\u0437\u0440\u0430\u0441\u0442 : 10+<br \/>\n- \u0411\u0440\u0435\u043d\u0434 : Trefl<br \/>\n- \u041a\u043e\u043b\u0438\u0447\u0435\u0441\u0442\u0432\u043e \u0434\u0435\u0442\u0430\u043b\u0435\u0439 : 600<br \/>\n- \u0420\u0430\u0437\u043c\u0435\u0440 \u0443\u043f\u0430\u043a\u043e\u0432\u043a\u0438 : 400 x 270 x 60 \u043c\u043c<br \/>\n- \u041e\u0440\u0438\u0435\u043d\u0442\u0430\u0446\u0438\u044f \u043f\u0430\u0437\u043b\u0430 : \u0413\u043e\u0440\u0438\u0437\u043e\u043d\u0442\u0430\u043b\u044c\u043d\u0430\u044f<\/p>","protected":false},"excerpt":{"rendered":"<p>&#8211; V\u00e2rsta recomandat\u0103 : 10+ &#8211; Brand : Trefl &#8211; Num\u0103rul de piese : 600 &#8211; Dimensiuni cutie : 400<\/p>","protected":false},"featured_media":175892,"comment_status":"closed","ping_status":"closed","template":"..\/public\/views\/revslider-page-template.php","meta":{"_monsterinsights_skip_tracking":false,"_monsterinsights_sitenote_active":false,"_monsterinsights_sitenote_note":"","_monsterinsights_sitenote_category":0},"product_brand":[],"product_cat":[55,1137,43],"product_tag":[],"class_list":{"0":"post-175874","1":"product","2":"type-product","3":"status-publish","4":"has-post-thumbnail","6":"product_cat-toate-produsele","7":"product_cat-jucarii","8":"product_cat-puzzle-si-jocuri-de-masa","10":"first","11":"outofstock","12":"shipping-taxable","13":"purchasable","14":"product-type-simple"},"_links":{"self":[{"href":"http:\/\/toystoys.md\/ru\/wp-json\/wp\/v2\/product\/175874","targetHints":{"allow":["GET"]}}],"collection":[{"href":"http:\/\/toystoys.md\/ru\/wp-json\/wp\/v2\/product"}],"about":[{"href":"http:\/\/toystoys.md\/ru\/wp-json\/wp\/v2\/types\/product"}],"replies":[{"embeddable":true,"href":"http:\/\/toystoys.md\/ru\/wp-json\/wp\/v2\/comments?post=175874"}],"wp:featuredmedia":[{"embeddable":true,"href":"http:\/\/toystoys.md\/ru\/wp-json\/wp\/v2\/media\/175892"}],"wp:attachment":[{"href":"http:\/\/toystoys.md\/ru\/wp-json\/wp\/v2\/media?parent=175874"}],"wp:term":[{"taxonomy":"product_brand","embeddable":true,"href":"http:\/\/toystoys.md\/ru\/wp-json\/wp\/v2\/product_brand?post=175874"},{"taxonomy":"product_cat","embeddable":true,"href":"http:\/\/toystoys.md\/ru\/wp-json\/wp\/v2\/product_cat?post=175874"},{"taxonomy":"product_tag","embeddable":true,"href":"http:\/\/toystoys.md\/ru\/wp-json\/wp\/v2\/product_tag?post=175874"}],"curies":[{"name":"wp","href":"https:\/\/api.w.org\/{rel}","templated":true}]}}