{"id":175756,"date":"2024-01-30T15:29:37","date_gmt":"2024-01-30T13:29:37","guid":{"rendered":""},"modified":"2025-02-11T10:43:25","modified_gmt":"2025-02-11T08:43:25","slug":"prod_670983137736_sc92244","status":"publish","type":"product","link":"http:\/\/toystoys.md\/ru\/shop\/prod_670983137736_sc92244\/","title":{"rendered":"\u041f\u043b\u044e\u0448\u0435\u0432\u0430\u044f \u0438\u0433\u0440\u0443\u0448\u043a\u0430 \u0417\u0430\u0439\u0447\u0438\u043a - \u0448\u043e\u043a\u043e\u043b\u0430\u0434\u043d\u044b\u0439, 18\u0441\u043c JELLY CAT"},"content":{"rendered":"<p>\u0417\u0430\u0439\u0447\u0438\u043a Bashful Fudge Bunny \u0432\u044b\u0433\u043b\u044f\u0434\u0438\u0442 \u0434\u043e\u0441\u0442\u0430\u0442\u043e\u0447\u043d\u043e \u0441\u043b\u0430\u0434\u043a\u0438\u043c, \u0447\u0442\u043e\u0431\u044b \u0435\u0433\u043e \u043c\u043e\u0436\u043d\u043e \u0431\u044b\u043b\u043e \u0441\u044a\u0435\u0441\u0442\u044c \u043f\u0440\u044f\u043c\u043e \u0441\u0435\u0439\u0447\u0430\u0441! \u041d\u043e \u0433\u043e\u0440\u0430\u0437\u0434\u043e \u043b\u0443\u0447\u0448\u0435 \u043e\u0431\u043d\u044f\u0442\u044c \u0438 \u043f\u043e\u0434\u0435\u0440\u0436\u0430\u0442\u044c \u044d\u0442\u0443 \u0432\u043e\u0441\u0445\u0438\u0442\u0438\u0442\u0435\u043b\u044c\u043d\u0443\u044e \u043b\u043e\u043f\u043e\u0443\u0445\u0443\u044e \u043c\u0438\u043b\u0430\u0448\u043a\u0443. \u041c\u044f\u0433\u043a\u0438\u0439, \u043f\u0440\u0438\u044f\u0442\u043d\u044b\u0439 \u0438 \u043e\u0447\u0430\u0440\u043e\u0432\u0430\u0442\u0435\u043b\u044c\u043d\u044b\u0439, \u0441 \u043f\u0443\u0448\u0438\u0441\u0442\u044b\u043c \u0445\u0432\u043e\u0441\u0442\u043e\u043c \u0438 \u043a\u0440\u0435\u043f\u043a\u0438\u043c\u0438 \u043b\u0430\u043f\u043a\u0430\u043c\u0438!<\/p>\n<p>\u0420\u0430\u0437\u043c\u0435\u0440\u044b: 18\u0441\u043c<\/p>","protected":false},"excerpt":{"rendered":"<p>Iepura\u0219ul Bashful Fudge Bunny arat\u0103 destul de dulce pentru a fi m\u00e2ncat imediat! Dar este mult mai bine s\u0103 \u00eel<\/p>","protected":false},"featured_media":175782,"comment_status":"closed","ping_status":"closed","template":"..\/public\/views\/revslider-page-template.php","meta":{"_monsterinsights_skip_tracking":false,"_monsterinsights_sitenote_active":false,"_monsterinsights_sitenote_note":"","_monsterinsights_sitenote_category":0},"product_brand":[],"product_cat":[55,1137,46,1551],"product_tag":[],"class_list":{"0":"post-175756","1":"product","2":"type-product","3":"status-publish","4":"has-post-thumbnail","6":"product_cat-toate-produsele","7":"product_cat-jucarii","8":"product_cat-jucarii-de-plus","9":"product_cat-animale","11":"first","12":"outofstock","13":"shipping-taxable","14":"purchasable","15":"product-type-simple"},"_links":{"self":[{"href":"http:\/\/toystoys.md\/ru\/wp-json\/wp\/v2\/product\/175756","targetHints":{"allow":["GET"]}}],"collection":[{"href":"http:\/\/toystoys.md\/ru\/wp-json\/wp\/v2\/product"}],"about":[{"href":"http:\/\/toystoys.md\/ru\/wp-json\/wp\/v2\/types\/product"}],"replies":[{"embeddable":true,"href":"http:\/\/toystoys.md\/ru\/wp-json\/wp\/v2\/comments?post=175756"}],"wp:featuredmedia":[{"embeddable":true,"href":"http:\/\/toystoys.md\/ru\/wp-json\/wp\/v2\/media\/175782"}],"wp:attachment":[{"href":"http:\/\/toystoys.md\/ru\/wp-json\/wp\/v2\/media?parent=175756"}],"wp:term":[{"taxonomy":"product_brand","embeddable":true,"href":"http:\/\/toystoys.md\/ru\/wp-json\/wp\/v2\/product_brand?post=175756"},{"taxonomy":"product_cat","embeddable":true,"href":"http:\/\/toystoys.md\/ru\/wp-json\/wp\/v2\/product_cat?post=175756"},{"taxonomy":"product_tag","embeddable":true,"href":"http:\/\/toystoys.md\/ru\/wp-json\/wp\/v2\/product_tag?post=175756"}],"curies":[{"name":"wp","href":"https:\/\/api.w.org\/{rel}","templated":true}]}}