{"id":175307,"date":"2024-01-28T23:00:47","date_gmt":"2024-01-28T21:00:47","guid":{"rendered":""},"modified":"2024-01-29T23:41:44","modified_gmt":"2024-01-29T21:41:44","slug":"prod_778988248669_sc92182","status":"publish","type":"product","link":"http:\/\/toystoys.md\/ru\/shop\/prod_778988248669_sc92182\/","title":{"rendered":"\u0418\u043d\u0442\u0435\u0440\u0430\u043a\u0442\u0438\u0432\u043d\u0430\u044f \u0438\u0433\u0440\u0443\u0448\u043a\u0430 \u0414\u043e\u0431\u0431\u0438 HARRY POTTER SPIN MASTER"},"content":{"rendered":"<p>\u0421 \u0438\u043d\u0442\u0435\u0440\u0430\u043a\u0442\u0438\u0432\u043d\u044b\u043c \u0412\u043e\u043b\u0448\u0435\u0431\u043d\u044b\u043c \u0414\u043e\u0431\u0431\u0438 \u0432\u0430\u0441 \u0436\u0434\u0443\u0442 \u043f\u0440\u0438\u043a\u043b\u044e\u0447\u0435\u043d\u0438\u044f \u0412\u043e\u043b\u0448\u0435\u0431\u043d\u043e\u0433\u043e \u043c\u0438\u0440\u0430! \u041c\u043e\u043b\u043e\u0434\u044b\u0435 \u0432\u0435\u0434\u044c\u043c\u044b, \u0432\u043e\u043b\u0448\u0435\u0431\u043d\u0438\u043a\u0438 \u0438 \u043c\u0430\u0433\u0438 \u043c\u043e\u0433\u0443\u0442 \u0441\u043d\u043e\u0432\u0430 \u043f\u0435\u0440\u0435\u0436\u0438\u0442\u044c \u043c\u0430\u0433\u0438\u044e \u0413\u0430\u0440\u0440\u0438 \u041f\u043e\u0442\u0442\u0435\u0440\u0430 \u0441\u043e \u0441\u0432\u043e\u0438\u043c \u043b\u044e\u0431\u0438\u043c\u044b\u043c \u0434\u043e\u043c\u043e\u0432\u044b\u043c \u044d\u043b\u044c\u0444\u043e\u043c \u0414\u043e\u0431\u0431\u0438.<br \/>\n\u042d\u0442\u0430 \u0432\u043e\u043b\u0448\u0435\u0431\u043d\u0430\u044f \u0438\u043d\u0442\u0435\u0440\u0430\u043a\u0442\u0438\u0432\u043d\u0430\u044f \u0444\u0438\u0433\u0443\u0440\u043a\u0430 \u0414\u043e\u0431\u0431\u0438 \u0440\u0430\u0437\u043c\u0435\u0440\u043e\u043c 8,5 \u0434\u044e\u0439\u043c\u043e\u0432 (21,6 \u0441\u043c) \u043e\u0436\u0438\u0432\u0430\u0435\u0442 \u0431\u043b\u0430\u0433\u043e\u0434\u0430\u0440\u044f \u0431\u043e\u043b\u0435\u0435 \u0447\u0435\u043c 30 \u0437\u0432\u0443\u043a\u0430\u043c \u0438 \u0444\u0440\u0430\u0437\u0430\u043c, \u0430 \u0442\u0430\u043a\u0436\u0435 \u0430\u043d\u0438\u043c\u0438\u0440\u043e\u0432\u0430\u043d\u043d\u044b\u043c \u0434\u0432\u0438\u0436\u0435\u043d\u0438\u044f\u043c \u0435\u0433\u043e \u0433\u043b\u0430\u0437, \u0443\u0448\u0435\u0439, \u0433\u043e\u043b\u043e\u0432\u044b \u0438 \u0440\u0443\u043a! \u041e\u0447\u0430\u0440\u043e\u0432\u0430\u0442\u0435\u043b\u044c\u043d\u044b\u0439 \u0414\u043e\u0431\u0431\u0438 \u0440\u0435\u0430\u0433\u0438\u0440\u0443\u0435\u0442 \u043d\u0430 \u043f\u0440\u0438\u043a\u043e\u0441\u043d\u043e\u0432\u0435\u043d\u0438\u044f \u0441\u0432\u043e\u0438\u043c\u0438 \u0437\u0432\u0443\u043a\u0430\u043c\u0438 \u0438 \u0434\u0432\u0438\u0436\u0435\u043d\u0438\u044f\u043c\u0438. \u041f\u043e\u0436\u043c\u0438\u0442\u0435 \u0435\u043c\u0443 \u0440\u0443\u043a\u0443, \u0447\u0442\u043e\u0431\u044b \u0443\u0441\u043b\u044b\u0448\u0430\u0442\u044c \u0441\u0442\u0440\u043e\u043a\u0438 \u0438\u0437 \u0444\u0438\u043b\u044c\u043c\u043e\u0432. \u041a\u043e\u0433\u0434\u0430 \u043e\u043d \u043e\u0431\u0449\u0430\u0435\u0442\u0441\u044f \u0441 \u0432\u0430\u043c\u0438, \u043e\u043d \u0448\u0435\u0432\u0435\u043b\u0438\u0442 \u0443\u0448\u0430\u043c\u0438, \u043c\u043e\u0440\u0433\u0430\u0435\u0442 \u0438 \u0434\u0432\u0438\u0433\u0430\u0435\u0442 \u0433\u043b\u0430\u0437\u0430\u043c\u0438, \u043f\u043e\u0434\u043d\u0438\u043c\u0430\u0435\u0442 \u0440\u0443\u043a\u0438 \u0438 \u0434\u0432\u0438\u0433\u0430\u0435\u0442 \u0433\u043e\u043b\u043e\u0432\u043e\u0439! \u0414\u043b\u044f \u0435\u0449\u0435 \u0431\u043e\u043b\u0435\u0435 \u0432\u043e\u043b\u0448\u0435\u0431\u043d\u043e\u0439 \u0440\u0435\u0430\u043a\u0446\u0438\u0438 \u043f\u043e\u0434\u0430\u0440\u0438\u0442\u0435 \u0414\u043e\u0431\u0431\u0438 \u0435\u0433\u043e \u043b\u044e\u0431\u0438\u043c\u044b\u0439 \u043f\u0440\u0435\u0434\u043c\u0435\u0442 \u043e\u0434\u0435\u0436\u0434\u044b. \u0412\u043e\u0437\u044c\u043c\u0438\u0442\u0435 \u0432 \u0440\u0443\u043a\u0443 \u043f\u0440\u0438\u043b\u0430\u0433\u0430\u0435\u043c\u044b\u0439 \u043d\u043e\u0441\u043e\u043a, \u0438 \u0432\u044b \u0443\u0441\u043b\u044b\u0448\u0438\u0442\u0435 \u0435\u0449\u0435 \u0431\u043e\u043b\u044c\u0448\u0435 \u0432\u0435\u0441\u0435\u043b\u044b\u0445 \u0437\u0432\u0443\u043a\u043e\u0432 \u0438 \u0444\u0440\u0430\u0437! \u0412\u043e\u043b\u0448\u0435\u0431\u043d\u044b\u0439 \u0414\u043e\u0431\u0431\u0438 \u0441 \u0430\u0443\u0442\u0435\u043d\u0442\u0438\u0447\u043d\u044b\u043c\u0438 \u0434\u0435\u0442\u0430\u043b\u044f\u043c\u0438, \u0434\u0432\u0438\u0436\u0435\u043d\u0438\u044f\u043c\u0438, \u0437\u0432\u0443\u043a\u0430\u043c\u0438 \u0438 \u0444\u0440\u0430\u0437\u0430\u043c\u0438 \u0432\u0434\u043e\u0445\u043d\u043e\u0432\u0438\u0442 \u0432\u0430\u0448\u0435 \u0432\u043e\u043e\u0431\u0440\u0430\u0436\u0435\u043d\u0438\u0435 \u0441 \u043f\u043e\u043c\u043e\u0449\u044c\u044e \u0438\u043d\u0442\u0435\u0440\u0430\u043a\u0442\u0438\u0432\u043d\u043e\u0439 \u0440\u043e\u043b\u0435\u0432\u043e\u0439 \u0438\u0433\u0440\u044b.<br \/>\nMagical Dobby \u0440\u0430\u0437\u0433\u043e\u0432\u0430\u0440\u0438\u0432\u0430\u0435\u0442 \u043d\u0430 \u0430\u043d\u0433\u043b\u0438\u0439\u0441\u043a\u043e\u043c.<br \/>\n\u0420\u0430\u0441\u0448\u0438\u0440\u044c\u0442\u0435 \u0441\u0432\u043e\u044e \u043a\u043e\u043b\u043b\u0435\u043a\u0446\u0438\u044e Wizarding World \u0441 \u043f\u043e\u043c\u043e\u0449\u044c\u044e \u0438\u043d\u0442\u0435\u0440\u0430\u043a\u0442\u0438\u0432\u043d\u043e\u0433\u043e Magical Dobby!<\/p>\n<p>\u0412\u043e\u0437\u0440\u0430\u0441\u0442: \u043e\u0442 6 \u043b\u0435\u0442.<br \/>\n\u0412\u044b\u0441\u043e\u0442\u0430 \u0438\u0433\u0440\u0443\u0448\u043a\u0438: 21,6 \u0441\u043c.<br \/>\n\u041f\u0438\u0442\u0430\u043d\u0438\u0435: 4 \u0431\u0430\u0442\u0430\u0440\u0435\u0439\u043a\u0438 \u0442\u0438\u043f \u0410\u0410\u0410 (\u0432\u043a\u043b\u044e\u0447\u0435\u043d\u044b).<\/p>","protected":false},"excerpt":{"rendered":"<p>Aventurile Lumii Vr\u0103jitorilor v\u0103 a\u0219teapt\u0103 cu Magical Dobby interactiv! Tinerii vr\u0103jitoare, vr\u0103jitori \u0219i vr\u0103jitori pot retr\u0103i magia lui Harry Potter<\/p>","protected":false},"featured_media":175349,"comment_status":"closed","ping_status":"closed","template":"..\/public\/views\/revslider-page-template.php","meta":{"_monsterinsights_skip_tracking":false,"_monsterinsights_sitenote_active":false,"_monsterinsights_sitenote_note":"","_monsterinsights_sitenote_category":0},"product_brand":[],"product_cat":[55,1137,76,1039,1095],"product_tag":[],"class_list":{"0":"post-175307","1":"product","2":"type-product","3":"status-publish","4":"has-post-thumbnail","6":"product_cat-toate-produsele","7":"product_cat-jucarii","8":"product_cat-jucarii-interactiv","9":"product_cat-eroii","10":"product_cat-harry-potter","12":"first","13":"instock","14":"shipping-taxable","15":"purchasable","16":"product-type-simple"},"_links":{"self":[{"href":"http:\/\/toystoys.md\/ru\/wp-json\/wp\/v2\/product\/175307","targetHints":{"allow":["GET"]}}],"collection":[{"href":"http:\/\/toystoys.md\/ru\/wp-json\/wp\/v2\/product"}],"about":[{"href":"http:\/\/toystoys.md\/ru\/wp-json\/wp\/v2\/types\/product"}],"replies":[{"embeddable":true,"href":"http:\/\/toystoys.md\/ru\/wp-json\/wp\/v2\/comments?post=175307"}],"wp:featuredmedia":[{"embeddable":true,"href":"http:\/\/toystoys.md\/ru\/wp-json\/wp\/v2\/media\/175349"}],"wp:attachment":[{"href":"http:\/\/toystoys.md\/ru\/wp-json\/wp\/v2\/media?parent=175307"}],"wp:term":[{"taxonomy":"product_brand","embeddable":true,"href":"http:\/\/toystoys.md\/ru\/wp-json\/wp\/v2\/product_brand?post=175307"},{"taxonomy":"product_cat","embeddable":true,"href":"http:\/\/toystoys.md\/ru\/wp-json\/wp\/v2\/product_cat?post=175307"},{"taxonomy":"product_tag","embeddable":true,"href":"http:\/\/toystoys.md\/ru\/wp-json\/wp\/v2\/product_tag?post=175307"}],"curies":[{"name":"wp","href":"https:\/\/api.w.org\/{rel}","templated":true}]}}