{"id":175285,"date":"2024-01-29T22:59:37","date_gmt":"2024-01-29T22:59:37","guid":{"rendered":""},"modified":"2025-05-28T14:46:45","modified_gmt":"2025-05-28T12:46:45","slug":"prod_4891813803393_sc92165","status":"publish","type":"product","link":"http:\/\/toystoys.md\/ru\/shop\/prod_4891813803393_sc92165\/","title":{"rendered":"\u0418\u0433\u0440\u043e\u0432\u043e\u0439 \u043d\u0430\u0431\u043e\u0440 Astropod deluxe pack \u0432 \u0430\u0441\u0441\u043e\u0440\u0442\u0438\u043c\u0435\u043d\u0442\u0435 SILVERLIT"},"content":{"rendered":"<p>\u041f\u0440\u0438\u0433\u043e\u0442\u043e\u0432\u044c\u0442\u0435\u0441\u044c \u043a \u043d\u0435\u0437\u0430\u0431\u044b\u0432\u0430\u0435\u043c\u043e\u043c\u0443 \u043a\u043e\u0441\u043c\u0438\u0447\u0435\u0441\u043a\u043e\u043c\u0443 \u043f\u0440\u0438\u043a\u043b\u044e\u0447\u0435\u043d\u0438\u044e \u0441 \u043d\u0430\u0431\u043e\u0440\u043e\u043c Ultimate Mission! \u0412 \u044d\u0442\u043e\u0442 \u043f\u0430\u043a\u0435\u0442 \u0432\u0445\u043e\u0434\u044f\u0442 \u0434\u0432\u0435 \u0440\u0430\u0437\u043d\u044b\u0435 \u043c\u0438\u0441\u0441\u0438\u0438, \u043a\u043e\u0442\u043e\u0440\u044b\u0435 \u0431\u0443\u0434\u0443\u0442 \u0440\u0430\u0437\u0432\u043b\u0435\u043a\u0430\u0442\u044c \u0432\u0430\u0441 \u0447\u0430\u0441\u0430\u043c\u0438.<\/p>\n<p>\u041f\u0435\u0440\u0432\u0430\u044f \u043c\u0438\u0441\u0441\u0438\u044f \u2014 \u00ab\u0417\u0430\u043f\u0443\u0441\u043a \u0440\u0430\u043a\u0435\u0442\u044b\u00bb, \u0432\u043a\u043b\u044e\u0447\u0430\u044e\u0449\u0430\u044f \u0432 \u0441\u0435\u0431\u044f \u0440\u0430\u043a\u0435\u0442\u0443 \u0441 \u0440\u0435\u0430\u043b\u0438\u0441\u0442\u0438\u0447\u043d\u044b\u043c\u0438 \u0441\u0432\u0435\u0442\u043e\u0432\u044b\u043c\u0438 \u0438 \u0437\u0432\u0443\u043a\u043e\u0432\u044b\u043c\u0438 \u044d\u0444\u0444\u0435\u043a\u0442\u0430\u043c\u0438. \u041d\u0430\u043f\u043e\u043b\u043d\u0438\u0442\u0435 \u0440\u0435\u0437\u0435\u0440\u0432\u0443\u0430\u0440 \u0434\u043b\u044f \u0432\u043e\u0434\u044b, \u0447\u0442\u043e\u0431\u044b \u0441\u043e\u0437\u0434\u0430\u0442\u044c \u043d\u0430\u0441\u0442\u043e\u044f\u0449\u0438\u0439 \u044d\u0444\u0444\u0435\u043a\u0442 \u0442\u0443\u043c\u0430\u043d\u0430, \u0438 \u043f\u0440\u0438\u0433\u043e\u0442\u043e\u0432\u044c\u0442\u0435\u0441\u044c \u043a \u0432\u0437\u043b\u0435\u0442\u0443! 3\u20262\u20261\u2026 \u0432\u0437\u043b\u0435\u0442\u0430\u0439 \u0432 \u043a\u043e\u0441\u043c\u043e\u0441!<\/p>\n<p>- \u041d\u0430\u0441\u0442\u043e\u044f\u0449\u0438\u0439 \u043f\u0430\u0440\u043e\u0432\u043e\u0439 \u0437\u0430\u043f\u0443\u0441\u043a: \u043d\u0430\u043f\u043e\u043b\u043d\u0438\u0442\u0435 \u0440\u0435\u0437\u0435\u0440\u0432\u0443\u0430\u0440 \u0434\u043b\u044f \u0432\u043e\u0434\u044b, \u0447\u0442\u043e\u0431\u044b \u0441\u043e\u0437\u0434\u0430\u0442\u044c \u043d\u0430\u0441\u0442\u043e\u044f\u0449\u0438\u0439 \u044d\u0444\u0444\u0435\u043a\u0442 \u0442\u0443\u043c\u0430\u043d\u0430 \u0432\u043e \u0432\u0440\u0435\u043c\u044f \u0437\u0430\u043f\u0443\u0441\u043a\u0430.<br \/>\n- \u0421\u0432\u0435\u0442\u043e\u0434\u0438\u043e\u0434\u043d\u044b\u0435 \u0444\u043e\u043d\u0430\u0440\u0438: \u043e\u0441\u0432\u0435\u0449\u0430\u0439\u0442\u0435 \u0440\u0430\u043a\u0435\u0442\u0443 \u0432\u0441\u0442\u0440\u043e\u0435\u043d\u043d\u044b\u043c\u0438 \u0441\u0432\u0435\u0442\u043e\u0434\u0438\u043e\u0434\u043d\u044b\u043c\u0438 \u043b\u0430\u043c\u043f\u0430\u043c\u0438 \u0434\u043b\u044f \u0443\u043b\u0443\u0447\u0448\u0435\u043d\u0438\u044f \u0432\u0438\u0437\u0443\u0430\u043b\u044c\u043d\u044b\u0445 \u044d\u0444\u0444\u0435\u043a\u0442\u043e\u0432.<br \/>\n- \u0417\u0432\u0443\u043a\u043e\u0432\u044b\u0435 \u044d\u0444\u0444\u0435\u043a\u0442\u044b: \u043e\u0449\u0443\u0442\u0438\u0442\u0435 \u0440\u0435\u0430\u043b\u0438\u0441\u0442\u0438\u0447\u043d\u044b\u0435 \u0437\u0432\u0443\u043a\u043e\u0432\u044b\u0435 \u044d\u0444\u0444\u0435\u043a\u0442\u044b \u0432\u043e \u0432\u0440\u0435\u043c\u044f \u0437\u0430\u043f\u0443\u0441\u043a\u0430 \u0434\u043b\u044f \u043f\u043e\u043b\u043d\u043e\u0433\u043e \u043f\u043e\u0433\u0440\u0443\u0436\u0435\u043d\u0438\u044f.<br \/>\n- \u0420\u0430\u0431\u043e\u0442\u0430\u0435\u0442 \u043e\u0442 \u0431\u0430\u0442\u0430\u0440\u0435\u0438: \u043d\u0435\u0442 \u043d\u0435\u043e\u0431\u0445\u043e\u0434\u0438\u043c\u043e\u0441\u0442\u0438 \u0432 \u0448\u043d\u0443\u0440\u0430\u0445 \u0438\u043b\u0438 \u0432\u0438\u043b\u043a\u0430\u0445 \u2013 \u043f\u0438\u0442\u0430\u043d\u0438\u0435 \u043e\u0442 \u0431\u0430\u0442\u0430\u0440\u0435\u0439 \u0443\u043f\u0440\u043e\u0449\u0430\u0435\u0442 \u0438\u0441\u043f\u043e\u043b\u044c\u0437\u043e\u0432\u0430\u043d\u0438\u0435.<br \/>\n- \u041a\u043e\u043b\u043b\u0435\u043a\u0446\u0438\u043e\u043d\u043d\u0430\u044f \u043a\u0430\u0440\u0442\u043e\u0447\u043a\u0430 \u0434\u043e\u0441\u0442\u0438\u0436\u0435\u043d\u0438\u0439. \u041e\u0442\u043f\u0440\u0430\u0437\u0434\u043d\u0443\u0439\u0442\u0435 \u0441\u0432\u043e\u0439 \u0443\u0441\u043f\u0435\u0445 \u0441\u043f\u0435\u0446\u0438\u0430\u043b\u044c\u043d\u043e\u0439 \u043a\u043e\u043b\u043b\u0435\u043a\u0446\u0438\u043e\u043d\u043d\u043e\u0439 \u043a\u0430\u0440\u0442\u043e\u0447\u043a\u043e\u0439, \u043e\u0442\u043c\u0435\u0447\u0430\u044e\u0449\u0435\u0439 \u0432\u0430\u0448\u0438 \u0434\u043e\u0441\u0442\u0438\u0436\u0435\u043d\u0438\u044f.<br \/>\n- \u0424\u0438\u0433\u0443\u0440\u043a\u0430 \u0430\u0441\u0442\u0440\u043e\u043d\u0430\u0432\u0442\u0430: \u0443\u043b\u0443\u0447\u0448\u0438\u0442\u0435 \u0441\u0432\u043e\u044e \u043a\u043e\u0441\u043c\u0438\u0447\u0435\u0441\u043a\u0443\u044e \u043c\u0438\u0441\u0441\u0438\u044e \u0441 \u043f\u043e\u043c\u043e\u0449\u044c\u044e \u043f\u0440\u0438\u043b\u0430\u0433\u0430\u0435\u043c\u043e\u0439 \u0444\u0438\u0433\u0443\u0440\u043a\u0438 \u043a\u043e\u0441\u043c\u043e\u043d\u0430\u0432\u0442\u0430.<br \/>\n- \u0411\u0440\u043e\u0448\u044e\u0440\u0430 \u0441 \u0438\u043d\u0442\u0435\u0440\u0435\u0441\u043d\u044b\u043c\u0438 \u0444\u0430\u043a\u0442\u0430\u043c\u0438: \u0443\u0437\u043d\u0430\u0439\u0442\u0435 \u0447\u0442\u043e-\u0442\u043e \u043d\u043e\u0432\u043e\u0435 \u0441 \u043f\u043e\u043c\u043e\u0449\u044c\u044e \u0431\u0440\u043e\u0448\u044e\u0440\u044b, \u043d\u0430\u043f\u043e\u043b\u043d\u0435\u043d\u043d\u043e\u0439 \u0438\u043d\u0442\u0435\u0440\u0435\u0441\u043d\u044b\u043c\u0438 \u0444\u0430\u043a\u0442\u0430\u043c\u0438, \u0441\u0432\u044f\u0437\u0430\u043d\u043d\u044b\u043c\u0438 \u0441 \u043a\u043e\u0441\u043c\u0438\u0447\u0435\u0441\u043a\u043e\u0439 \u043c\u0438\u0441\u0441\u0438\u0435\u0439.<\/p>\n<p>\u0412\u0442\u043e\u0440\u0430\u044f \u043c\u0438\u0441\u0441\u0438\u044f \u043d\u0430\u0431\u043e\u0440\u0430 Ultimate \u2014 \u044d\u0442\u043e \u043c\u0438\u0441\u0441\u0438\u044f \u00ab\u041c\u0435\u0442\u0430\u043b\u043b\u043e\u0438\u0441\u043a\u0430\u0442\u0435\u043b\u044c\u00bb. \u0418\u0441\u043f\u043e\u043b\u044c\u0437\u0443\u044f \u0431\u043e\u043b\u0435\u0435 18 \u0434\u0435\u0442\u0430\u043b\u0435\u0439, \u0432\u044b \u043c\u043e\u0436\u0435\u0442\u0435 \u0441\u0434\u0435\u043b\u0430\u0442\u044c \u043c\u0435\u0442\u0430\u043b\u043b\u043e\u0438\u0441\u043a\u0430\u0442\u0435\u043b\u044c \u0441\u0432\u043e\u0438\u043c\u0438 \u0440\u0443\u043a\u0430\u043c\u0438 \u0438 \u0441\u043e\u0435\u0434\u0438\u043d\u0438\u0442\u044c \u043f\u0440\u043e\u0432\u043e\u0434\u0430, \u0447\u0442\u043e\u0431\u044b \u0441\u043e\u0437\u0434\u0430\u0442\u044c \u043d\u0430\u0441\u0442\u043e\u044f\u0449\u0438\u0439 \u043c\u0435\u0442\u0430\u043b\u043b\u043e\u0438\u0441\u043a\u0430\u0442\u0435\u043b\u044c. \u041f\u0440\u0438 \u043e\u0431\u043d\u0430\u0440\u0443\u0436\u0435\u043d\u0438\u0438 \u043c\u0435\u0442\u0430\u043b\u043b\u0430 \u043c\u0430\u0448\u0438\u043d\u0430 \u0438\u0437\u0434\u0430\u0435\u0442 \u0437\u0432\u0443\u043a\u043e\u0432\u043e\u0439 \u0441\u0438\u0433\u043d\u0430\u043b \u0438 \u0432\u043a\u043b\u044e\u0447\u0430\u0435\u0442 \u0441\u0432\u0435\u0442\u043e\u0432\u044b\u0435 \u0438\u043d\u0434\u0438\u043a\u0430\u0442\u043e\u0440\u044b. \u0418\u0441\u0441\u043b\u0435\u0434\u0443\u0439\u0442\u0435 \u043e\u043a\u0440\u0435\u0441\u0442\u043d\u043e\u0441\u0442\u0438 \u0438 \u043d\u0430\u0445\u043e\u0434\u0438\u0442\u0435 \u0441\u043f\u0440\u044f\u0442\u0430\u043d\u043d\u044b\u0435 \u0441\u043e\u043a\u0440\u043e\u0432\u0438\u0449\u0430 \u0441 \u043f\u043e\u043c\u043e\u0449\u044c\u044e \u044d\u0442\u043e\u0439 \u0432\u0435\u0441\u0435\u043b\u043e\u0439 \u0438 \u0440\u0430\u0437\u0432\u0438\u0432\u0430\u044e\u0449\u0435\u0439 \u0438\u0433\u0440\u0443\u0448\u043a\u0438.<\/p>\n<p>\u0412\u043e\u0437\u0440\u0430\u0441\u0442: \u043e\u0442 6 \u043b\u0435\u0442.<br \/>\n\u0420\u0430\u0437\u043c\u0435\u0440: 6\u044545\u044519 \u0441\u043c.<br \/>\n\u041f\u0438\u0442\u0430\u043d\u0438\u0435: \u043e\u0442 2 \u0431\u0430\u0442\u0430\u0440\u0435\u0435\u043a \u0442\u0438\u043f AAA\/LR3 (\u043d\u0435 \u0432\u043a\u043b\u044e\u0447\u0435\u043d\u044b).<br \/>\n\u041c\u0430\u0442\u0435\u0440\u0438\u0430\u043b: \u043f\u043b\u0430\u0441\u0442\u0438\u043a.<\/p>","protected":false},"excerpt":{"rendered":"<p>Preg\u0103te\u0219te-te pentru o aventur\u0103 spa\u021bial\u0103 de neuitat cu pachetul Ultimate Mission! Acest pachet include dou\u0103 misiuni diferite care v\u0103 vor<\/p>","protected":false},"featured_media":175501,"comment_status":"closed","ping_status":"closed","template":"..\/public\/views\/revslider-page-template.php","meta":{"_monsterinsights_skip_tracking":false,"_monsterinsights_sitenote_active":false,"_monsterinsights_sitenote_note":"","_monsterinsights_sitenote_category":0},"product_brand":[],"product_cat":[55,1137,49,1112,44,1128,35,1517],"product_tag":[],"class_list":{"0":"post-175285","1":"product","2":"type-product","3":"status-publish","4":"has-post-thumbnail","6":"product_cat-toate-produsele","7":"product_cat-jucarii","8":"product_cat-transport","9":"product_cat-avioane-elicoptere-drone-cosmos","10":"product_cat-jucarii-educative","11":"product_cat-stiinta-si-tehnica","12":"product_cat-roboti-si-figurine","13":"product_cat-oameni","15":"first","16":"instock","17":"shipping-taxable","18":"purchasable","19":"product-type-simple"},"_links":{"self":[{"href":"http:\/\/toystoys.md\/ru\/wp-json\/wp\/v2\/product\/175285","targetHints":{"allow":["GET"]}}],"collection":[{"href":"http:\/\/toystoys.md\/ru\/wp-json\/wp\/v2\/product"}],"about":[{"href":"http:\/\/toystoys.md\/ru\/wp-json\/wp\/v2\/types\/product"}],"replies":[{"embeddable":true,"href":"http:\/\/toystoys.md\/ru\/wp-json\/wp\/v2\/comments?post=175285"}],"wp:featuredmedia":[{"embeddable":true,"href":"http:\/\/toystoys.md\/ru\/wp-json\/wp\/v2\/media\/175501"}],"wp:attachment":[{"href":"http:\/\/toystoys.md\/ru\/wp-json\/wp\/v2\/media?parent=175285"}],"wp:term":[{"taxonomy":"product_brand","embeddable":true,"href":"http:\/\/toystoys.md\/ru\/wp-json\/wp\/v2\/product_brand?post=175285"},{"taxonomy":"product_cat","embeddable":true,"href":"http:\/\/toystoys.md\/ru\/wp-json\/wp\/v2\/product_cat?post=175285"},{"taxonomy":"product_tag","embeddable":true,"href":"http:\/\/toystoys.md\/ru\/wp-json\/wp\/v2\/product_tag?post=175285"}],"curies":[{"name":"wp","href":"https:\/\/api.w.org\/{rel}","templated":true}]}}