{"id":175137,"date":"2024-01-28T01:00:17","date_gmt":"2024-01-27T23:00:17","guid":{"rendered":""},"modified":"2024-01-29T01:18:01","modified_gmt":"2024-01-28T23:18:01","slug":"prod_778988409855_sc92161","status":"publish","type":"product","link":"http:\/\/toystoys.md\/ru\/shop\/prod_778988409855_sc92161\/","title":{"rendered":"\u0418\u0433\u0440\u0430 \u041a\u0443\u0431\u0438\u043a-\u0420\u0443\u0431\u0438\u043a \u0421\u043a\u043e\u0440\u043e\u0441\u0442\u043d\u043e\u0439 SPINMASTER"},"content":{"rendered":"<p>\u0413\u043e\u043b\u043e\u0432\u043e\u043b\u043e\u043c\u043a\u0430 \u041a\u0443\u0431\u0438\u043a-\u0420\u0443\u0431\u0438\u043a\u0430 \"\u0421\u043a\u043e\u0440\u043e\u0441\u0442\u043d\u043e\u0439\" - \u044d\u0442\u043e \u043e\u0440\u0438\u0433\u0438\u043d\u0430\u043b\u044c\u043d\u0430\u044f \u0437\u0430\u043d\u0438\u043c\u0430\u0442\u0435\u043b\u044c\u043d\u0430\u044f \u0438\u0433\u0440\u0443\u0448\u043a\u0430-\u0433\u043e\u043b\u043e\u0432\u043e\u043b\u043e\u043c\u043a\u0430, \u043a\u043e\u0442\u043e\u0440\u0430\u044f \u043d\u0435 \u043f\u043e\u0437\u0432\u043e\u043b\u0438\u0442 \u0412\u0430\u043c \u0441\u043a\u0443\u0447\u0430\u0442\u044c!<\/p>\n<p>\u041e\u0441\u043e\u0431\u0435\u043d\u043d\u043e\u0441\u0442\u0438 \u043c\u0435\u0445\u0430\u043d\u0438\u0447\u0435\u0441\u043a\u043e\u0439 \u0433\u043e\u043b\u043e\u0432\u043e\u043b\u043e\u043c\u043a\u0438:<br \/>\n\u0412\u043d\u0443\u0442\u0440\u0438 \u043a\u0443\u0431\u0438\u043a\u0430 \u0420\u0443\u0431\u0438\u043a\u0430 \u043d\u0430\u0445\u043e\u0434\u0438\u0442\u0441\u044f \u0443\u0441\u043a\u043e\u0440\u0435\u043d\u043d\u044b\u0439 \u043c\u0435\u0445\u0430\u043d\u0438\u0437\u043c, \u043a\u043e\u0442\u043e\u0440\u044b\u0439 \u043f\u043e\u0437\u0432\u043e\u043b\u044f\u0435\u0442 \u0441\u043e\u0431\u0440\u0430\u0442\u044c \u0435\u0433\u043e \u043c\u0430\u043a\u0441\u0438\u043c\u0430\u043b\u044c\u043d\u043e \u0431\u044b\u0441\u0442\u0440\u043e. \u0421\u043e\u0440\u0435\u0432\u043d\u0443\u0439\u0442\u0435\u0441\u044c \u0434\u0440\u0443\u0433 \u0441 \u0434\u0440\u0443\u0433\u043e\u043c \u043d\u0430 \u0441\u043a\u043e\u0440\u043e\u0441\u0442\u044c \u0441\u043e\u0431\u0438\u0440\u0430\u043d\u0438\u044f \u043a\u0443\u0431\u0438\u043a\u0430. \u0423\u043b\u0443\u0447\u0448\u0430\u0439\u0442\u0435 \u0441\u0432\u043e\u0439 \u0441\u043e\u0431\u0441\u0442\u0432\u0435\u043d\u043d\u044b\u0439 \u0440\u0435\u043a\u043e\u0440\u0434 \u0438 \u043f\u043e\u0431\u0435\u0436\u0434\u0430\u0439\u0442\u0435!<br \/>\n\u0418\u0433\u0440\u0443\u0448\u043a\u0430 3x3 \u043f\u043e\u043c\u043e\u0436\u0435\u0442 \u0440\u0430\u0437\u0432\u0438\u0442\u044c \u0443\u0441\u0438\u0434\u0447\u0438\u0432\u043e\u0441\u0442\u044c \u0438 \u0432\u043d\u0438\u043c\u0430\u0442\u0435\u043b\u044c\u043d\u043e\u0441\u0442\u044c \u043a \u0434\u0435\u0442\u0430\u043b\u044f\u043c<br \/>\n\u041a\u0443\u0431\u0438\u043a Rubik`s - \u044d\u0442\u043e \u0443\u043d\u0438\u043a\u0430\u043b\u044c\u043d\u0430\u044f \u0438 \u043e\u0440\u0438\u0433\u0438\u043d\u0430\u043b\u044c\u043d\u0430\u044f \u0438\u0433\u0440\u0443\u0448\u043a\u0430, \u043a\u043e\u0442\u043e\u0440\u0430\u044f \u043d\u0435 \u043f\u0435\u0440\u0435\u0441\u0442\u0430\u0435\u0442 \u0437\u0430\u043d\u0438\u043c\u0430\u0442\u044c \u0433\u043e\u043b\u043e\u0432\u044b \u0440\u043e\u0434\u0438\u0442\u0435\u043b\u0435\u0439 \u0438 \u0434\u0435\u0442\u0435\u0439 \u0432\u043e \u0432\u0441\u0435\u043c \u043c\u0438\u0440\u0435 \u0432\u043e\u0442 \u0443\u0436\u0435 \u043d\u0435\u0441\u043a\u043e\u043b\u044c\u043a\u043e \u0434\u0435\u0441\u044f\u0442\u043a\u043e\u0432 \u043b\u0435\u0442!<br \/>\n\u042d\u0442\u0430 \u0438\u0433\u0440\u0443\u0448\u043a\u0430 - \u043a\u043b\u0430\u0441\u0441\u0438\u0447\u0435\u0441\u043a\u0438\u0439 \u043f\u0440\u0438\u043c\u0435\u0440 \u0441\u043e\u0435\u0434\u0438\u043d\u0435\u043d\u0438\u044f \u0443\u0432\u043b\u0435\u043a\u0430\u0442\u0435\u043b\u044c\u043d\u043e\u0439 \u0438\u0433\u0440\u044b \u0438 \u0438\u043d\u0442\u0435\u043b\u043b\u0435\u043a\u0442\u0443\u0430\u043b\u044c\u043d\u043e\u0433\u043e \u0440\u0430\u0437\u0432\u0438\u0442\u0438\u044f!<br \/>\n\u0423\u043b\u0443\u0447\u0448\u0435\u043d\u043d\u044b\u0439 \u043c\u0435\u0445\u0430\u043d\u0438\u0437\u043c \u043a\u0443\u0431\u0438\u043a\u0430 \u0420\u0443\u0431\u0438\u043a\u0430 \u043e\u0431\u0435\u0441\u043f\u0435\u0447\u0438\u0432\u0430\u0435\u0442 \u043f\u043b\u0430\u0432\u043d\u043e\u0435 \u0438 \u043c\u044f\u0433\u043a\u043e\u0435 \u0432\u0440\u0430\u0449\u0435\u043d\u0438\u0435.<br \/>\n\u041d\u0430 \u0432\u0441\u0435\u0445 \u0441\u0442\u043e\u0440\u043e\u043d\u0430\u0445 \u043a\u0443\u0431\u0438\u043a\u0430 \u0420\u0443\u0431\u0438\u043a\u0430 \u0438\u0441\u043f\u043e\u043b\u044c\u0437\u0443\u044e\u0442\u0441\u044f \u0446\u0432\u0435\u0442\u043d\u044b\u0435 \u043f\u043b\u0430\u0441\u0442\u0438\u043a\u043e\u0432\u044b\u0435 \u0432\u0441\u0442\u0430\u0432\u043a\u0438, \u0447\u0442\u043e \u0433\u0430\u0440\u0430\u043d\u0442\u0438\u0440\u0443\u0435\u0442 \u0434\u043e\u043b\u0433\u043e\u0432\u0435\u0447\u043d\u043e\u0441\u0442\u044c \u0438 \u0432\u0441\u0435\u0433\u0434\u0430 \u043e\u0442\u043b\u0438\u0447\u043d\u044b\u0439 \u0432\u043d\u0435\u0448\u043d\u0438\u0439 \u0432\u0438\u0434.<br \/>\n\u0428\u0430\u0440\u043d\u0438\u0440\u043d\u044b\u0439 \u043c\u0435\u0445\u0430\u043d\u0438\u0437\u043c \u043f\u043e\u0437\u0432\u043e\u043b\u0438\u0442 \u043e\u0431\u043b\u0435\u0433\u0447\u0438\u0442\u044c \u0432\u0440\u0430\u0449\u0435\u043d\u0438\u0435 \u0438 \u043f\u0435\u0440\u0435\u0434\u0432\u0438\u0436\u0435\u043d\u0438\u0435 \u0434\u0435\u0442\u0430\u043b\u0435\u0439.<br \/>\n\u0418\u0433\u0440\u0430 \u0441 \u0433\u043e\u043b\u043e\u0432\u043e\u043b\u043e\u043c\u043a\u043e\u0439 \u0440\u0430\u0437\u0432\u0438\u0432\u0430\u0435\u0442 \u043a\u043e\u043d\u0446\u0435\u043d\u0442\u0440\u0430\u0446\u0438\u044e \u0432\u043d\u0438\u043c\u0430\u043d\u0438\u044f, \u043c\u0435\u043b\u043a\u0443\u044e \u043c\u043e\u0442\u043e\u0440\u0438\u043a\u0443, \u043f\u0430\u043c\u044f\u0442\u044c \u0438 \u043b\u043e\u0433\u0438\u043a\u0443.<\/p>\n<p>\u0412\u043e\u0437\u0440\u0430\u0441\u0442: \u043e\u0442 8 \u043b\u0435\u0442.<br \/>\n\u0412 \u043d\u0430\u0431\u043e\u0440\u0435: \u0412 \u043d\u0430\u0431\u043e\u0440 \u0432\u0445\u043e\u0434\u0438\u0442 \u043a\u0443\u0431\u0438\u043a 3\u04453 \u0441 \u0443\u0441\u043a\u043e\u0440\u0435\u043d\u043d\u044b\u043c \u043c\u0435\u0445\u0430\u043d\u0438\u0437\u043c\u043e\u043c.<br \/>\n\u041f\u0440\u043e\u0438\u0437\u0432\u043e\u0434\u0438\u0442\u0435\u043b\u044c: Rubik`s.<\/p>","protected":false},"excerpt":{"rendered":"<p>Jucarie Cubul Rubik &#8222;Speed&#8221; este o juc\u0103rie puzzle distractiv\u0103 original\u0103, care nu te va l\u0103sa s\u0103 te plictise\u0219ti! Caracteristicile puzzle-ului<\/p>","protected":false},"featured_media":175151,"comment_status":"closed","ping_status":"closed","template":"..\/public\/views\/revslider-page-template.php","meta":{"_monsterinsights_skip_tracking":false,"_monsterinsights_sitenote_active":false,"_monsterinsights_sitenote_note":"","_monsterinsights_sitenote_category":0},"product_brand":[],"product_cat":[55,1137,44],"product_tag":[],"class_list":{"0":"post-175137","1":"product","2":"type-product","3":"status-publish","4":"has-post-thumbnail","6":"product_cat-toate-produsele","7":"product_cat-jucarii","8":"product_cat-jucarii-educative","10":"first","11":"outofstock","12":"shipping-taxable","13":"purchasable","14":"product-type-simple"},"_links":{"self":[{"href":"http:\/\/toystoys.md\/ru\/wp-json\/wp\/v2\/product\/175137","targetHints":{"allow":["GET"]}}],"collection":[{"href":"http:\/\/toystoys.md\/ru\/wp-json\/wp\/v2\/product"}],"about":[{"href":"http:\/\/toystoys.md\/ru\/wp-json\/wp\/v2\/types\/product"}],"replies":[{"embeddable":true,"href":"http:\/\/toystoys.md\/ru\/wp-json\/wp\/v2\/comments?post=175137"}],"wp:featuredmedia":[{"embeddable":true,"href":"http:\/\/toystoys.md\/ru\/wp-json\/wp\/v2\/media\/175151"}],"wp:attachment":[{"href":"http:\/\/toystoys.md\/ru\/wp-json\/wp\/v2\/media?parent=175137"}],"wp:term":[{"taxonomy":"product_brand","embeddable":true,"href":"http:\/\/toystoys.md\/ru\/wp-json\/wp\/v2\/product_brand?post=175137"},{"taxonomy":"product_cat","embeddable":true,"href":"http:\/\/toystoys.md\/ru\/wp-json\/wp\/v2\/product_cat?post=175137"},{"taxonomy":"product_tag","embeddable":true,"href":"http:\/\/toystoys.md\/ru\/wp-json\/wp\/v2\/product_tag?post=175137"}],"curies":[{"name":"wp","href":"https:\/\/api.w.org\/{rel}","templated":true}]}}