{"id":174247,"date":"2024-01-18T09:59:16","date_gmt":"2024-01-18T07:59:16","guid":{"rendered":""},"modified":"2026-03-12T14:47:16","modified_gmt":"2026-03-12T12:47:16","slug":"prod_5702017584966_sc91972","status":"publish","type":"product","link":"http:\/\/toystoys.md\/ru\/shop\/prod_5702017584966_sc91972\/","title":{"rendered":"\u0420\u0435\u0442\u0440\u043e-\u043a\u0430\u043c\u0435\u0440\u0430 Creator 3-in-1 LEGO 31147"},"content":{"rendered":"<p><span lang=\"RO\">\u0412\u0434\u043e\u0445\u043d\u043e\u0432\u0438\u0442\u0435 \u043d\u0430 \u0442\u0432\u043e\u0440\u0447\u0435\u0441\u043a\u0443\u044e \u0438\u0433\u0440\u0443 \u0441 \u043f\u043e\u043c\u043e\u0449\u044c\u044e \u043a\u043e\u043d\u0441\u0442\u0440\u0443\u043a\u0442\u043e\u0440\u0430 LEGO\u00ae Creator Retro Camera (31147) 3\u04321 \u0434\u043b\u044f \u043c\u0430\u043b\u044c\u0447\u0438\u043a\u043e\u0432 \u0438 \u0434\u0435\u0432\u043e\u0447\u0435\u043a \u0432 \u0432\u043e\u0437\u0440\u0430\u0441\u0442\u0435 \u043e\u0442 8 \u043b\u0435\u0442. \u042d\u0442\u0430 \u043a\u0443\u043b\u044c\u0442\u043e\u0432\u0430\u044f \u0438\u0433\u0440\u0443\u0448\u043a\u0430-\u0444\u043e\u0442\u043e\u0430\u043f\u043f\u0430\u0440\u0430\u0442 \u043e\u0441\u043d\u0430\u0449\u0435\u043d\u0430 \u0434\u0432\u0438\u0436\u0443\u0449\u0438\u043c\u0441\u044f \u043e\u0431\u044a\u0435\u043a\u0442\u0438\u0432\u043e\u043c, \u043a\u043d\u043e\u043f\u043a\u0430\u043c\u0438 \u0441\u0432\u0435\u0440\u0445\u0443 \u0434\u043b\u044f \u0444\u043e\u0442\u043e\u0441\u044a\u0435\u043c\u043a\u0438, \u043e\u0442\u0432\u0435\u0440\u0441\u0442\u0438\u0435\u043c \u0441\u0437\u0430\u0434\u0438, \u0447\u0442\u043e\u0431\u044b \u043f\u043e\u043c\u0435\u0441\u0442\u0438\u0442\u044c \u0432\u043d\u0443\u0442\u0440\u044c \u043a\u0443\u0441\u043e\u0447\u0435\u043a \u043f\u043b\u0435\u043d\u043a\u0438 \u0432 \u0432\u0438\u0434\u0435 \u043a\u0438\u0440\u043f\u0438\u0447\u0438\u043a\u0430, \u0438 \u0440\u0430\u0437\u043d\u043e\u0446\u0432\u0435\u0442\u043d\u044b\u043c \u0442\u0435\u043a\u0441\u0442\u0438\u043b\u044c\u043d\u044b\u043c \u0440\u0435\u043c\u0435\u0448\u043a\u043e\u043c \u0434\u043b\u044f \u043f\u0435\u0440\u0435\u043d\u043e\u0441\u043a\u0438. \u0422\u0430\u043a\u0436\u0435 \u0435\u0441\u0442\u044c 6 \u043d\u0430\u043a\u043b\u0435\u0435\u043a, \u043a\u043e\u0442\u043e\u0440\u044b\u0435 \u0434\u0435\u0442\u0438 \u043c\u043e\u0433\u0443\u0442 \u0434\u043e\u0431\u0430\u0432\u0438\u0442\u044c \u043a \u043f\u043b\u0435\u043d\u043a\u0435, \u0447\u0442\u043e\u0431\u044b \u043f\u0440\u0435\u0434\u0441\u0442\u0430\u0432\u0438\u0442\u044c \u0441\u0432\u043e\u0438 \u0444\u043e\u0442\u043e\u0433\u0440\u0430\u0444\u0438\u0438.<\/span><\/p>\n<p><span lang=\"RO\">\u042d\u0442\u043e\u0442 \u043d\u0430\u0431\u043e\u0440 \u0440\u0435\u0442\u0440\u043e-\u0438\u0433\u0440\u0443\u0448\u0435\u043a LEGO\u00ae Creator 3\u04321 \u0434\u0430\u0435\u0442 \u0434\u0435\u0442\u044f\u043c \u0432\u043e\u0437\u043c\u043e\u0436\u043d\u043e\u0441\u0442\u044c \u043d\u0430\u0441\u043b\u0430\u0434\u0438\u0442\u044c\u0441\u044f 3 \u0440\u0430\u0437\u043b\u0438\u0447\u043d\u044b\u043c\u0438 \u0441\u043f\u043e\u0441\u043e\u0431\u0430\u043c\u0438 \u0441\u0431\u043e\u0440\u043a\u0438 \u0438 \u0438\u0433\u0440\u044b \u0441 \u0438\u0441\u043f\u043e\u043b\u044c\u0437\u043e\u0432\u0430\u043d\u0438\u0435\u043c \u043e\u0434\u043d\u0438\u0445 \u0438 \u0442\u0435\u0445 \u0436\u0435 \u043a\u0438\u0440\u043f\u0438\u0447\u0438\u043a\u043e\u0432. \u041e\u043d\u0438 \u043c\u043e\u0433\u0443\u0442 \u0441\u043e\u0431\u0440\u0430\u0442\u044c \u0434\u0435\u0442\u0441\u043a\u0443\u044e \u0438\u0433\u0440\u0443\u0448\u0435\u0447\u043d\u0443\u044e \u043a\u0430\u043c\u0435\u0440\u0443, \u0430 \u0437\u0430\u0442\u0435\u043c \u043f\u0435\u0440\u0435\u0434\u0435\u043b\u0430\u0442\u044c \u0435\u0435 \u0432 \u0440\u0435\u0442\u0440\u043e-\u0432\u0438\u0434\u0435\u043e\u043a\u0430\u043c\u0435\u0440\u0443 \u0438\u043b\u0438 \u0440\u0435\u0442\u0440\u043e-\u0442\u0435\u043b\u0435\u0432\u0438\u0437\u043e\u0440 \u0441 \u0430\u043d\u0442\u0435\u043d\u043d\u043e\u0439. \u0412\u0441\u0435 3 \u043c\u043e\u0434\u0435\u043b\u0438 \u043f\u0440\u0435\u0434\u0441\u0442\u0430\u0432\u043b\u044f\u044e\u0442 \u0441\u043e\u0431\u043e\u0439 \u043a\u043b\u0430\u0441\u0441\u043d\u044b\u0435 \u044d\u043a\u0441\u043f\u043e\u043d\u0430\u0442\u044b, \u043a\u043e\u0442\u043e\u0440\u044b\u0435 \u0434\u0435\u0442\u0438 \u043c\u043e\u0433\u0443\u0442 \u0440\u0430\u0437\u043c\u0435\u0441\u0442\u0438\u0442\u044c \u043d\u0430 \u0441\u0432\u043e\u0438\u0445 \u043f\u043e\u043b\u043a\u0430\u0445.\u00a0<\/span><\/p>\n<p><span lang=\"RO\">\u0418\u0433\u0440\u0443\u0448\u043a\u0438 LEGO Creator 3\u04321 - \u043e\u0442\u043b\u0438\u0447\u043d\u044b\u0435 \u043f\u043e\u0434\u0430\u0440\u043a\u0438 \u0434\u043b\u044f \u0434\u0435\u0442\u0435\u0439, \u0432 \u043a\u0430\u0436\u0434\u043e\u0439 \u043a\u043e\u0440\u043e\u0431\u043a\u0435 \u043f\u043e 3 \u0440\u0430\u0437\u043d\u044b\u0435 \u043c\u043e\u0434\u0435\u043b\u0438. \u0414\u0435\u0442\u044f\u043c \u0431\u0443\u0434\u0435\u0442 \u0438\u043d\u0442\u0435\u0440\u0435\u0441\u043d\u043e \u0441\u0442\u0440\u043e\u0438\u0442\u044c, \u043f\u0435\u0440\u0435\u0441\u0442\u0440\u0430\u0438\u0432\u0430\u0442\u044c \u0438 \u0435\u0449\u0435 \u0440\u0430\u0437 \u0441\u0442\u0440\u043e\u0438\u0442\u044c. \u043d\u0430\u0431\u043e\u0440\u044b 3\u04321 \u043f\u0440\u0435\u0434\u043b\u0430\u0433\u0430\u044e\u0442 \u0448\u0438\u0440\u043e\u043a\u0438\u0439 \u0432\u044b\u0431\u043e\u0440 \u043c\u043e\u0434\u0435\u043b\u0435\u0439, \u043a\u043e\u0442\u043e\u0440\u044b\u0435 \u0431\u043e\u043b\u044c\u0448\u0435 \u0432\u0441\u0435\u0433\u043e \u043d\u0440\u0430\u0432\u044f\u0442\u0441\u044f \u0434\u0435\u0442\u044f\u043c, \u0432\u043a\u043b\u044e\u0447\u0430\u044f \u0441\u0432\u0435\u0440\u0445\u0431\u044b\u0441\u0442\u0440\u044b\u0435 \u0442\u0440\u0430\u043d\u0441\u043f\u043e\u0440\u0442\u043d\u044b\u0435 \u0441\u0440\u0435\u0434\u0441\u0442\u0432\u0430, \u0443\u0434\u0438\u0432\u0438\u0442\u0435\u043b\u044c\u043d\u044b\u0445 \u0436\u0438\u0432\u043e\u0442\u043d\u044b\u0445 \u0438 \u0434\u0435\u0442\u0430\u043b\u0438\u0437\u0438\u0440\u043e\u0432\u0430\u043d\u043d\u044b\u0435 \u0433\u043e\u0440\u043e\u0434\u0441\u043a\u0438\u0435 \u043f\u0435\u0439\u0437\u0430\u0436\u0438.<\/span><\/p>","protected":false},"excerpt":{"rendered":"<p>Inspir\u0103 o joac\u0103 plin\u0103 de imagina\u021bie cu setul de construit 3\u00een1 LEGO\u00ae Creator Aparat foto retro (31147) pentru b\u0103ie\u021bi \u0219i<\/p>","protected":false},"featured_media":174434,"comment_status":"closed","ping_status":"closed","template":"","meta":{"_monsterinsights_skip_tracking":false,"_monsterinsights_sitenote_active":false,"_monsterinsights_sitenote_note":"","_monsterinsights_sitenote_category":0},"product_brand":[],"product_cat":[55,1137,288,287],"product_tag":[],"class_list":{"0":"post-174247","1":"product","2":"type-product","3":"status-publish","4":"has-post-thumbnail","6":"product_cat-toate-produsele","7":"product_cat-jucarii","8":"product_cat-lego","9":"product_cat-lego-creator","11":"first","12":"instock","13":"shipping-taxable","14":"purchasable","15":"product-type-simple"},"_links":{"self":[{"href":"http:\/\/toystoys.md\/ru\/wp-json\/wp\/v2\/product\/174247","targetHints":{"allow":["GET"]}}],"collection":[{"href":"http:\/\/toystoys.md\/ru\/wp-json\/wp\/v2\/product"}],"about":[{"href":"http:\/\/toystoys.md\/ru\/wp-json\/wp\/v2\/types\/product"}],"replies":[{"embeddable":true,"href":"http:\/\/toystoys.md\/ru\/wp-json\/wp\/v2\/comments?post=174247"}],"wp:featuredmedia":[{"embeddable":true,"href":"http:\/\/toystoys.md\/ru\/wp-json\/wp\/v2\/media\/174434"}],"wp:attachment":[{"href":"http:\/\/toystoys.md\/ru\/wp-json\/wp\/v2\/media?parent=174247"}],"wp:term":[{"taxonomy":"product_brand","embeddable":true,"href":"http:\/\/toystoys.md\/ru\/wp-json\/wp\/v2\/product_brand?post=174247"},{"taxonomy":"product_cat","embeddable":true,"href":"http:\/\/toystoys.md\/ru\/wp-json\/wp\/v2\/product_cat?post=174247"},{"taxonomy":"product_tag","embeddable":true,"href":"http:\/\/toystoys.md\/ru\/wp-json\/wp\/v2\/product_tag?post=174247"}],"curies":[{"name":"wp","href":"https:\/\/api.w.org\/{rel}","templated":true}]}}