{"id":174241,"date":"2024-01-18T09:58:58","date_gmt":"2024-01-18T07:58:58","guid":{"rendered":""},"modified":"2026-04-16T12:48:48","modified_gmt":"2026-04-16T10:48:48","slug":"prod_5702017584317_sc91977","status":"publish","type":"product","link":"http:\/\/toystoys.md\/ru\/shop\/prod_5702017584317_sc91977\/","title":{"rendered":"\u0411\u043e\u0435\u0432\u043e\u0439 \u043d\u0430\u0431\u043e\u0440 Clone Trooper\u2122 \u0438 \u0431\u043e\u0435\u0432\u043e\u0439 \u0434\u0440\u043e\u0438\u0434 Star Wars\u2122 LEGO 75372"},"content":{"rendered":"<p><span lang=\"RO\">\u0412\u0434\u043e\u0445\u043d\u043e\u0432\u0438\u0442\u0435 \u0434\u0435\u0442\u0435\u0439 \u0432\u043e\u0441\u0441\u043e\u0437\u0434\u0430\u0442\u044c \u0437\u0430\u0445\u0432\u0430\u0442\u044b\u0432\u0430\u044e\u0449\u0438\u0435 \u0441\u0446\u0435\u043d\u044b \"\u0417\u0432\u0435\u0437\u0434\u043d\u044b\u0445 \u0432\u043e\u0439\u043d: \u0412\u043e\u0439\u043d\u044b \u043a\u043b\u043e\u043d\u043e\u0432\" \u0441 \u043f\u043e\u043c\u043e\u0449\u044c\u044e \u044d\u0442\u043e\u0433\u043e \u043d\u0430\u0431\u043e\u0440\u0430 LEGO\u00ae Star Wars\u2122 Clone Trooper u0026amp; \u0411\u043e\u0435\u0432\u043e\u0439 \u0434\u0440\u043e\u0438\u0434 (75372) \u0434\u043b\u044f \u0434\u0435\u0442\u0435\u0439 \u043e\u0442 7 \u043b\u0435\u0442 \u0438 \u0441\u0442\u0430\u0440\u0448\u0435. \u0412 \u043d\u0435\u043c \u043f\u0440\u0435\u0434\u0441\u0442\u0430\u0432\u043b\u0435\u043d\u044b 4 \u043c\u0438\u043d\u0438\u0444\u0438\u0433\u0443\u0440\u043a\u0438 LEGO Star Wars \u0438 5 \u0444\u0438\u0433\u0443\u0440\u043e\u043a LEGO \u2013 \u043a\u043b\u043e\u043d\u2013\u0448\u0442\u0443\u0440\u043c\u043e\u0432\u0438\u043a, 3 \u0441\u043e\u043b\u0434\u0430\u0442\u0430-\u043a\u043b\u043e\u043d\u0430, 3 \u0421\u0443\u043f\u0435\u0440-\u0431\u043e\u0435\u0432\u044b\u0445 \u0434\u0440\u043e\u0438\u0434\u0430 \u0438 2 \u0431\u043e\u0435\u0432\u044b\u0445 \u0434\u0440\u043e\u0438\u0434\u0430-\u0442\u0440\u0430\u043d\u0441\u0444\u043e\u0440\u043c\u0435\u0440\u0430 - \u0441 \u043a\u0443\u043b\u044c\u0442\u043e\u0432\u044b\u043c \u043e\u0440\u0443\u0436\u0438\u0435\u043c \u0434\u043b\u044f \u044d\u043a\u0448\u043d-\u0438\u0433\u0440. \u042d\u0442\u043e\u0442 \u043a\u043e\u043d\u0441\u0442\u0440\u0443\u043a\u0442\u043e\u0440 LEGO \u0442\u0430\u043a\u0436\u0435 \u0432\u043a\u043b\u044e\u0447\u0430\u0435\u0442 \u0432 \u0441\u0435\u0431\u044f \u0441\u0442\u0440\u0435\u043b\u044f\u044e\u0449\u0438\u0439 \u0441\u043f\u0438\u0434\u0435\u0440-\u0431\u0430\u0439\u043a \u0438\u0437 \"\u0417\u0432\u0435\u0437\u0434\u043d\u044b\u0445 \u0432\u043e\u0439\u043d\" \u0434\u043b\u044f 2 \u0441\u043e\u043b\u0434\u0430\u0442-\u043a\u043b\u043e\u043d\u043e\u0432 \u0438 \u0438\u0433\u0440\u0443\u0448\u0435\u0447\u043d\u0443\u044e \u043c\u0430\u0448\u0438\u043d\u0443 STAP speeder \u0434\u043b\u044f \u0431\u043e\u0435\u0432\u043e\u0433\u043e \u0434\u0440\u043e\u0438\u0434\u0430. \u0422\u0440\u0438-\u0434\u0440\u043e\u0438\u0434 \u0441 \u0442\u0440\u0435\u043c\u044f \u0441\u0442\u0440\u0435\u043b\u043a\u0430\u043c\u0438-\u0449\u0435\u043b\u0447\u043a\u0430\u043c\u0438 \u0438 \u0437\u0430\u0449\u0438\u0442\u043d\u0430\u044f \u0441\u0442\u043e\u0439\u043a\u0430 \u0441\u043e \u0441\u0442\u0440\u0435\u043b\u043a\u043e\u043c-\u0433\u0432\u043e\u0437\u0434\u0438\u043a\u043e\u043c \u0434\u043e\u0431\u0430\u0432\u043b\u044f\u044e\u0442 \u0435\u0449\u0435 \u0431\u043e\u043b\u044c\u0448\u0435 \u0432\u043e\u0437\u043c\u043e\u0436\u043d\u043e\u0441\u0442\u0435\u0439 \u0434\u043b\u044f \u0442\u0432\u043e\u0440\u0447\u0435\u0441\u043a\u043e\u0439 \u0438\u0433\u0440\u044b.<\/span><\/p>\n<p><span lang=\"RO\">\u041e\u0437\u043d\u0430\u043a\u043e\u043c\u044c\u0442\u0435\u0441\u044c \u0441 \u0446\u0438\u0444\u0440\u043e\u0432\u044b\u043c\u0438 \u0438\u043d\u0441\u0442\u0440\u0443\u043a\u0446\u0438\u044f\u043c\u0438 \u0432 \u043f\u0440\u0438\u043b\u043e\u0436\u0435\u043d\u0438\u0438 LEGO Builder, \u0430 \u0442\u0430\u043a\u0436\u0435 \u0441 \u0438\u043d\u0441\u0442\u0440\u0443\u043c\u0435\u043d\u0442\u0430\u043c\u0438 \u043c\u0430\u0441\u0448\u0442\u0430\u0431\u0438\u0440\u043e\u0432\u0430\u043d\u0438\u044f \u0438 \u043f\u043e\u0432\u043e\u0440\u043e\u0442\u0430 \u0434\u043b\u044f \u0443\u043b\u0443\u0447\u0448\u0435\u043d\u0438\u044f \u043e\u043f\u044b\u0442\u0430 \u0434\u0435\u0442\u0435\u0439 \u0432 \u0441\u0442\u0440\u043e\u0438\u0442\u0435\u043b\u044c\u0441\u0442\u0432\u0435.<\/span><\/p>\n<p><span lang=\"RO\">\u0421 \u044d\u0442\u0438\u043c \u0441\u0431\u043e\u0440\u043d\u044b\u043c \u0438\u0433\u0440\u043e\u0432\u044b\u043c \u043d\u0430\u0431\u043e\u0440\u043e\u043c \u043f\u0440\u0438\u044f\u0442\u043d\u043e \u0438\u0433\u0440\u0430\u0442\u044c \u0441\u0430\u043c\u043e\u043c\u0443 \u043f\u043e \u0441\u0435\u0431\u0435, \u0430 \u043f\u0435\u0440\u0441\u043e\u043d\u0430\u0436\u0435\u0439 \u0438 \u0441\u0431\u043e\u0440\u043a\u0438 \u043c\u043e\u0436\u043d\u043e \u043a\u043e\u043c\u0431\u0438\u043d\u0438\u0440\u043e\u0432\u0430\u0442\u044c \u0441 \u0434\u0440\u0443\u0433\u0438\u043c\u0438 \u043d\u0430\u0431\u043e\u0440\u0430\u043c\u0438 LEGO Star Wars (\u043f\u0440\u043e\u0434\u0430\u044e\u0442\u0441\u044f \u043e\u0442\u0434\u0435\u043b\u044c\u043d\u043e) \u0438\u0437 \u043e\u0431\u0448\u0438\u0440\u043d\u043e\u0433\u043e \u0430\u0441\u0441\u043e\u0440\u0442\u0438\u043c\u0435\u043d\u0442\u0430.<\/span><\/p>","protected":false},"excerpt":{"rendered":"<p>Inspir\u0103-i pe cei mici s\u0103 recreeze scene palpitante din Star Wars: The Clone Wars cu acest Pachet de lupt\u0103: Clone<\/p>","protected":false},"featured_media":174399,"comment_status":"closed","ping_status":"closed","template":"","meta":{"_monsterinsights_skip_tracking":false,"_monsterinsights_sitenote_active":false,"_monsterinsights_sitenote_note":"","_monsterinsights_sitenote_category":0},"product_brand":[],"product_cat":[55,1137,288,293],"product_tag":[1914],"class_list":{"0":"post-174241","1":"product","2":"type-product","3":"status-publish","4":"has-post-thumbnail","6":"product_cat-toate-produsele","7":"product_cat-jucarii","8":"product_cat-lego","9":"product_cat-lego-star-wars","10":"product_tag-lego-30","12":"first","13":"instock","14":"shipping-taxable","15":"purchasable","16":"product-type-simple"},"_links":{"self":[{"href":"http:\/\/toystoys.md\/ru\/wp-json\/wp\/v2\/product\/174241","targetHints":{"allow":["GET"]}}],"collection":[{"href":"http:\/\/toystoys.md\/ru\/wp-json\/wp\/v2\/product"}],"about":[{"href":"http:\/\/toystoys.md\/ru\/wp-json\/wp\/v2\/types\/product"}],"replies":[{"embeddable":true,"href":"http:\/\/toystoys.md\/ru\/wp-json\/wp\/v2\/comments?post=174241"}],"wp:featuredmedia":[{"embeddable":true,"href":"http:\/\/toystoys.md\/ru\/wp-json\/wp\/v2\/media\/174399"}],"wp:attachment":[{"href":"http:\/\/toystoys.md\/ru\/wp-json\/wp\/v2\/media?parent=174241"}],"wp:term":[{"taxonomy":"product_brand","embeddable":true,"href":"http:\/\/toystoys.md\/ru\/wp-json\/wp\/v2\/product_brand?post=174241"},{"taxonomy":"product_cat","embeddable":true,"href":"http:\/\/toystoys.md\/ru\/wp-json\/wp\/v2\/product_cat?post=174241"},{"taxonomy":"product_tag","embeddable":true,"href":"http:\/\/toystoys.md\/ru\/wp-json\/wp\/v2\/product_tag?post=174241"}],"curies":[{"name":"wp","href":"https:\/\/api.w.org\/{rel}","templated":true}]}}