{"id":174047,"date":"2024-01-17T14:21:14","date_gmt":"2024-01-17T12:21:14","guid":{"rendered":""},"modified":"2026-03-20T09:23:58","modified_gmt":"2026-03-20T07:23:58","slug":"prod_5702017584942_sc92013","status":"publish","type":"product","link":"http:\/\/toystoys.md\/ru\/shop\/prod_5702017584942_sc92013\/","title":{"rendered":"\u041a\u0440\u0430\u0441\u043d\u044b\u0439 \u0434\u0440\u0430\u043a\u043e\u043d Creator 3-in-1 LEGO 31145"},"content":{"rendered":"<p><span lang=\"RO\">\u0422\u0432\u043e\u0440\u0447\u0435\u0441\u043a\u0438\u0435 \u0434\u0435\u0442\u0438 \u0432 \u0432\u043e\u0437\u0440\u0430\u0441\u0442\u0435 \u043e\u0442 6 \u043b\u0435\u0442 \u043c\u043e\u0433\u0443\u0442 \u043e\u0442\u043f\u0440\u0430\u0432\u0438\u0442\u044c\u0441\u044f \u0432 \u0432\u043e\u043b\u0448\u0435\u0431\u043d\u0443\u044e \u0441\u0442\u0440\u0430\u043d\u0443, \u0447\u0442\u043e\u0431\u044b \u0443\u0437\u043d\u0430\u0442\u044c \u0432\u0435\u0441\u0435\u043b\u044b\u0435 \u0438\u0441\u0442\u043e\u0440\u0438\u0438 \u0441 \u044d\u0442\u0438\u043c \u043d\u0430\u0431\u043e\u0440\u043e\u043c \u0434\u043b\u044f \u0441\u0431\u043e\u0440\u043a\u0438 \u0436\u0438\u0432\u043e\u0442\u043d\u044b\u0445 \u00ab\u041a\u0440\u0430\u0441\u043d\u044b\u0439 \u0434\u0440\u0430\u043a\u043e\u043d\u00bb 3 \u0432 1 (31145). \u0412 \u043a\u043e\u043c\u043f\u043b\u0435\u043a\u0442 \u0432\u0445\u043e\u0434\u0438\u0442 \u0434\u0440\u0443\u0436\u0435\u043b\u044e\u0431\u043d\u0430\u044f \u0438\u0433\u0440\u0443\u0448\u043a\u0430-\u0434\u0440\u0430\u043a\u043e\u043d \u0441 \u0431\u043e\u043b\u044c\u0448\u0438\u043c\u0438 \u0433\u043b\u0430\u0437\u0430\u043c\u0438 \u0438 \u043f\u043e\u0434\u0432\u0438\u0436\u043d\u044b\u043c\u0438 \u0440\u0443\u043a\u0430\u043c\u0438, \u043a\u0438\u0441\u0442\u044f\u043c\u0438, \u043a\u0440\u044b\u043b\u044c\u044f\u043c\u0438, \u043d\u043e\u0433\u0430\u043c\u0438, \u0441\u0442\u0443\u043f\u043d\u044f\u043c\u0438, \u0433\u043e\u043b\u043e\u0432\u043e\u0439 \u0438 \u0440\u0442\u043e\u043c, \u043f\u043e\u044d\u0442\u043e\u043c\u0443 \u0434\u0435\u0442\u0438 \u043c\u043e\u0433\u0443\u0442 \u0432\u044b\u0431\u0438\u0440\u0430\u0442\u044c, \u043a\u0430\u043a \u0438\u0441\u043f\u043e\u043b\u044c\u0437\u043e\u0432\u0430\u0442\u044c \u0435\u0435 \u0434\u043b\u044f \u0438\u0433\u0440\u043e\u0432\u044b\u0445 \u043f\u0440\u0438\u043a\u043b\u044e\u0447\u0435\u043d\u0438\u0439, \u0430 \u043f\u043e\u0442\u043e\u043c \u0434\u0435\u043c\u043e\u043d\u0441\u0442\u0440\u0438\u0440\u043e\u0432\u0430\u0442\u044c.<\/span><\/p>\n<p><span lang=\"RO\">\u042d\u0442\u043e\u0442 \u043d\u0430\u0431\u043e\u0440 LEGO Creator \u0434\u0430\u0440\u0438\u0442 \u0434\u0435\u0442\u044f\u043c \u043c\u0438\u0440 \u0431\u0435\u0437\u0433\u0440\u0430\u043d\u0438\u0447\u043d\u044b\u0445 \u0438\u0433\u0440\u043e\u0432\u044b\u0445 \u0432\u043e\u0437\u043c\u043e\u0436\u043d\u043e\u0441\u0442\u0435\u0439: \u0442\u0440\u0438 \u0440\u0430\u0437\u043d\u044b\u0435 \u0438\u0433\u0440\u0443\u0448\u043a\u0438-\u0436\u0438\u0432\u043e\u0442\u043d\u044b\u0435, \u043a\u043e\u0442\u043e\u0440\u044b\u0435 \u043c\u043e\u0436\u043d\u043e \u0441\u043e\u0431\u0440\u0430\u0442\u044c \u0438\u0437 \u043e\u0434\u043d\u043e\u0433\u043e \u043d\u0430\u0431\u043e\u0440\u0430 \u043a\u0443\u0431\u0438\u043a\u043e\u0432. \u041e\u043d\u0438 \u043c\u043e\u0433\u0443\u0442 \u0441\u043e\u0431\u0440\u0430\u0442\u044c \u043f\u043e\u0434\u0432\u0438\u0436\u043d\u043e\u0433\u043e \u0438\u0433\u0440\u0443\u0448\u0435\u0447\u043d\u043e\u0433\u043e \u0434\u0440\u0430\u043a\u043e\u043d\u0430, \u043f\u0435\u0440\u0435\u0441\u0442\u0440\u043e\u0438\u0442\u044c \u0435\u0433\u043e \u0432 \u0438\u0433\u0440\u0443\u0448\u043a\u0443 \u0444\u0435\u043d\u0438\u043a\u0441\u0430 \u0441 \u044f\u0440\u043a\u0438\u043c\u0438 \u043f\u0435\u0440\u044c\u044f\u043c\u0438, \u043f\u0440\u0435\u0432\u0440\u0430\u0442\u0438\u0442\u044c \u0432 \u0438\u0433\u0440\u0443\u0448\u043a\u0443-\u0440\u044b\u0431\u0443 \u0441 \u043f\u043e\u0434\u0432\u0438\u0436\u043d\u044b\u043c\u0438 \u043f\u043b\u0430\u0432\u043d\u0438\u043a\u0430\u043c\u0438 \u0438\u043b\u0438 \u0441\u043e\u0437\u0434\u0430\u0442\u044c \u0441\u0432\u043e\u0435 \u0441\u043e\u0431\u0441\u0442\u0432\u0435\u043d\u043d\u043e\u0435 \u0436\u0438\u0432\u043e\u0442\u043d\u043e\u0435 LEGO.<\/span><\/p>\n<p><span lang=\"RO\">\u0418\u0433\u0440\u0443\u0448\u043a\u0438 LEGO Creator 3 \u0432 1 \u0441\u0442\u0430\u043d\u0443\u0442 \u043e\u0442\u043b\u0438\u0447\u043d\u044b\u043c \u043f\u043e\u0434\u0430\u0440\u043a\u043e\u043c \u0434\u043b\u044f \u0434\u0435\u0442\u0435\u0439: \u0432 \u043a\u0430\u0436\u0434\u043e\u0439 \u043a\u043e\u0440\u043e\u0431\u043a\u0435 \u0435\u0441\u0442\u044c 3 \u0440\u0430\u0437\u043d\u044b\u0435 \u043c\u043e\u0434\u0435\u043b\u0438, \u043a\u043e\u0442\u043e\u0440\u044b\u0435 \u0434\u0435\u0442\u0438 \u0431\u0443\u0434\u0443\u0442 \u0441 \u0443\u0434\u043e\u0432\u043e\u043b\u044c\u0441\u0442\u0432\u0438\u0435\u043c \u0441\u043e\u0431\u0438\u0440\u0430\u0442\u044c, \u043f\u0435\u0440\u0435\u0441\u0442\u0440\u0430\u0438\u0432\u0430\u0442\u044c \u0438 \u0441\u043e\u0431\u0438\u0440\u0430\u0442\u044c \u0441\u043d\u043e\u0432\u0430. \u041d\u0430\u0431\u043e\u0440\u044b 3 \u0432 1 \u0441\u0434\u0435\u043b\u0430\u044e\u0442 \u0438\u0445 \u0441\u0447\u0430\u0441\u0442\u043b\u0438\u0432\u044b\u043c\u0438 \u043d\u0430 \u0434\u043e\u043b\u0433\u0438\u0435 \u0447\u0430\u0441\u044b \u0438 \u043f\u0440\u0435\u0434\u043b\u0430\u0433\u0430\u044e\u0442 \u0448\u0438\u0440\u043e\u043a\u0438\u0439 \u0432\u044b\u0431\u043e\u0440 \u043c\u043e\u0434\u0435\u043b\u0435\u0439, \u043e\u0442\u0432\u0435\u0447\u0430\u044e\u0449\u0438\u0445 \u0438\u0445 \u0441\u0430\u043c\u044b\u043c \u0431\u043e\u043b\u044c\u0448\u0438\u043c \u0443\u0432\u043b\u0435\u0447\u0435\u043d\u0438\u044f\u043c, \u0432\u043a\u043b\u044e\u0447\u0430\u044f \u0441\u0432\u0435\u0440\u0445\u0431\u044b\u0441\u0442\u0440\u044b\u0435 \u0430\u0432\u0442\u043e\u043c\u043e\u0431\u0438\u043b\u0438, \u0443\u0434\u0438\u0432\u0438\u0442\u0435\u043b\u044c\u043d\u044b\u0445 \u0436\u0438\u0432\u043e\u0442\u043d\u044b\u0445 \u0438 \u0434\u0435\u0442\u0430\u043b\u0438\u0437\u0438\u0440\u043e\u0432\u0430\u043d\u043d\u044b\u0435 \u0433\u043e\u0440\u043e\u0434\u0441\u043a\u0438\u0435 \u0441\u0446\u0435\u043d\u044b.<\/span><\/p>","protected":false},"excerpt":{"rendered":"<p>Copiii creativi \u00een v\u00e2rst\u0103 de 6+ ani pot c\u0103l\u0103tori \u00eentr-un t\u0103r\u00e2m magic pentru pove\u0219ti pline de distrac\u021bie cu acest set<\/p>","protected":false},"featured_media":174078,"comment_status":"closed","ping_status":"closed","template":"..\/public\/views\/revslider-page-template.php","meta":{"_monsterinsights_skip_tracking":false,"_monsterinsights_sitenote_active":false,"_monsterinsights_sitenote_note":"","_monsterinsights_sitenote_category":0},"product_brand":[],"product_cat":[1137,288,287,55],"product_tag":[1928,1914],"class_list":{"0":"post-174047","1":"product","2":"type-product","3":"status-publish","4":"has-post-thumbnail","6":"product_cat-jucarii","7":"product_cat-lego","8":"product_cat-lego-creator","9":"product_cat-toate-produsele","10":"product_tag-lego-easter-sale","11":"product_tag-lego-30","13":"first","14":"instock","15":"shipping-taxable","16":"purchasable","17":"product-type-simple"},"_links":{"self":[{"href":"http:\/\/toystoys.md\/ru\/wp-json\/wp\/v2\/product\/174047","targetHints":{"allow":["GET"]}}],"collection":[{"href":"http:\/\/toystoys.md\/ru\/wp-json\/wp\/v2\/product"}],"about":[{"href":"http:\/\/toystoys.md\/ru\/wp-json\/wp\/v2\/types\/product"}],"replies":[{"embeddable":true,"href":"http:\/\/toystoys.md\/ru\/wp-json\/wp\/v2\/comments?post=174047"}],"wp:featuredmedia":[{"embeddable":true,"href":"http:\/\/toystoys.md\/ru\/wp-json\/wp\/v2\/media\/174078"}],"wp:attachment":[{"href":"http:\/\/toystoys.md\/ru\/wp-json\/wp\/v2\/media?parent=174047"}],"wp:term":[{"taxonomy":"product_brand","embeddable":true,"href":"http:\/\/toystoys.md\/ru\/wp-json\/wp\/v2\/product_brand?post=174047"},{"taxonomy":"product_cat","embeddable":true,"href":"http:\/\/toystoys.md\/ru\/wp-json\/wp\/v2\/product_cat?post=174047"},{"taxonomy":"product_tag","embeddable":true,"href":"http:\/\/toystoys.md\/ru\/wp-json\/wp\/v2\/product_tag?post=174047"}],"curies":[{"name":"wp","href":"https:\/\/api.w.org\/{rel}","templated":true}]}}