{"id":173866,"date":"2024-01-17T10:01:02","date_gmt":"2024-01-17T08:01:02","guid":{"rendered":""},"modified":"2026-03-12T10:02:18","modified_gmt":"2026-03-12T08:02:18","slug":"prod_5702017165646_sc92035","status":"publish","type":"product","link":"http:\/\/toystoys.md\/ru\/shop\/prod_5702017165646_sc92035\/","title":{"rendered":"\u041f\u043e\u0434\u0441\u043e\u043b\u043d\u0443\u0445\u0438 LEGO 40524"},"content":{"rendered":"<p>\u041f\u043e\u0434\u0441\u043e\u043b\u043d\u0443\u0445 \u043c\u0433\u043d\u043e\u0432\u0435\u043d\u043d\u043e \u043f\u0440\u0438\u043d\u043e\u0441\u0438\u0442 \u0445\u043e\u0440\u043e\u0448\u0435\u0435 \u043d\u0430\u0441\u0442\u0440\u043e\u0435\u043d\u0438\u0435 \u0438 \u043e\u043f\u0442\u0438\u043c\u0438\u0437\u043c! \u0422\u0435\u043f\u0435\u0440\u044c \u0442\u044b \u043c\u043e\u0436\u0435\u0448\u044c \u0441\u043e\u0431\u0440\u0430\u0442\u044c \u0441\u0432\u043e\u044e \u0441\u043e\u0431\u0441\u0442\u0432\u0435\u043d\u043d\u0443\u044e \u0432\u0435\u0440\u0441\u0438\u044e \u043b\u044e\u0431\u0438\u043c\u043e\u0433\u043e \u0446\u0432\u0435\u0442\u043a\u0430 LEGO \u0441 \u043f\u043e\u043c\u043e\u0449\u044c\u044e \u043d\u0430\u0431\u043e\u0440\u0430 LEGO \u00ab\u041f\u043e\u0434\u0441\u043e\u043b\u043d\u0443\u0445\u00bb (40524). \u0421\u043e\u0437\u0434\u0430\u0439\u0442\u0435 \u044f\u0440\u043a\u043e\u0435 \u0443\u043a\u0440\u0430\u0448\u0435\u043d\u0438\u0435, \u043a\u043e\u0442\u043e\u0440\u043e\u0435 \u043f\u0440\u0438\u0432\u043b\u0435\u0447\u0435\u0442 \u0432\u0441\u0435 \u0432\u0437\u0433\u043b\u044f\u0434\u044b, \u0438\u043b\u0438 \u0441\u043e\u0431\u0435\u0440\u0438\u0442\u0435 \u0441\u043c\u0435\u0448\u0430\u043d\u043d\u044b\u0439 \u0431\u0443\u043a\u0435\u0442, \u0434\u043e\u0431\u0430\u0432\u0438\u0432 \u043d\u0430\u0431\u043e\u0440\u044b \u00ab\u0420\u043e\u0437\u044b LEGO\u00bb (40460), \u00ab\u0422\u044e\u043b\u044c\u043f\u0430\u043d\u044b LEGO\u00bb (40461) \u0438\u043b\u0438 \u00ab\u0411\u0443\u043a\u0435\u0442 \u0446\u0432\u0435\u0442\u043e\u0432 LEGO\u00bb (10280), \u043a\u043e\u0442\u043e\u0440\u044b\u0435 \u043f\u0440\u043e\u0434\u0430\u044e\u0442\u0441\u044f \u043e\u0442\u0434\u0435\u043b\u044c\u043d\u043e. \u042d\u0442\u043e \u0442\u0430\u043a\u0436\u0435 \u043e\u0442\u043b\u0438\u0447\u043d\u044b\u0439 \u043f\u043e\u0434\u0430\u0440\u043e\u043a \u043d\u0430 \u0414\u0435\u043d\u044c \u043c\u0430\u0442\u0435\u0440\u0438 \u0438\u043b\u0438 \u0434\u0440\u0443\u0433\u0438\u0435 \u043e\u0441\u043e\u0431\u044b\u0435 \u0441\u043b\u0443\u0447\u0430\u0438.<\/p>\n<p>&nbsp;<\/p>","protected":false},"excerpt":{"rendered":"<p>Floarea soarelui aduce instant buna dispozi\u021bie \u0219i optimismul! Acum \u00ee\u021bi po\u021bi construi propriul model \u00een versiune LEGO al \u00eendr\u0103gitei flori<\/p>","protected":false},"featured_media":173884,"comment_status":"closed","ping_status":"closed","template":"..\/public\/views\/revslider-page-template.php","meta":{"_monsterinsights_skip_tracking":false,"_monsterinsights_sitenote_active":false,"_monsterinsights_sitenote_note":"","_monsterinsights_sitenote_category":0},"product_brand":[],"product_cat":[55,1137,288,1600],"product_tag":[1914],"class_list":{"0":"post-173866","1":"product","2":"type-product","3":"status-publish","4":"has-post-thumbnail","6":"product_cat-toate-produsele","7":"product_cat-jucarii","8":"product_cat-lego","9":"product_cat-lego-flowers","10":"product_tag-lego-30","12":"first","13":"instock","14":"shipping-taxable","15":"purchasable","16":"product-type-simple"},"_links":{"self":[{"href":"http:\/\/toystoys.md\/ru\/wp-json\/wp\/v2\/product\/173866","targetHints":{"allow":["GET"]}}],"collection":[{"href":"http:\/\/toystoys.md\/ru\/wp-json\/wp\/v2\/product"}],"about":[{"href":"http:\/\/toystoys.md\/ru\/wp-json\/wp\/v2\/types\/product"}],"replies":[{"embeddable":true,"href":"http:\/\/toystoys.md\/ru\/wp-json\/wp\/v2\/comments?post=173866"}],"wp:featuredmedia":[{"embeddable":true,"href":"http:\/\/toystoys.md\/ru\/wp-json\/wp\/v2\/media\/173884"}],"wp:attachment":[{"href":"http:\/\/toystoys.md\/ru\/wp-json\/wp\/v2\/media?parent=173866"}],"wp:term":[{"taxonomy":"product_brand","embeddable":true,"href":"http:\/\/toystoys.md\/ru\/wp-json\/wp\/v2\/product_brand?post=173866"},{"taxonomy":"product_cat","embeddable":true,"href":"http:\/\/toystoys.md\/ru\/wp-json\/wp\/v2\/product_cat?post=173866"},{"taxonomy":"product_tag","embeddable":true,"href":"http:\/\/toystoys.md\/ru\/wp-json\/wp\/v2\/product_tag?post=173866"}],"curies":[{"name":"wp","href":"https:\/\/api.w.org\/{rel}","templated":true}]}}