{"id":173451,"date":"2024-01-16T22:50:58","date_gmt":"2024-01-16T20:50:58","guid":{"rendered":""},"modified":"2026-02-03T09:00:05","modified_gmt":"2026-02-03T07:00:05","slug":"prod_5702017584515_sc92081","status":"publish","type":"product","link":"http:\/\/toystoys.md\/ru\/shop\/prod_5702017584515_sc92081\/","title":{"rendered":"\u041c\u0435\u0445 \u0441\u0442\u0438\u0445\u0438\u0439 \u0417\u0435\u043c\u043b\u0438 \u041a\u043e\u0443\u043b\u0430 NINJAGO\u00ae LEGO 71806"},"content":{"rendered":"<p><span lang=\"RO\">\u0414\u0435\u0442\u0438 \u043e\u0442 7 \u043b\u0435\u0442 \u0438 \u0441\u0442\u0430\u0440\u0448\u0435 \u043c\u043e\u0433\u0443\u0442 \u0432\u043e\u0441\u0441\u043e\u0437\u0434\u0430\u0442\u044c \u0438\u0441\u0442\u043e\u0440\u0438\u0438 \u0438\u0437 \u0432\u0442\u043e\u0440\u043e\u0433\u043e \u0441\u0435\u0437\u043e\u043d\u0430 \u0442\u0435\u043b\u0435\u0448\u043e\u0443 NINJAGO Dragons Rising \u0441 \u043f\u043e\u043c\u043e\u0449\u044c\u044e \u043f\u0440\u0438\u043a\u043b\u044e\u0447\u0435\u043d\u0447\u0435\u0441\u043a\u043e\u0439 \u0438\u0433\u0440\u0443\u0448\u043a\u0438 \u00ab\u041c\u0435\u0445 \u0441\u0442\u0438\u0445\u0438\u0439 \u0417\u0435\u043c\u043b\u0438 \u041a\u043e\u0443\u043b\u0430\u00bb (71806). \u0423 \u043a\u0440\u0443\u0442\u043e\u0433\u043e \u0440\u043e\u0431\u043e\u0442\u0430 \u0435\u0441\u0442\u044c \u043f\u043e\u0434\u0432\u0438\u0436\u043d\u044b\u0435 \u0440\u0443\u043a\u0438 \u0438 \u043d\u043e\u0433\u0438, \u043a\u043e\u0442\u043e\u0440\u044b\u0435 \u043c\u043e\u0436\u043d\u043e \u043d\u0430\u043a\u043b\u043e\u043d\u044f\u0442\u044c \u0438 \u043f\u043e\u0432\u043e\u0440\u0430\u0447\u0438\u0432\u0430\u0442\u044c \u0432 \u044d\u0444\u0444\u0435\u043a\u0442\u043d\u044b\u0435 \u0431\u043e\u0435\u0432\u044b\u0435 \u0441\u0442\u043e\u0439\u043a\u0438, \u0442\u044f\u0436\u0435\u043b\u0430\u044f \u0431\u0440\u043e\u043d\u044f \u041a\u043e\u0443\u043b\u0430, \u0431\u043e\u043b\u044c\u0448\u043e\u0439 \u043c\u043e\u043b\u043e\u0442 \u0438 \u043a\u0430\u0431\u0438\u043d\u0430, \u0432 \u043a\u043e\u0442\u043e\u0440\u0443\u044e \u043c\u043e\u0436\u043d\u043e \u043f\u043e\u043c\u0435\u0441\u0442\u0438\u0442\u044c \u043c\u0438\u043d\u0438\u0444\u0438\u0433\u0443\u0440\u043a\u0443.<\/span><\/p>\n<p><span lang=\"RO\">\u042d\u0442\u043e\u0442 \u043d\u0435\u0432\u0438\u0434\u0430\u043d\u043d\u044b\u0439 \u0440\u0430\u043d\u0435\u0435 \u043d\u0430\u0441\u0442\u0440\u0430\u0438\u0432\u0430\u0435\u043c\u044b\u0439 \u0440\u043e\u0431\u043e\u0442 \u0442\u0430\u043a\u0436\u0435 \u043f\u043e\u0437\u0432\u043e\u043b\u044f\u0435\u0442 \u0434\u0435\u0442\u044f\u043c \u0441\u043e\u0437\u0434\u0430\u0432\u0430\u0442\u044c \u0441\u0432\u043e\u0438\u0445 \u0441\u043e\u0431\u0441\u0442\u0432\u0435\u043d\u043d\u044b\u0445 \u0440\u043e\u0431\u043e\u0442\u043e\u0432! \u0415\u0433\u043e \u0441\u044a\u0435\u043c\u043d\u044b\u0435 \u043d\u043e\u0433\u0438, \u0440\u0443\u043a\u0438 \u0438 \u0442\u0443\u043b\u043e\u0432\u0438\u0449\u0435 \u043c\u043e\u0436\u043d\u043e \u043a\u043e\u043c\u0431\u0438\u043d\u0438\u0440\u043e\u0432\u0430\u0442\u044c \u0441 \u0434\u0435\u0442\u0430\u043b\u044f\u043c\u0438 \u0434\u0432\u0443\u0445 \u0434\u0440\u0443\u0433\u0438\u0445 \u043c\u0435\u0445\u043e\u0432:\u00a0<\/span><span lang=\"RO\">\u042d\u043b\u0435\u043c\u0435\u043d\u0442\u0430\u043b\u044c\u043d\u043e\u0433\u043e \u0437\u0435\u043c\u043d\u043e\u0433\u043e \u0440\u043e\u0431\u043e\u0442\u0430 \u041a\u043e\u0443\u043b\u0430\u00a0<\/span><span lang=\"RO\">(71806)\u00a0<\/span><span lang=\"RO\">\u042d\u043b\u0435\u043c\u0435\u043d\u0442\u0430\u043b\u044c\u043d\u043e\u0433\u043e \u043e\u0433\u043d\u0435\u043d\u043d\u043e\u0433\u043e \u043c\u0435\u0445\u0430 \u041a\u0430\u044f<\/span><span lang=\"RO\">\u00a0(71808) (\u043f\u0440\u043e\u0434\u0430\u044e\u0442\u0441\u044f \u043e\u0442\u0434\u0435\u043b\u044c\u043d\u043e). \u0414\u0435\u0442\u0438 \u043c\u043e\u0433\u0443\u0442 \u0447\u0430\u0441\u0430\u043c\u0438 \u0432\u0435\u0441\u0435\u043b\u0438\u0442\u044c\u0441\u044f, \u0441\u043c\u0435\u0448\u0438\u0432\u0430\u044f \u0438 \u043f\u043e\u0434\u0431\u0438\u0440\u0430\u044f \u0434\u0435\u0442\u0430\u043b\u0438, \u0447\u0442\u043e\u0431\u044b \u0441\u043e\u0437\u0434\u0430\u0442\u044c \u0443\u043d\u0438\u043a\u0430\u043b\u044c\u043d\u0443\u044e \u0444\u0438\u0433\u0443\u0440\u043a\u0443.<\/span><\/p>\n<p><span lang=\"RO\">\u0412 \u043a\u043e\u043c\u043f\u043b\u0435\u043a\u0442 \u0438\u0433\u0440\u0443\u0448\u043a\u0438 \u043d\u0438\u043d\u0434\u0437\u044f \u0432\u0445\u043e\u0434\u044f\u0442 \u0434\u0432\u0435 \u043c\u0438\u043d\u0438\u0444\u0438\u0433\u0443\u0440\u043a\u0438 \u2014 \u041a\u043e\u0443\u043b \u0441 \u0430\u043a\u0441\u0435\u0441\u0441\u0443\u0430\u0440\u043e\u043c-\u043a\u0430\u0442\u0430\u043d\u043e\u0439 \u0438 \u0412\u043e\u0438\u043d \u0432 \u043c\u0430\u0441\u043a\u0435 \u0432\u043e\u043b\u043a\u0430 \u0441 \u0430\u043a\u0441\u0435\u0441\u0441\u0443\u0430\u0440\u043e\u043c-\u043c\u0435\u0447\u043e\u043c, \u2014 \u0442\u0430\u043a \u0447\u0442\u043e \u0434\u0435\u0442\u0438 \u0441\u043c\u043e\u0433\u0443\u0442 \u0440\u0430\u0437\u044b\u0433\u0440\u0430\u0442\u044c \u0437\u0430\u0445\u0432\u0430\u0442\u044b\u0432\u0430\u044e\u0449\u0438\u0435 \u0434\u0435\u0439\u0441\u0442\u0432\u0438\u044f \u043d\u0438\u043d\u0434\u0437\u044f. \u041d\u0430\u0431\u043e\u0440 \u0442\u0430\u043a\u0436\u0435 \u043c\u043e\u0436\u043d\u043e \u0441\u043e\u0437\u0434\u0430\u0442\u044c \u0441 \u043f\u043e\u043c\u043e\u0449\u044c\u044e \u043f\u0440\u0438\u043b\u043e\u0436\u0435\u043d\u0438\u044f LEGO\u00ae Builder, \u043a\u043e\u0442\u043e\u0440\u043e\u0435 \u043f\u043e\u043c\u043e\u0436\u0435\u0442 \u0432\u0430\u043c \u0438 \u0432\u0430\u0448\u0435\u043c\u0443 \u0440\u0435\u0431\u0435\u043d\u043a\u0443 \u0432 \u043f\u0440\u043e\u0441\u0442\u043e\u043c \u0438 \u0438\u043d\u0442\u0443\u0438\u0442\u0438\u0432\u043d\u043e \u043f\u043e\u043d\u044f\u0442\u043d\u043e\u043c \u043f\u0440\u0438\u043a\u043b\u044e\u0447\u0435\u043d\u0438\u0438 \u043f\u043e \u0441\u0431\u043e\u0440\u043a\u0435.<\/span><\/p>","protected":false},"excerpt":{"rendered":"<p>B\u0103ie\u021bii \u0219i fetele \u00een v\u00e2rst\u0103 de 7+ ani pot s\u0103 recreeze pove\u0219ti din sezonul 2 al serialului TV NINJAGO\u00ae Dragons<\/p>","protected":false},"featured_media":173490,"comment_status":"closed","ping_status":"closed","template":"..\/public\/views\/revslider-page-template.php","meta":{"_monsterinsights_skip_tracking":false,"_monsterinsights_sitenote_active":false,"_monsterinsights_sitenote_note":"","_monsterinsights_sitenote_category":0},"product_brand":[],"product_cat":[1137,288,296,55],"product_tag":[1914],"class_list":{"0":"post-173451","1":"product","2":"type-product","3":"status-publish","4":"has-post-thumbnail","6":"product_cat-jucarii","7":"product_cat-lego","8":"product_cat-lego-ninjago","9":"product_cat-toate-produsele","10":"product_tag-lego-30","12":"first","13":"outofstock","14":"shipping-taxable","15":"purchasable","16":"product-type-simple"},"_links":{"self":[{"href":"http:\/\/toystoys.md\/ru\/wp-json\/wp\/v2\/product\/173451","targetHints":{"allow":["GET"]}}],"collection":[{"href":"http:\/\/toystoys.md\/ru\/wp-json\/wp\/v2\/product"}],"about":[{"href":"http:\/\/toystoys.md\/ru\/wp-json\/wp\/v2\/types\/product"}],"replies":[{"embeddable":true,"href":"http:\/\/toystoys.md\/ru\/wp-json\/wp\/v2\/comments?post=173451"}],"wp:featuredmedia":[{"embeddable":true,"href":"http:\/\/toystoys.md\/ru\/wp-json\/wp\/v2\/media\/173490"}],"wp:attachment":[{"href":"http:\/\/toystoys.md\/ru\/wp-json\/wp\/v2\/media?parent=173451"}],"wp:term":[{"taxonomy":"product_brand","embeddable":true,"href":"http:\/\/toystoys.md\/ru\/wp-json\/wp\/v2\/product_brand?post=173451"},{"taxonomy":"product_cat","embeddable":true,"href":"http:\/\/toystoys.md\/ru\/wp-json\/wp\/v2\/product_cat?post=173451"},{"taxonomy":"product_tag","embeddable":true,"href":"http:\/\/toystoys.md\/ru\/wp-json\/wp\/v2\/product_tag?post=173451"}],"curies":[{"name":"wp","href":"https:\/\/api.w.org\/{rel}","templated":true}]}}