{"id":172970,"date":"2024-01-11T12:10:21","date_gmt":"2024-01-11T10:10:21","guid":{"rendered":""},"modified":"2025-10-21T15:19:57","modified_gmt":"2025-10-21T13:19:57","slug":"prod_6900007375658_sc91826","status":"publish","type":"product","link":"http:\/\/toystoys.md\/ru\/shop\/prod_6900007375658_sc91826\/","title":{"rendered":"\u0418\u0433\u0440\u043e\u0432\u043e\u0439 \u043d\u0430\u0431\u043e\u0440 \u041a\u043e\u0440\u0437\u0438\u043d\u043a\u0430 c \u0444\u0440\u0443\u043a\u0442\u0430\u043c\u0438 \u0438 \u043e\u0432\u043e\u0449\u0430\u043c\u0438 \u043d\u0430 \u043b\u0438\u043f\u0443\u0447\u043a\u0430\u0445 Battat"},"content":{"rendered":"<p id=\"tw-target-text\" class=\"tw-data-text tw-text-large tw-ta\" dir=\"ltr\" data-placeholder=\"\u041f\u0435\u0440\u0435\u0432\u043e\u0434\" data-ved=\"2ahUKEwjn1tObpsyDAxUehf0HHZ9aDXMQ3ewLegQICRAQ\"><span class=\"Y2IQFc\" lang=\"ro\">\u0418\u0433\u0440\u043e\u0432\u043e\u0439 \u043d\u0430\u0431\u043e\u0440 Battat \u041e\u0432\u043e\u0449\u0438 \u0438 \u0444\u0440\u0443\u043a\u0442\u044b \u0432 \u0438\u0433\u0440\u043e\u0432\u043e\u0439 \u0444\u043e\u0440\u043c\u0435 \u043d\u0430\u0443\u0447\u0438\u0442 \u0432\u0430\u0448\u0435\u0433\u043e \u0440\u0435\u0431\u0435\u043d\u043a\u0430 \u0440\u0430\u0441\u043f\u043e\u0437\u043d\u0430\u0432\u0430\u0442\u044c \u0446\u0432\u0435\u0442\u0430 \u0438 \u0444\u043e\u0440\u043c\u044b.<\/span><\/p>\n<div id=\"tw-target-text-container\" class=\"tw-ta-container F0azHf tw-nfl\" tabindex=\"0\">\n<p><span class=\"Y2IQFc\" lang=\"ro\">- \u043f\u043e\u0437\u0432\u043e\u043b\u0438\u0442 \u0434\u0435\u0442\u043a\u0430\u043c \u0432\u044b\u0443\u0447\u0438\u0442\u044c \u043f\u043e\u043b\u0435\u0437\u043d\u044b\u0435 \u0444\u0440\u0443\u043a\u0442\u044b \u0438 \u043e\u0432\u043e\u0449\u0438<br \/>\n<\/span>- \u0441\u043f\u043e\u0441\u043e\u0431\u0441\u0442\u0432\u0443\u0435\u0442 \u0440\u0430\u0437\u0432\u0438\u0442\u0438\u044e \u043c\u0435\u043b\u043a\u043e\u0439 \u043c\u043e\u0442\u043e\u0440\u0438\u043a\u0438, \u043a\u043e\u043d\u0446\u0435\u043d\u0442\u0440\u0430\u0446\u0438\u0438 \u0432\u043d\u0438\u043c\u0430\u043d\u0438\u044f \u0438 \u0432\u043e\u043e\u0431\u0440\u0430\u0436\u0435\u043d\u0438\u044f<br \/>\n- \u0438\u0437\u0433\u043e\u0442\u043e\u0432\u043b\u0435\u043d \u0438\u0437 \u043a\u0430\u0447\u0435\u0441\u0442\u0432\u0435\u043d\u043d\u044b\u0445 \u0438 \u0431\u0435\u0437\u043e\u043f\u0430\u0441\u043d\u044b\u0445 \u043c\u0430\u0442\u0435\u0440\u0438\u0430\u043b\u043e\u0432<br \/>\n- \u0438\u043c\u0435\u0435\u0442\u0441\u044f \u0443\u0434\u043e\u0431\u043d\u0430\u044f \u043a\u043e\u0440\u0437\u0438\u043d\u043a\u0430 \u0434\u043b\u044f \u0445\u0440\u0430\u043d\u0435\u043d\u0438\u044f<br \/>\n- \u0444\u0440\u0443\u043a\u0442\u044b \u0438 \u043e\u0432\u043e\u0449\u0438 \u043d\u0430 \u043b\u0438\u043f\u0443\u0447\u043a\u0435, \u0438\u0445 \u043c\u043e\u0436\u043d\u043e \u0440\u0430\u0437\u0440\u0435\u0437\u0430\u0442\u044c \u043f\u043b\u0430\u0441\u0442\u043c\u0430\u0441\u0441\u043e\u0432\u044b\u043c\u0438 \u043d\u043e\u0436\u0438\u043a\u0430\u043c\u0438 \u0438 \u0441\u043e\u0435\u0434\u0438\u043d\u044f\u0442\u044c \u043e\u0431\u0440\u0430\u0442\u043d\u043e<\/p>\n<p id=\"tw-target-text\" class=\"tw-data-text tw-text-large tw-ta\" dir=\"ltr\" data-placeholder=\"\u041f\u0435\u0440\u0435\u0432\u043e\u0434\" data-ved=\"2ahUKEwjn1tObpsyDAxUehf0HHZ9aDXMQ3ewLegQICRAQ\"><span class=\"Y2IQFc\" lang=\"ro\">\u0412 \u043a\u043e\u043c\u043f\u043b\u0435\u043a\u0442\u0435: \u043f\u0440\u0435\u0434\u043c\u0435\u0442\u044b - 37 \u0448\u0442.<br \/>\n\u0420\u0430\u0437\u043c\u0435\u0440\u044b \u0443\u043f\u0430\u043a\u043e\u0432\u043a\u0438: 8,9\u044521,6\u044526 \u0441\u043c<\/span><\/p>\n<\/div>\n<p>&nbsp;<\/p>","protected":false},"excerpt":{"rendered":"<p>Set de joac\u0103 Battat Fructele \u0219i legumele v\u0103 vor \u00eenv\u0103\u021ba copilul s\u0103 recunoasc\u0103 culorile \u0219i formele \u00eentr-un mod juc\u0103u\u0219. &#8211;<\/p>","protected":false},"featured_media":173026,"comment_status":"closed","ping_status":"closed","template":"..\/public\/views\/revslider-page-template.php","meta":{"_monsterinsights_skip_tracking":false,"_monsterinsights_sitenote_active":false,"_monsterinsights_sitenote_note":"","_monsterinsights_sitenote_category":0},"product_brand":[],"product_cat":[55,1137,36,1136],"product_tag":[],"class_list":{"0":"post-172970","1":"product","2":"type-product","3":"status-publish","4":"has-post-thumbnail","6":"product_cat-toate-produsele","7":"product_cat-jucarii","8":"product_cat-jucarii-pentru-bebelusi","9":"product_cat-jucarii-de-dezvoltare","11":"first","12":"instock","13":"shipping-taxable","14":"purchasable","15":"product-type-simple"},"_links":{"self":[{"href":"http:\/\/toystoys.md\/ru\/wp-json\/wp\/v2\/product\/172970","targetHints":{"allow":["GET"]}}],"collection":[{"href":"http:\/\/toystoys.md\/ru\/wp-json\/wp\/v2\/product"}],"about":[{"href":"http:\/\/toystoys.md\/ru\/wp-json\/wp\/v2\/types\/product"}],"replies":[{"embeddable":true,"href":"http:\/\/toystoys.md\/ru\/wp-json\/wp\/v2\/comments?post=172970"}],"wp:featuredmedia":[{"embeddable":true,"href":"http:\/\/toystoys.md\/ru\/wp-json\/wp\/v2\/media\/173026"}],"wp:attachment":[{"href":"http:\/\/toystoys.md\/ru\/wp-json\/wp\/v2\/media?parent=172970"}],"wp:term":[{"taxonomy":"product_brand","embeddable":true,"href":"http:\/\/toystoys.md\/ru\/wp-json\/wp\/v2\/product_brand?post=172970"},{"taxonomy":"product_cat","embeddable":true,"href":"http:\/\/toystoys.md\/ru\/wp-json\/wp\/v2\/product_cat?post=172970"},{"taxonomy":"product_tag","embeddable":true,"href":"http:\/\/toystoys.md\/ru\/wp-json\/wp\/v2\/product_tag?post=172970"}],"curies":[{"name":"wp","href":"https:\/\/api.w.org\/{rel}","templated":true}]}}