{"id":172844,"date":"2024-01-04T13:59:14","date_gmt":"2024-01-04T11:59:14","guid":{"rendered":""},"modified":"2024-05-17T09:22:38","modified_gmt":"2024-05-17T07:22:38","slug":"prod_7640230491242_sc91867","status":"publish","type":"product","link":"http:\/\/toystoys.md\/ru\/shop\/prod_7640230491242_sc91867\/","title":{"rendered":"\u041c\u043e\u043b\u043e\u0447\u043d\u0430\u044f \u0441\u043c\u0435\u0441\u044c \u0424\u043e\u0440\u043c\u0443\u043b\u0430 4 (12\u043c+) 600\u0433 Holle Organic"},"content":{"rendered":"<p>\u041e\u0431\u0440\u0430\u0442\u0438\u0442\u0435 \u0432\u043d\u0438\u043c\u0430\u043d\u0438\u0435: \u0433\u0440\u0443\u0434\u043d\u043e\u0435 \u0432\u0441\u043a\u0430\u0440\u043c\u043b\u0438\u0432\u0430\u043d\u0438\u0435 - \u043b\u0443\u0447\u0448\u0435\u0435 \u0434\u043b\u044f \u0432\u0430\u0448\u0435\u0433\u043e \u0440\u0435\u0431\u0435\u043d\u043a\u0430! \u041b\u043e\u0433\u043e\u0442\u0438\u043f EU organic \u0433\u0430\u0440\u0430\u043d\u0442\u0438\u0440\u0443\u0435\u0442 \u0441\u043e\u0431\u043b\u044e\u0434\u0435\u043d\u0438\u0435 \u0437\u0430\u043a\u043e\u043d\u043e\u0434\u0430\u0442\u0435\u043b\u044c\u0441\u0442\u0432\u0430 \u043e\u0431 \u043e\u0440\u0433\u0430\u043d\u0438\u0447\u0435\u0441\u043a\u043e\u043c \u0437\u0435\u043c\u043b\u0435\u0434\u0435\u043b\u0438\u0438 \u0438 \u0442\u0449\u0430\u0442\u0435\u043b\u044c\u043d\u0443\u044e \u043f\u0435\u0440\u0435\u0440\u0430\u0431\u043e\u0442\u043a\u0443 \u0441\u044b\u0440\u044c\u044f \u043f\u043e\u0434 \u043a\u043e\u043d\u0442\u0440\u043e\u043b\u0435\u043c \u043e\u0442\u0432\u0435\u0442\u0441\u0442\u0432\u0435\u043d\u043d\u043e\u0433\u043e \u043e\u0440\u0433\u0430\u043d\u0430 \u043f\u043e \u0441\u0435\u0440\u0442\u0438\u0444\u0438\u043a\u0430\u0446\u0438\u0438. \u0412\u0438\u0442\u0430\u043c\u0438\u043d\u044b \u0438 \u043c\u0438\u043d\u0435\u0440\u0430\u043b\u044b \u0434\u043e\u0431\u0430\u0432\u043b\u044f\u044e\u0442\u0441\u044f \u0432 \u043c\u043e\u043b\u043e\u0447\u043d\u0443\u044e \u0441\u043c\u0435\u0441\u044c \u0432 \u0441\u043e\u043e\u0442\u0432\u0435\u0442\u0441\u0442\u0432\u0438\u0438 \u0441 \u0442\u0440\u0435\u0431\u043e\u0432\u0430\u043d\u0438\u044f\u043c\u0438 \u0437\u0430\u043a\u043e\u043d\u043e\u0434\u0430\u0442\u0435\u043b\u044c\u0441\u0442\u0432\u0430.<\/p>\n<p><strong>\u041f\u0440\u0438\u043c\u0435\u043d\u0435\u043d\u0438\u0435:<\/strong>Holle Bio Folgmilch 4 \u043c\u043e\u0436\u043d\u043e \u0438\u0441\u043f\u043e\u043b\u044c\u0437\u043e\u0432\u0430\u0442\u044c \u043f\u043e\u0441\u043b\u0435 \u043e\u043a\u043e\u043d\u0447\u0430\u043d\u0438\u044f \u043f\u0435\u0440\u0438\u043e\u0434\u0430 \u0433\u0440\u0443\u0434\u043d\u043e\u0433\u043e \u0432\u0441\u043a\u0430\u0440\u043c\u043b\u0438\u0432\u0430\u043d\u0438\u044f, \u043f\u043e\u0441\u043b\u0435 Holle Bio Folgemilch 4 (Holle Organic Growing-up Milk 3) \u0438\u043b\u0438 \u043f\u0440\u0438 \u043f\u0435\u0440\u0435\u0445\u043e\u0434\u0435 \u0441 \u0434\u0440\u0443\u0433\u043e\u0439 \u0434\u043e\u043f\u043e\u043b\u043d\u0438\u0442\u0435\u043b\u044c\u043d\u043e\u0439 \u0434\u0435\u0442\u0441\u043a\u043e\u0439 \u0441\u043c\u0435\u0441\u0438. Holle Bio Folgemilch 4 \u043c\u043e\u0436\u043d\u043e \u0438\u0441\u043f\u043e\u043b\u044c\u0437\u043e\u0432\u0430\u0442\u044c \u0441 \u043a\u0430\u0448\u0435\u0439 Holle Junior Muesli \u0438 \u043a\u0430\u0448\u0435\u0439 Holle Organic Baby.<\/p>\n<p><strong>\u0421\u043f\u043e\u0441\u043e\u0431 \u043f\u0440\u0438\u0433\u043e\u0442\u043e\u0432\u043b\u0435\u043d\u0438\u044f:<\/strong> \u0427\u0442\u043e\u0431\u044b \u0442\u0449\u0430\u0442\u0435\u043b\u044c\u043d\u043e \u043e\u0447\u0438\u0441\u0442\u0438\u0442\u044c \u0431\u0443\u0442\u044b\u043b\u043e\u0447\u043a\u0443, \u043a\u0440\u044b\u0448\u043a\u0443 \u0438 \u0441\u043e\u0441\u043a\u0443, \u043f\u0435\u0440\u0435\u0434 \u0438\u0441\u043f\u043e\u043b\u044c\u0437\u043e\u0432\u0430\u043d\u0438\u0435\u043c \u043f\u0440\u043e\u0441\u0442\u0435\u0440\u0438\u043b\u0438\u0437\u0443\u0439\u0442\u0435 \u0432\u0441\u0435 \u0432 \u043a\u0438\u043f\u044f\u0449\u0435\u0439 \u0432\u043e\u0434\u0435 \u0432 \u0442\u0435\u0447\u0435\u043d\u0438\u0435 3-5 \u043c\u0438\u043d\u0443\u0442. \u0412\u0441\u043a\u0438\u043f\u044f\u0442\u0438\u0442\u0435 \u0432\u043e\u0434\u0443 \u0438 \u043e\u0441\u0442\u0443\u0434\u0438\u0442\u0435 \u0435\u0435 \u0434\u043e \u043e\u043a. 50\u00b0C. \u041a\u0430\u0436\u0434\u044b\u0439 \u0440\u0430\u0437 \u0434\u0435\u043b\u0430\u0439\u0442\u0435 \u043e\u0434\u043d\u0443 \u0431\u0443\u0442\u044b\u043b\u043e\u0447\u043a\u0443 \u0441\u043e \u0441\u043c\u0435\u0441\u044c\u044e. \u041d\u0430\u043b\u0435\u0439\u0442\u0435 \u0432 \u0431\u0443\u0442\u044b\u043b\u043e\u0447\u043a\u0443 \u043f\u0440\u0438\u043c\u0435\u0440\u043d\u043e \u043f\u043e\u043b\u043e\u0432\u0438\u043d\u0443 \u043e\u0445\u043b\u0430\u0436\u0434\u0435\u043d\u043d\u043e\u0439 \u0432\u043e\u0434\u044b (\u043a\u043e\u043b\u0438\u0447\u0435\u0441\u0442\u0432\u043e \u0441\u043c. \u0432 \u0442\u0430\u0431\u043b\u0438\u0446\u0435 \u043a\u043e\u0440\u043c\u043b\u0435\u043d\u0438\u044f \u043d\u0438\u0436\u0435). \u0414\u043e\u0431\u0430\u0432\u044c\u0442\u0435 \u0432 \u0431\u0443\u0442\u044b\u043b\u043e\u0447\u043a\u0443 \u0441\u043e\u043e\u0442\u0432\u0435\u0442\u0441\u0442\u0432\u0443\u044e\u0449\u0435\u0435 \u043a\u043e\u043b\u0438\u0447\u0435\u0441\u0442\u0432\u043e \u043c\u0435\u0440\u043d\u044b\u0445 \u043b\u043e\u0436\u0435\u043a \u0441\u043c\u0435\u0441\u0438 \u0432 \u0441\u043e\u043e\u0442\u0432\u0435\u0442\u0441\u0442\u0432\u0438\u0438 \u0441 \u0442\u0430\u0431\u043b\u0438\u0446\u0435\u0439. \u041d\u0430\u043f\u043e\u043b\u043d\u0438\u0442\u0435 \u043c\u0435\u0440\u043d\u0443\u044e \u043b\u043e\u0436\u043a\u0443 \u0441\u043c\u0435\u0441\u044c\u044e Holle \u0438 \u0441 \u043f\u043e\u043c\u043e\u0449\u044c\u044e \u043d\u043e\u0436\u0430 \u0440\u0430\u0437\u0433\u043b\u0430\u0434\u044c\u0442\u0435 \u043a\u0440\u0430\u044f \u043c\u0435\u0440\u043d\u043e\u0439 \u043b\u043e\u0436\u043a\u0438. \u0418\u0441\u043f\u043e\u043b\u044c\u0437\u0443\u0439\u0442\u0435 \u0442\u043e\u043b\u044c\u043a\u043e \u043c\u0435\u0440\u043d\u0443\u044e \u043b\u043e\u0436\u043a\u0443, \u0432\u0445\u043e\u0434\u044f\u0449\u0443\u044e \u0432 \u043a\u043e\u043c\u043f\u043b\u0435\u043a\u0442 \u043f\u043e\u0441\u0442\u0430\u0432\u043a\u0438. \u041e\u0421\u0422\u041e\u0420\u041e\u0416\u041d\u041e \u0432\u0441\u0442\u0440\u044f\u0445\u043d\u0438\u0442\u0435 \u0431\u0443\u0442\u044b\u043b\u043a\u0443. \u0414\u043e\u0431\u0430\u0432\u044c\u0442\u0435 \u043e\u0441\u0442\u0430\u0432\u0448\u0443\u044e\u0441\u044f \u0432\u043e\u0434\u0443 \u0438 \u0441\u043d\u043e\u0432\u0430 \u0432\u0441\u0442\u0440\u044f\u0445\u043d\u0438\u0442\u0435 \u0431\u0443\u0442\u044b\u043b\u043a\u0443. \u041f\u0435\u0440\u0435\u0434 \u043a\u043e\u0440\u043c\u043b\u0435\u043d\u0438\u0435\u043c \u043e\u0445\u043b\u0430\u0434\u0438\u0442\u0435 \u0434\u043e \u0442\u0435\u043c\u043f\u0435\u0440\u0430\u0442\u0443\u0440\u044b, \u043f\u0440\u0438\u0433\u043e\u0434\u043d\u043e\u0439 \u0434\u043b\u044f \u0438\u0441\u043f\u043e\u043b\u044c\u0437\u043e\u0432\u0430\u043d\u0438\u044f (37\u00b0C). \u041a\u043e\u0440\u043c\u0438\u0442\u044c \u0438\u0437 \u0431\u0443\u0442\u044b\u043b\u043e\u0447\u043a\u0438 \u0438\u043b\u0438 \u0447\u0430\u0448\u043a\u0438.<\/p>\n<p><strong>\u0420\u0435\u043a\u043e\u043c\u0435\u043d\u0434\u0430\u0446\u0438\u0438 \u043f\u043e \u043f\u0440\u0438\u0433\u043e\u0442\u043e\u0432\u043b\u0435\u043d\u0438\u044e:<\/strong>\u0422\u043e\u0447\u043d\u043e \u0441\u043b\u0435\u0434\u0443\u0439\u0442\u0435 \u0438\u043d\u0441\u0442\u0440\u0443\u043a\u0446\u0438\u044f\u043c \u043f\u043e \u043f\u0440\u0438\u0433\u043e\u0442\u043e\u0432\u043b\u0435\u043d\u0438\u044e \u0438 \u0443\u0441\u043b\u043e\u0432\u0438\u044f\u043c \u0445\u0440\u0430\u043d\u0435\u043d\u0438\u044f - \u043d\u0435\u043f\u0440\u0430\u0432\u0438\u043b\u044c\u043d\u043e \u043f\u0440\u0438\u0433\u043e\u0442\u043e\u0432\u043b\u0435\u043d\u043d\u0430\u044f \u0438\u043b\u0438 \u0445\u0440\u0430\u043d\u0438\u043c\u0430\u044f \u043c\u043e\u043b\u043e\u0447\u043d\u0430\u044f \u0441\u043c\u0435\u0441\u044c \u043d\u0435\u0431\u0435\u0437\u043e\u043f\u0430\u0441\u043d\u0430 \u0434\u043b\u044f \u0437\u0434\u043e\u0440\u043e\u0432\u044c\u044f \u0440\u0435\u0431\u0435\u043d\u043a\u0430! \u0421\u043e\u0431\u043b\u044e\u0434\u0430\u0439\u0442\u0435 \u0443\u043a\u0430\u0437\u0430\u043d\u043d\u044b\u0435 \u0432 \u0442\u0430\u0431\u043b\u0438\u0446\u0435 \u0434\u043e\u0437\u0438\u0440\u043e\u0432\u043a\u0438, \u043a\u043e\u0442\u043e\u0440\u044b\u0435 \u043f\u0440\u0438\u0437\u0432\u0430\u043d\u044b \u043e\u0431\u0435\u0441\u043f\u0435\u0447\u0438\u0442\u044c \u0440\u0435\u0431\u0435\u043d\u043a\u0430 \u043d\u0435\u043e\u0431\u0445\u043e\u0434\u0438\u043c\u044b\u043c\u0438 \u043f\u0438\u0442\u0430\u0442\u0435\u043b\u044c\u043d\u044b\u043c\u0438 \u0432\u0435\u0449\u0435\u0441\u0442\u0432\u0430\u043c\u0438! \u041d\u0435 \u0438\u0437\u043c\u0435\u043d\u044f\u0439\u0442\u0435 \u043f\u0440\u043e\u043f\u043e\u0440\u0446\u0438\u0438 \u0441\u043c\u0435\u0441\u0438, \u0435\u0441\u043b\u0438 \u044d\u0442\u043e \u043d\u0435 \u0440\u0435\u043a\u043e\u043c\u0435\u043d\u0434\u043e\u0432\u0430\u043d\u043e \u0432\u0440\u0430\u0447\u043e\u043c. \u0418\u0441\u043f\u043e\u043b\u044c\u0437\u0443\u0439\u0442\u0435 \u0442\u043e\u043b\u044c\u043a\u043e \u043f\u0440\u0438\u043b\u0430\u0433\u0430\u0435\u043c\u0443\u044e \u043c\u0435\u0440\u043d\u0443\u044e \u043b\u043e\u0436\u043a\u0443! \u041a\u0430\u0436\u0434\u044b\u0439 \u0440\u0430\u0437 \u0433\u043e\u0442\u043e\u0432\u044c\u0442\u0435 \u043d\u043e\u0432\u0443\u044e \u043f\u043e\u0440\u0446\u0438\u044e! \u041d\u0435 \u0434\u0430\u0432\u0430\u0439\u0442\u0435 \u0441\u043c\u0435\u0441\u044c \u0440\u0435\u0431\u0435\u043d\u043a\u0443 \u043f\u043e\u0432\u0442\u043e\u0440\u043d\u043e \u043f\u043e\u0434\u043e\u0433\u0440\u0435\u0442\u043e\u0439! \u041d\u0435 \u0440\u0430\u0437\u043e\u0433\u0440\u0435\u0432\u0430\u0439\u0442\u0435 \u0441\u043c\u0435\u0441\u044c \u0432 \u043c\u0438\u043a\u0440\u043e\u0432\u043e\u043b\u043d\u043e\u0432\u043e\u0439 \u043f\u0435\u0447\u0438 (\u043e\u043f\u0430\u0441\u043d\u043e\u0441\u0442\u044c \u043f\u0435\u0440\u0435\u0433\u0440\u0435\u0432\u0430)!<\/p>\n<p><strong>\u0411\u0430\u0437\u043e\u0432\u044b\u0439 \u0440\u0435\u0446\u0435\u043f\u0442:<\/strong>13,2 \u0433 Holle Bio Folgemilch 4 + 90 \u043c\u043b \u043a\u0438\u043f\u044f\u0447\u0435\u043d\u043e\u0439 \u0432\u043e\u0434\u044b = 100 \u043c\u043b \u0433\u043e\u0442\u043e\u0432\u043e\u0433\u043e \u043a \u0443\u043f\u043e\u0442\u0440\u0435\u0431\u043b\u0435\u043d\u0438\u044e \u043f\u0440\u043e\u0434\u0443\u043a\u0442\u0430. \u041e\u0434\u043d\u043e\u0439 \u0443\u043f\u0430\u043a\u043e\u0432\u043a\u0438 \u0445\u0432\u0430\u0442\u0430\u0435\u0442 \u043f\u0440\u0438\u043c\u0435\u0440\u043d\u043e \u043d\u0430 42 \u043f\u0440\u0438\u0435\u043c\u0430 \u043f\u0438\u0449\u0438 (\u043f\u043e 100 \u043c\u043b).<\/p>\n<p><strong>\u0421\u043e\u0441\u0442\u0430\u0432:<\/strong>\u043e\u0431\u0435\u0437\u0436\u0438\u0440\u0435\u043d\u043d\u043e\u0435 \u043c\u043e\u043b\u043e\u043a\u043e**1, \u0441\u0443\u0445\u0430\u044f \u0441\u044b\u0432\u043e\u0440\u043e\u0442\u043a\u0430* (\u0447\u0430\u0441\u0442\u0438\u0447\u043d\u043e \u0434\u0435\u043c\u0438\u043d\u0435\u0440\u0430\u043b\u0438\u0437\u043e\u0432\u0430\u043d\u043d\u0430\u044f), \u0440\u0430\u0441\u0442\u0438\u0442\u0435\u043b\u044c\u043d\u044b\u0435 \u043c\u0430\u0441\u043b\u0430* (\u043f\u0430\u043b\u044c\u043c\u043e\u0432\u043e\u0435 \u043c\u0430\u0441\u043b\u043e*3, \u043f\u043e\u0434\u0441\u043e\u043b\u043d\u0435\u0447\u043d\u043e\u0435 \u043c\u0430\u0441\u043b\u043e*, \u0440\u0430\u043f\u0441\u043e\u0432\u043e\u0435 \u043c\u0430\u0441\u043b\u043e*), \u043c\u0430\u043b\u044c\u0442\u043e\u0434\u0435\u043a\u0441\u0442\u0440\u0438\u043d*, \u043a\u0440\u0430\u0445\u043c\u0430\u043b*, \u043a\u0430\u0440\u0431\u043e\u043d\u0430\u0442 \u043a\u0430\u043b\u044c\u0446\u0438\u044f, \u043c\u0430\u0441\u043b\u043e \u043c\u0438\u043a\u0440\u043e\u0432\u043e\u0434\u043e\u0440\u043e\u0441\u043b\u0438 Schizochytrium sp.2, \u0445\u043b\u043e\u0440\u0438\u0434 \u043a\u0430\u043b\u0438\u044f, \u043a\u0430\u043b\u044c\u0446\u0438\u0435\u0432\u044b\u0435 \u0441\u043e\u043b\u0438 \u043e\u0440\u0442\u043e\u0444\u043e\u0441\u0444\u043e\u0440\u043d\u043e\u0439 \u043a\u0438\u0441\u043b\u043e\u0442\u044b, \u0432\u0438\u0442\u0430\u043c\u0438\u043d \u0421, L-\u0442\u0438\u0440\u043e\u0437\u0438\u043d, \u0445\u043b\u043e\u0440\u0438\u0434 \u043d\u0430\u0442\u0440\u0438\u044f, L-\u0442\u0440\u0438\u043f\u0442\u043e\u0444\u0430\u043d, \u043a\u0430\u0440\u0431\u043e\u043d\u0430\u0442 \u043c\u0430\u0433\u043d\u0438\u044f, \u0441\u0443\u043b\u044c\u0444\u0430\u0442 \u0436\u0435\u043b\u0435\u0437\u0430, \u0432\u0438\u0442\u0430\u043c\u0438\u043d \u0415, \u0441\u0443\u043b\u044c\u0444\u0430\u0442 \u0446\u0438\u043d\u043a\u0430, \u043d\u0438\u0430\u0446\u0438\u043d, \u043f\u0430\u043d\u0442\u043e\u0442\u0435\u043d\u043e\u0432\u0430\u044f \u043a\u0438\u0441\u043b\u043e\u0442\u0430, \u0441\u0443\u043b\u044c\u0444\u0430\u0442 \u043c\u0435\u0434\u0438, \u0442\u0438\u0430\u043c\u0438\u043d, \u0432\u0438\u0442\u0430\u043c\u0438\u043d \u0410, \u0432\u0438\u0442\u0430\u043c\u0438\u043d \u04126, \u0441\u0443\u043b\u044c\u0444\u0430\u0442 \u043c\u0430\u0440\u0433\u0430\u043d\u0446\u0430, \u0444\u043e\u043b\u0438\u0435\u0432\u0430\u044f \u043a\u0438\u0441\u043b\u043e\u0442\u0430, \u0439\u043e\u0434\u0438\u0434 \u043a\u0430\u043b\u0438\u044f, \u0441\u0435\u043b\u0435\u043d\u0438\u0442 \u043d\u0430\u0442\u0440\u0438\u044f, \u0432\u0438\u0442\u0430\u043c\u0438\u043d \u041a, \u0432\u0438\u0442\u0430\u043c\u0438\u043d D, \u0431\u0438\u043e\u0442\u0438\u043d, \u0432\u0438\u0442\u0430\u043c\u0438\u043d \u041212<\/p>\n<p>* \u0438\u0437 \u043e\u0440\u0433\u0430\u043d\u0438\u0447\u0435\u0441\u043a\u043e\u0433\u043e \u0437\u0435\u043c\u043b\u0435\u0434\u0435\u043b\u0438\u044f<\/p>\n<p>**Demeter (\u0438\u0437 \u0431\u0438\u043e\u0434\u0438\u043d\u0430\u043c\u0438\u0447\u0435\u0441\u043a\u043e\u0433\u043e \u0437\u0435\u043c\u043b\u0435\u0434\u0435\u043b\u0438\u044f)<\/p>\n<p>&nbsp;<\/p>","protected":false},"excerpt":{"rendered":"<p>V\u0103 rug\u0103m s\u0103 re\u021bine\u021bi: al\u0103ptarea este cea mai bun\u0103 pentru copilul dumneavoastr\u0103! Sigla ecologic\u0103 UE garanteaz\u0103 conformitatea cu legisla\u021bia agriculturii<\/p>","protected":false},"featured_media":188678,"comment_status":"closed","ping_status":"closed","template":"..\/public\/views\/revslider-page-template.php","meta":{"_monsterinsights_skip_tracking":false,"_monsterinsights_sitenote_active":false,"_monsterinsights_sitenote_note":"","_monsterinsights_sitenote_category":0},"product_brand":[],"product_cat":[55,1141,51,449],"product_tag":[],"class_list":{"0":"post-172844","1":"product","2":"type-product","3":"status-publish","4":"has-post-thumbnail","6":"product_cat-toate-produsele","7":"product_cat-produse-pentru-bebelusi","8":"product_cat-alimentatie","9":"product_cat-late-praf","11":"first","12":"outofstock","13":"shipping-taxable","14":"purchasable","15":"product-type-simple"},"_links":{"self":[{"href":"http:\/\/toystoys.md\/ru\/wp-json\/wp\/v2\/product\/172844","targetHints":{"allow":["GET"]}}],"collection":[{"href":"http:\/\/toystoys.md\/ru\/wp-json\/wp\/v2\/product"}],"about":[{"href":"http:\/\/toystoys.md\/ru\/wp-json\/wp\/v2\/types\/product"}],"replies":[{"embeddable":true,"href":"http:\/\/toystoys.md\/ru\/wp-json\/wp\/v2\/comments?post=172844"}],"wp:featuredmedia":[{"embeddable":true,"href":"http:\/\/toystoys.md\/ru\/wp-json\/wp\/v2\/media\/188678"}],"wp:attachment":[{"href":"http:\/\/toystoys.md\/ru\/wp-json\/wp\/v2\/media?parent=172844"}],"wp:term":[{"taxonomy":"product_brand","embeddable":true,"href":"http:\/\/toystoys.md\/ru\/wp-json\/wp\/v2\/product_brand?post=172844"},{"taxonomy":"product_cat","embeddable":true,"href":"http:\/\/toystoys.md\/ru\/wp-json\/wp\/v2\/product_cat?post=172844"},{"taxonomy":"product_tag","embeddable":true,"href":"http:\/\/toystoys.md\/ru\/wp-json\/wp\/v2\/product_tag?post=172844"}],"curies":[{"name":"wp","href":"https:\/\/api.w.org\/{rel}","templated":true}]}}