{"id":169399,"date":"2023-12-07T11:38:27","date_gmt":"2023-12-07T09:38:27","guid":{"rendered":""},"modified":"2025-12-31T11:45:45","modified_gmt":"2025-12-31T09:45:45","slug":"prod_8421134081314_sc91166","status":"publish","type":"product","link":"http:\/\/toystoys.md\/ru\/shop\/prod_8421134081314_sc91166\/","title":{"rendered":"Club Petz \u2014 \u0418\u043d\u0442\u0435\u0440\u0430\u043a\u0442\u0438\u0432\u043d\u044b\u0439 \u0449\u0435\u043d\u043e\u043a Milo IMC TOYS"},"content":{"rendered":"<p>Dr\u0103gu\u021b c\u00e2ine Milo pentru micu\u021bii iubitori de c\u00e2ini din familie!<br \/>\nDac\u0103 copilul dumneavoastr\u0103 v\u0103 cere adesea s\u0103 aduce\u021bi acas\u0103 un animal de companie, r\u0103sf\u0103\u021ba\u021bi-l cu acest adorabil c\u0103\u021belu\u0219 interactiv de la IMC Toys. Milo va deveni \u00eenso\u021bitorul fidel al copilului t\u0103u \u0219i \u00eempreun\u0103 cu el va \u00eenv\u0103\u021ba cum s\u0103 \u00eengrijeasc\u0103 un animal de companie. Juc\u0103ria este realizat\u0103 din plu\u0219 de \u00eenalt\u0103 calitate, moale \u0219i pl\u0103cut\u0103 la atingere. Poate scoate 15 sunete diferite, se poate mi\u0219ca \u00eenainte \u0219i \u00eenapoi, s\u0103 asculte comenzi \u0219i s\u0103 efectueze trucuri atunci c\u00e2nd fluturi m\u00e2na c\u0103tre el. C\u0103\u021belu\u0219ul vine complet cu un guler \u0219i o les\u0103, astfel \u00eenc\u00e2t copiii t\u0103i s\u0103-l poat\u0103 scoate la plimbare.<\/p>\n<p>Cu ajutorul acestei juc\u0103rii, copiii t\u0103i \u00ee\u0219i vor dezvolta imagina\u021bia \u0219i imagina\u021bia \u0219i se vor distra mult.<\/p>\n<p>\u0425\u0430\u0440\u0430\u043a\u0442\u0435\u0440\u0438\u0441\u0442\u0438\u043a\u0438:<br \/>\n&#8211; Peste 15 func\u021bii de sunet<br \/>\n&#8211; Urmeaz\u0103 comenzile manuale.<br \/>\n&#8211; Se deplaseaz\u0103 \u00eenainte\/\u00eenapoi<br \/>\n&#8211; Baterii 4 x AA (baterii de testare incluse)<br \/>\n&#8211; Varsta recomandata: 18 luni+<\/p>","protected":false},"excerpt":{"rendered":"<p>Dr\u0103gu\u021b c\u00e2ine Milo pentru micu\u021bii iubitori de c\u00e2ini din familie! Dac\u0103 copilul dumneavoastr\u0103 v\u0103 cere adesea s\u0103 aduce\u021bi acas\u0103 un<\/p>","protected":false},"featured_media":169451,"comment_status":"closed","ping_status":"closed","template":"..\/public\/views\/revslider-page-template.php","meta":{"_monsterinsights_skip_tracking":false,"_monsterinsights_sitenote_active":false,"_monsterinsights_sitenote_note":"","_monsterinsights_sitenote_category":0},"product_brand":[],"product_cat":[55,1137,46,1551,1558,76],"product_tag":[],"class_list":{"0":"post-169399","1":"product","2":"type-product","3":"status-publish","4":"has-post-thumbnail","6":"product_cat-toate-produsele","7":"product_cat-jucarii","8":"product_cat-jucarii-de-plus","9":"product_cat-animale","10":"product_cat-plusuri-interactive","11":"product_cat-jucarii-interactiv","13":"first","14":"outofstock","15":"shipping-taxable","16":"purchasable","17":"product-type-simple"},"_links":{"self":[{"href":"http:\/\/toystoys.md\/ru\/wp-json\/wp\/v2\/product\/169399","targetHints":{"allow":["GET"]}}],"collection":[{"href":"http:\/\/toystoys.md\/ru\/wp-json\/wp\/v2\/product"}],"about":[{"href":"http:\/\/toystoys.md\/ru\/wp-json\/wp\/v2\/types\/product"}],"replies":[{"embeddable":true,"href":"http:\/\/toystoys.md\/ru\/wp-json\/wp\/v2\/comments?post=169399"}],"wp:featuredmedia":[{"embeddable":true,"href":"http:\/\/toystoys.md\/ru\/wp-json\/wp\/v2\/media\/169451"}],"wp:attachment":[{"href":"http:\/\/toystoys.md\/ru\/wp-json\/wp\/v2\/media?parent=169399"}],"wp:term":[{"taxonomy":"product_brand","embeddable":true,"href":"http:\/\/toystoys.md\/ru\/wp-json\/wp\/v2\/product_brand?post=169399"},{"taxonomy":"product_cat","embeddable":true,"href":"http:\/\/toystoys.md\/ru\/wp-json\/wp\/v2\/product_cat?post=169399"},{"taxonomy":"product_tag","embeddable":true,"href":"http:\/\/toystoys.md\/ru\/wp-json\/wp\/v2\/product_tag?post=169399"}],"curies":[{"name":"wp","href":"https:\/\/api.w.org\/{rel}","templated":true}]}}