{"id":166885,"date":"2023-11-19T13:48:54","date_gmt":"2023-11-19T11:48:54","guid":{"rendered":""},"modified":"2024-12-03T16:49:15","modified_gmt":"2024-12-03T14:49:15","slug":"prod_194735120185_sc90712","status":"publish","type":"product","link":"http:\/\/toystoys.md\/ru\/shop\/prod_194735120185_sc90712\/","title":{"rendered":"\u041a\u0443\u043a\u043b\u0430 Disney Princess - \u0424\u043b\u0438\u043d\u043d \u0420\u0430\u0439\u0434\u0435\u0440 MATTEL"},"content":{"rendered":"<p>\u041e\u0442\u043a\u0440\u043e\u0439\u0442\u0435 \u0434\u043b\u044f \u0441\u0435\u0431\u044f \u0432\u043e\u043b\u0448\u0435\u0431\u043d\u044b\u0439 \u043c\u0438\u0440 \u0441\u043a\u0430\u0437\u043e\u043a \u0414\u0438\u0441\u043d\u0435\u044f \u0441 \u044d\u0442\u043e\u0439 \u0443\u0434\u0438\u0432\u0438\u0442\u0435\u043b\u044c\u043d\u043e\u0439 \u043a\u0443\u043a\u043b\u043e\u0439 \u0411\u0430\u0440\u0431\u0438 \u0424\u043b\u0438\u043d\u043d \u0420\u0430\u0439\u0434\u0435\u0440! \u042d\u0442\u0430 \u0434\u0435\u0442\u0430\u043b\u0438\u0437\u0438\u0440\u043e\u0432\u0430\u043d\u043d\u0430\u044f \u043a\u0443\u043a\u043b\u0430, \u0438\u0437\u0433\u043e\u0442\u043e\u0432\u043b\u0435\u043d\u043d\u0430\u044f \u0438\u0437 \u0432\u044b\u0441\u043e\u043a\u043e\u043a\u0430\u0447\u0435\u0441\u0442\u0432\u0435\u043d\u043d\u043e\u0433\u043e \u043f\u043b\u0430\u0441\u0442\u0438\u043a\u0430, \u043e\u0436\u0438\u0432\u043b\u044f\u0435\u0442 \u043b\u044e\u0431\u0438\u043c\u043e\u0433\u043e \u043f\u0435\u0440\u0441\u043e\u043d\u0430\u0436\u0430 \u0424\u043b\u0438\u043d\u043d \u0420\u0430\u0439\u0434\u0435\u0440\u0430 \u0438\u0437 \u043c\u0438\u0440\u0430 \u0414\u0438\u0441\u043d\u0435\u0439 \u041f\u0440\u0438\u043d\u0446\u0435\u0441\u0441. \u0421 \u0432\u044b\u0441\u043e\u0442\u043e\u0439 \u0432 30 \u0441\u0430\u043d\u0442\u0438\u043c\u0435\u0442\u0440\u043e\u0432 \u044d\u0442\u0430 \u043a\u0443\u043a\u043b\u0430 \u0438\u0434\u0435\u0430\u043b\u044c\u043d\u043e \u043f\u043e\u0434\u0445\u043e\u0434\u0438\u0442 \u0434\u043b\u044f \u043f\u043e\u043a\u043b\u043e\u043d\u043d\u0438\u043a\u043e\u0432 \u0414\u0438\u0441\u043d\u0435\u044f \u0432\u0441\u0435\u0445 \u0432\u043e\u0437\u0440\u0430\u0441\u0442\u043e\u0432.<\/p>\n<p>\u041a\u0443\u043a\u043b\u0430 \u043e\u0434\u0435\u0442\u0430 \u0432 \u0437\u043d\u0430\u043a\u043e\u0432\u044b\u0439 \u043d\u0430\u0440\u044f\u0434 \u0424\u043b\u0438\u043d\u043d\u0430 \u0420\u0430\u0439\u0434\u0435\u0440\u0430, \u043a\u0430\u0436\u0434\u0430\u044f \u0434\u0435\u0442\u0430\u043b\u044c \u0442\u0449\u0430\u0442\u0435\u043b\u044c\u043d\u043e \u0432\u043e\u0441\u0441\u043e\u0437\u0434\u0430\u043d\u0430 \u0434\u043b\u044f \u043f\u043e\u0434\u043b\u0438\u043d\u043d\u043e\u0433\u043e \u0432\u0438\u0434\u0430 \u043f\u0435\u0440\u0441\u043e\u043d\u0430\u0436\u0430. \u0421 \u044d\u0442\u043e\u0439 \u043a\u0443\u043a\u043b\u043e\u0439 \u0424\u043b\u0438\u043d\u043d \u0420\u0430\u0439\u0434\u0435\u0440 \u0434\u0435\u0442\u0438 \u043c\u043e\u0433\u0443\u0442 \u0432\u043e\u0441\u0441\u043e\u0437\u0434\u0430\u0442\u044c \u043f\u0430\u043c\u044f\u0442\u043d\u044b\u0435 \u0441\u0446\u0435\u043d\u044b \u0438\u0437 \u0441\u0432\u043e\u0435\u0433\u043e \u043b\u044e\u0431\u0438\u043c\u043e\u0433\u043e \u0444\u0438\u043b\u044c\u043c\u0430 \u0414\u0438\u0441\u043d\u0435\u044f \u0438 \u0432\u043e\u043e\u0431\u0440\u0430\u0437\u0438\u0442\u044c \u043d\u043e\u0432\u044b\u0435 \u0443\u0432\u043b\u0435\u043a\u0430\u0442\u0435\u043b\u044c\u043d\u044b\u0435 \u043f\u0440\u0438\u043a\u043b\u044e\u0447\u0435\u043d\u0438\u044f.<\/p>\n<p>\u042d\u0442\u0430 \u043a\u0443\u043a\u043b\u0430 \u043f\u043e\u0434\u0445\u043e\u0434\u0438\u0442 \u0434\u043b\u044f \u0434\u0435\u0442\u0435\u0439 \u043e\u0442 3 \u043b\u0435\u0442 \u0438 \u044f\u0432\u043b\u044f\u0435\u0442\u0441\u044f \u043e\u0442\u043b\u0438\u0447\u043d\u044b\u043c \u043f\u043e\u0434\u0430\u0440\u043a\u043e\u043c \u0434\u043b\u044f \u043b\u044e\u0431\u043e\u0433\u043e \u043f\u043e\u043a\u043b\u043e\u043d\u043d\u0438\u043a\u0430 \u0434\u0438\u0441\u043d\u0435\u0435\u0432\u0441\u043a\u0438\u0445 \u0441\u043a\u0430\u0437\u043e\u043a.<\/p>","protected":false},"excerpt":{"rendered":"<p>Descoper\u0103 lumea fermecat\u0103 a pove\u0219tilor Disney cu aceast\u0103 minunat\u0103 papus\u0103 Barbie Flynn Rider! Aceast\u0103 papus\u0103 detaliat\u0103, realizat\u0103 din plastic de<\/p>","protected":false},"featured_media":166892,"comment_status":"closed","ping_status":"closed","template":"..\/public\/views\/revslider-page-template.php","meta":{"_monsterinsights_skip_tracking":false,"_monsterinsights_sitenote_active":false,"_monsterinsights_sitenote_note":"","_monsterinsights_sitenote_category":0},"product_brand":[],"product_cat":[55,1137,34,1117,1039],"product_tag":[],"class_list":{"0":"post-166885","1":"product","2":"type-product","3":"status-publish","4":"has-post-thumbnail","6":"product_cat-toate-produsele","7":"product_cat-jucarii","8":"product_cat-papusi-casute","9":"product_cat-papusi-si-seturi","10":"product_cat-eroii","12":"first","13":"instock","14":"shipping-taxable","15":"purchasable","16":"product-type-simple"},"_links":{"self":[{"href":"http:\/\/toystoys.md\/ru\/wp-json\/wp\/v2\/product\/166885","targetHints":{"allow":["GET"]}}],"collection":[{"href":"http:\/\/toystoys.md\/ru\/wp-json\/wp\/v2\/product"}],"about":[{"href":"http:\/\/toystoys.md\/ru\/wp-json\/wp\/v2\/types\/product"}],"replies":[{"embeddable":true,"href":"http:\/\/toystoys.md\/ru\/wp-json\/wp\/v2\/comments?post=166885"}],"wp:featuredmedia":[{"embeddable":true,"href":"http:\/\/toystoys.md\/ru\/wp-json\/wp\/v2\/media\/166892"}],"wp:attachment":[{"href":"http:\/\/toystoys.md\/ru\/wp-json\/wp\/v2\/media?parent=166885"}],"wp:term":[{"taxonomy":"product_brand","embeddable":true,"href":"http:\/\/toystoys.md\/ru\/wp-json\/wp\/v2\/product_brand?post=166885"},{"taxonomy":"product_cat","embeddable":true,"href":"http:\/\/toystoys.md\/ru\/wp-json\/wp\/v2\/product_cat?post=166885"},{"taxonomy":"product_tag","embeddable":true,"href":"http:\/\/toystoys.md\/ru\/wp-json\/wp\/v2\/product_tag?post=166885"}],"curies":[{"name":"wp","href":"https:\/\/api.w.org\/{rel}","templated":true}]}}