{"id":166571,"date":"2023-11-16T22:53:19","date_gmt":"2023-11-16T22:53:19","guid":{"rendered":"https:\/\/toystoys.md\/shop\/prod_4600338007069_sc90194\/"},"modified":"2023-11-17T15:07:13","modified_gmt":"2023-11-17T13:07:13","slug":"prod_4600338007069_sc90194","status":"publish","type":"product","link":"http:\/\/toystoys.md\/ru\/shop\/prod_4600338007069_sc90194\/","title":{"rendered":"\u041f\u044e\u0440\u0435 \u044f\u0431\u043b\u043e\u043a\u0438-\u0447\u0435\u0440\u043d\u0430\u044f \u0441\u043c\u043e\u0440\u043e\u0434\u0438\u043d\u0430-\u043a\u0440\u0430\u0441\u043d\u0430\u044f \u0441\u043c\u043e\u0440\u043e\u0434\u0438\u043d\u0430 5+ \u0424\u0440\u0443\u0442\u043e\u041d\u044f\u043d\u044f 90\u0433"},"content":{"rendered":"<p>\u0424\u0440\u0443\u043a\u0442\u043e\u0432\u043e\u0435 \u043f\u044e\u0440\u0435 \u00ab\u0424\u0440\u0443\u0442\u043e\u041d\u044f\u043d\u044f\u00bb \u0421\u0430\u043b\u0430\u0442\u0438\u043a \u0441\u043e \u0441\u043c\u043e\u0440\u043e\u0434\u0438\u043d\u043e\u0439 \u0432 \u043c\u044f\u0433\u043a\u043e\u0439 \u0443\u043f\u0430\u043a\u043e\u0432\u043a\u0435 \u2014 \u044d\u0442\u043e \u0432\u043a\u0443\u0441\u043d\u044b\u0439 \u0438 \u043f\u043e\u043b\u0435\u0437\u043d\u044b\u0439 \u043f\u0435\u0440\u0435\u043a\u0443\u0441, \u043a\u043e\u0442\u043e\u0440\u044b\u0439 \u0443\u0434\u043e\u0431\u043d\u043e \u0431\u0440\u0430\u0442\u044c \u0441 \u0441\u043e\u0431\u043e\u0439, \u0430 \u044f\u0440\u043a\u0430\u044f \u043c\u044f\u0433\u043a\u0430\u044f \u0443\u043f\u0430\u043a\u043e\u0432\u043a\u0430 \u043f\u0440\u0438\u0432\u043b\u0435\u0447\u0451\u0442 \u0432\u043d\u0438\u043c\u0430\u043d\u0438\u0435 \u0432\u0430\u0448\u0435\u0433\u043e \u043c\u0430\u043b\u044b\u0448\u0430 \u0438 \u043f\u043e\u0437\u0432\u043e\u043b\u0438\u0442 \u0435\u043c\u0443 \u0435\u0441\u0442\u044c \u0441\u0430\u043c\u043e\u0441\u0442\u043e\u044f\u0442\u0435\u043b\u044c\u043d\u043e. \u0410\u0440\u043e\u043c\u0430\u0442\u043d\u0430\u044f \u0441\u043c\u043e\u0440\u043e\u0434\u0438\u043d\u0430 \u0438 \u043e\u0442\u0431\u043e\u0440\u043d\u044b\u0435 \u044f\u0431\u043b\u043e\u043a\u0438 \u043e\u0431\u0435\u0441\u043f\u0435\u0447\u0430\u0442 \u043e\u0440\u0433\u0430\u043d\u0438\u0437\u043c \u0432\u0430\u0448\u0435\u0433\u043e \u043c\u0430\u043b\u044b\u0448\u0430 \u043f\u0440\u0438\u0440\u043e\u0434\u043d\u043e\u0439 \u043f\u043e\u043b\u044c\u0437\u043e\u0439 \u0438 \u044d\u043d\u0435\u0440\u0433\u0438\u0435\u0439 \u0434\u043b\u044f \u0433\u0430\u0440\u043c\u043e\u043d\u0438\u0447\u043d\u043e\u0433\u043e \u0440\u043e\u0441\u0442\u0430!<\/p>\n<p>\u0421\u043e\u0441\u0442\u0430\u0432:<br \/>\n\u041f\u044e\u0440\u0435 \u0438\u0437 \u044f\u0431\u043b\u043e\u043a, \u0441\u043e\u043a \u044f\u0431\u043b\u043e\u0447\u043d\u044b\u0439 \u043a\u043e\u043d\u0446\u0435\u043d\u0442\u0440\u0438\u0440\u043e\u0432\u0430\u043d\u043d\u044b\u0439, \u043f\u044e\u0440\u0435 \u0438\u0437 \u0447\u0435\u0440\u043d\u043e\u0439 \u0441\u043c\u043e\u0440\u043e\u0434\u0438\u043d\u044b, \u043f\u044e\u0440\u0435 \u0438\u0437 \u043a\u0440\u0430\u0441\u043d\u043e\u0439 \u0441\u043c\u043e\u0440\u043e\u0434\u0438\u043d\u044b, \u0432\u043e\u0434\u0430 \u043f\u0438\u0442\u044c\u0435\u0432\u0430\u044f.<\/p>\n<p>\u0420\u0435\u043a\u043e\u043c\u0435\u043d\u0434\u0430\u0446\u0438\u0438 \u043f\u043e \u0443\u043f\u043e\u0442\u0440\u0435\u0431\u043b\u0435\u043d\u0438\u044e:<br \/>\n\u0420\u0435\u043a\u043e\u043c\u0435\u043d\u0434\u0430\u0446\u0438\u0438 \u0438 \u0432\u043e\u0437\u0440\u0430\u0441\u0442\u043d\u044b\u0435 \u043e\u0433\u0440\u0430\u043d\u0438\u0447\u0435\u043d\u0438\u044f \u043f\u043e \u0443\u043f\u043e\u0442\u0440\u0435\u0431\u043b\u0435\u043d\u0438\u044e \u043f\u0440\u043e\u0434\u0443\u043a\u0442\u0430 \u0441\u043c\u043e\u0442\u0440\u0438\u0442\u0435 \u043d\u0430 \u0443\u043f\u0430\u043a\u043e\u0432\u043a\u0435. \u041d\u0435\u043e\u0431\u0445\u043e\u0434\u0438\u043c\u0430 \u043a\u043e\u043d\u0441\u0443\u043b\u044c\u0442\u0430\u0446\u0438\u044f \u0441\u043f\u0435\u0446\u0438\u0430\u043b\u0438\u0441\u0442\u0430.<\/p>\n<p>\u0423\u0441\u043b\u043e\u0432\u0438\u044f \u0445\u0440\u0430\u043d\u0435\u043d\u0438\u044f:<br \/>\n\u0425\u0440\u0430\u043d\u0438\u0442\u044c \u043f\u0440\u0438 \u0442\u0435\u043c\u043f\u0435\u0440\u0430\u0442\u0443\u0440\u0435 \u043e\u0442 0 \u00b0\u0421 \u0434\u043e +25 \u00b0\u0421 \u0438 \u043e\u0442\u043d\u043e\u0441\u0438\u0442\u0435\u043b\u044c\u043d\u043e\u0439 \u0432\u043b\u0430\u0436\u043d\u043e\u0441\u0442\u0438 \u0432\u043e\u0437\u0434\u0443\u0445\u0430 \u043d\u0435 \u0431\u043e\u043b\u0435\u0435 75 %. \u041f\u043e\u0441\u043b\u0435 \u0432\u0441\u043a\u0440\u044b\u0442\u0438\u044f \u043f\u0430\u043a\u0435\u0442 \u0445\u0440\u0430\u043d\u0438\u0442\u044c \u0432 \u0445\u043e\u043b\u043e\u0434\u0438\u043b\u044c\u043d\u0438\u043a\u0435 \u043d\u0435 \u0431\u043e\u043b\u0435\u0435 \u0441\u0443\u0442\u043e\u043a. \u0411\u0435\u0440\u0435\u0447\u044c \u043e\u0442 \u0441\u043e\u043b\u043d\u0435\u0447\u043d\u044b\u0445 \u043b\u0443\u0447\u0435\u0439. \u0412\u043d\u0438\u043c\u0430\u043d\u0438\u0435! \u041f\u0440\u0438 \u0442\u0440\u0430\u043d\u0441\u043f\u043e\u0440\u0442\u0438\u0440\u043e\u0432\u043a\u0435 \u043c\u043e\u0436\u0435\u0442 \u043f\u0440\u043e\u0438\u0437\u043e\u0439\u0442\u0438 \u043d\u0430\u0440\u0443\u0448\u0435\u043d\u0438\u0435 \u0433\u0435\u0440\u043c\u0435\u0442\u0438\u0447\u043d\u043e\u0441\u0442\u0438 \u0443\u043f\u0430\u043a\u043e\u0432\u043a\u0438. \u041f\u043e\u043f\u0440\u043e\u0431\u0443\u0439\u0442\u0435 \u043f\u0440\u043e\u0434\u0443\u043a\u0442 \u043f\u0435\u0440\u0435\u0434 \u043a\u043e\u0440\u043c\u043b\u0435\u043d\u0438\u0435\u043c \u0440\u0435\u0431\u0435\u043d\u043a\u0430.<\/p>\n<p>\u041f\u0438\u0449\u0435\u0432\u0430\u044f \u0446\u0435\u043d\u043d\u043e\u0441\u0442\u044c \u043d\u0430 100 \u0433 \u043f\u0440\u043e\u0434\u0443\u043a\u0442\u0430:<br \/>\n\u0423\u0433\u043b\u0435\u0432\u043e\u0434\u044b: 12,4 \u0433<br \/>\nValoare energetic\u0103: 49,6 kcal<br \/>\n\u041c\u0438\u043d\u0435\u0440\u0430\u043b\u044c\u043d\u044b\u0435 \u0432-\u0432\u0430: \u041a\u0430\u043b\u0438\u0439 120\u2013200 \u043c\u0433<\/p>\n<p>\u0412\u043e\u0437\u0440\u0430\u0441\u0442 \u0432\u0432\u0435\u0434\u0435\u043d\u0438\u044f: \u0441 5 \u043c\u0435\u0441.<br \/>\n\u0412\u0435\u0441: 90\u0433.<\/p>","protected":false},"excerpt":{"rendered":"<p>Piure de fructe \u201eFrutoNyanya\u201d Salata cu coac\u0103ze \u00een ambalaj moale este o gustare gustoas\u0103 \u0219i s\u0103n\u0103toas\u0103, care este convenabil de<\/p>","protected":false},"featured_media":166594,"comment_status":"closed","ping_status":"closed","template":"..\/public\/views\/revslider-page-template.php","meta":{"_monsterinsights_skip_tracking":false,"_monsterinsights_sitenote_active":false,"_monsterinsights_sitenote_note":"","_monsterinsights_sitenote_category":0},"product_brand":[],"product_cat":[55,1141,51,451],"product_tag":[],"class_list":{"0":"post-166571","1":"product","2":"type-product","3":"status-publish","4":"has-post-thumbnail","6":"product_cat-toate-produsele","7":"product_cat-produse-pentru-bebelusi","8":"product_cat-alimentatie","9":"product_cat-piure-pentru-copii","11":"first","12":"outofstock","13":"shipping-taxable","14":"purchasable","15":"product-type-simple"},"_links":{"self":[{"href":"http:\/\/toystoys.md\/ru\/wp-json\/wp\/v2\/product\/166571","targetHints":{"allow":["GET"]}}],"collection":[{"href":"http:\/\/toystoys.md\/ru\/wp-json\/wp\/v2\/product"}],"about":[{"href":"http:\/\/toystoys.md\/ru\/wp-json\/wp\/v2\/types\/product"}],"replies":[{"embeddable":true,"href":"http:\/\/toystoys.md\/ru\/wp-json\/wp\/v2\/comments?post=166571"}],"wp:featuredmedia":[{"embeddable":true,"href":"http:\/\/toystoys.md\/ru\/wp-json\/wp\/v2\/media\/166594"}],"wp:attachment":[{"href":"http:\/\/toystoys.md\/ru\/wp-json\/wp\/v2\/media?parent=166571"}],"wp:term":[{"taxonomy":"product_brand","embeddable":true,"href":"http:\/\/toystoys.md\/ru\/wp-json\/wp\/v2\/product_brand?post=166571"},{"taxonomy":"product_cat","embeddable":true,"href":"http:\/\/toystoys.md\/ru\/wp-json\/wp\/v2\/product_cat?post=166571"},{"taxonomy":"product_tag","embeddable":true,"href":"http:\/\/toystoys.md\/ru\/wp-json\/wp\/v2\/product_tag?post=166571"}],"curies":[{"name":"wp","href":"https:\/\/api.w.org\/{rel}","templated":true}]}}