{"id":166388,"date":"2023-11-15T12:30:04","date_gmt":"2023-11-15T10:30:04","guid":{"rendered":"https:\/\/toystoys.md\/shop\/prod_6900007340335_sc90618\/"},"modified":"2023-11-15T23:02:37","modified_gmt":"2023-11-15T21:02:37","slug":"prod_6900007340335_sc90618","status":"publish","type":"product","link":"http:\/\/toystoys.md\/ru\/shop\/prod_6900007340335_sc90618\/","title":{"rendered":"\u0424\u0438\u0433\u0443\u0440\u043a\u0430 \u041a\u043e\u0440\u043e\u043b\u044f \u0413\u0438\u0434\u043e\u0440\u044b, 15 \u0441\u043c Monsterverse, \u0441\u0435\u0440\u0438\u044f Godzilla \u041a\u043e\u0440\u043e\u043b\u044c \u041c\u043e\u043d\u0441\u0442\u0440\u043e\u0432"},"content":{"rendered":"<p>\u042d\u0442\u0430 \u0432\u043f\u0435\u0447\u0430\u0442\u043b\u044f\u044e\u0449\u0430\u044f \u0444\u0438\u0433\u0443\u0440\u043a\u0430 \u041a\u0438\u043d\u0433 \u0413\u0438\u0434\u043e\u0440\u0430 \u0438\u0437 \u0432\u0441\u0435\u043b\u0435\u043d\u043d\u043e\u0439 \"\u0413\u043e\u0434\u0437\u0438\u043b\u043b\u0430 \u043f\u0440\u043e\u0442\u0438\u0432 \u041a\u043e\u043d\u0433\u0430\" - \u043d\u0430\u0441\u0442\u043e\u044f\u0449\u0435\u0435 \u043f\u0440\u043e\u0438\u0437\u0432\u0435\u0434\u0435\u043d\u0438\u0435 \u0438\u0441\u043a\u0443\u0441\u0441\u0442\u0432\u0430 \u0434\u043b\u044f \u043a\u043e\u043b\u043b\u0435\u043a\u0446\u0438\u043e\u043d\u0435\u0440\u043e\u0432 \u0438 \u043f\u043e\u043a\u043b\u043e\u043d\u043d\u0438\u043a\u043e\u0432 \u0444\u0438\u043b\u044c\u043c\u0430. \u0421 \u0432\u044b\u0441\u043e\u0442\u043e\u0439 15 \u0441\u043c \u044d\u0442\u0430 \u0434\u0435\u0442\u0430\u043b\u0438\u0437\u0438\u0440\u043e\u0432\u0430\u043d\u043d\u0430\u044f \u0444\u0438\u0433\u0443\u0440\u043a\u0430 \u043f\u0435\u0440\u0435\u0434\u0430\u0435\u0442 \u043a\u0430\u0436\u0434\u044b\u0439 \u0430\u0441\u043f\u0435\u043a\u0442 \u043c\u0438\u0444\u0438\u0447\u0435\u0441\u043a\u043e\u0433\u043e \u043c\u043e\u043d\u0441\u0442\u0440\u0430 \u041a\u0438\u043d\u0433 \u0413\u0438\u0434\u043e\u0440\u0430 \u0441 \u0443\u0434\u0438\u0432\u0438\u0442\u0435\u043b\u044c\u043d\u043e\u0439 \u0442\u043e\u0447\u043d\u043e\u0441\u0442\u044c\u044e.<\/p>\n<p>\u0418\u0437\u0433\u043e\u0442\u043e\u0432\u043b\u0435\u043d\u043d\u0430\u044f \u0438\u0437 \u0432\u044b\u0441\u043e\u043a\u043e\u043a\u0430\u0447\u0435\u0441\u0442\u0432\u0435\u043d\u043d\u043e\u0433\u043e \u043f\u043b\u0430\u0441\u0442\u0438\u043a\u0430, \u0444\u0438\u0433\u0443\u0440\u043a\u0430 \u043f\u043e\u0440\u0430\u0436\u0430\u0435\u0442 \u0441\u0432\u043e\u0438\u043c\u0438 \u043d\u0435\u0432\u0435\u0440\u043e\u044f\u0442\u043d\u044b\u043c\u0438 \u0434\u0435\u0442\u0430\u043b\u044f\u043c\u0438 \u0438 \u043c\u043e\u0436\u0435\u0442 \u0441\u0442\u0430\u0442\u044c \u043f\u0440\u0435\u043a\u0440\u0430\u0441\u043d\u044b\u043c \u043a\u043e\u043b\u043b\u0435\u043a\u0446\u0438\u043e\u043d\u043d\u044b\u043c \u043f\u0440\u0435\u0434\u043c\u0435\u0442\u043e\u043c.<\/p>","protected":false},"excerpt":{"rendered":"<p>Aceast\u0103 impresionant\u0103 figurin\u0103 a lui King Ghidorah din universul &#8222;Godzilla vs. Kong&#8221; este o adev\u0103rat\u0103 oper\u0103 de art\u0103 pentru colec\u021bionari<\/p>","protected":false},"featured_media":166511,"comment_status":"closed","ping_status":"closed","template":"..\/public\/views\/revslider-page-template.php","meta":{"_monsterinsights_skip_tracking":false,"_monsterinsights_sitenote_active":false,"_monsterinsights_sitenote_note":"","_monsterinsights_sitenote_category":0},"product_brand":[],"product_cat":[55,1137,35,1516,1039],"product_tag":[],"class_list":{"0":"post-166388","1":"product","2":"type-product","3":"status-publish","4":"has-post-thumbnail","6":"product_cat-toate-produsele","7":"product_cat-jucarii","8":"product_cat-roboti-si-figurine","9":"product_cat-reptile-si-insecte","10":"product_cat-eroii","12":"first","13":"outofstock","14":"shipping-taxable","15":"purchasable","16":"product-type-simple"},"_links":{"self":[{"href":"http:\/\/toystoys.md\/ru\/wp-json\/wp\/v2\/product\/166388","targetHints":{"allow":["GET"]}}],"collection":[{"href":"http:\/\/toystoys.md\/ru\/wp-json\/wp\/v2\/product"}],"about":[{"href":"http:\/\/toystoys.md\/ru\/wp-json\/wp\/v2\/types\/product"}],"replies":[{"embeddable":true,"href":"http:\/\/toystoys.md\/ru\/wp-json\/wp\/v2\/comments?post=166388"}],"wp:featuredmedia":[{"embeddable":true,"href":"http:\/\/toystoys.md\/ru\/wp-json\/wp\/v2\/media\/166511"}],"wp:attachment":[{"href":"http:\/\/toystoys.md\/ru\/wp-json\/wp\/v2\/media?parent=166388"}],"wp:term":[{"taxonomy":"product_brand","embeddable":true,"href":"http:\/\/toystoys.md\/ru\/wp-json\/wp\/v2\/product_brand?post=166388"},{"taxonomy":"product_cat","embeddable":true,"href":"http:\/\/toystoys.md\/ru\/wp-json\/wp\/v2\/product_cat?post=166388"},{"taxonomy":"product_tag","embeddable":true,"href":"http:\/\/toystoys.md\/ru\/wp-json\/wp\/v2\/product_tag?post=166388"}],"curies":[{"name":"wp","href":"https:\/\/api.w.org\/{rel}","templated":true}]}}