{"id":166385,"date":"2023-11-15T12:29:55","date_gmt":"2023-11-15T10:29:55","guid":{"rendered":"https:\/\/toystoys.md\/shop\/prod_6900007319447_sc90641\/"},"modified":"2023-11-15T22:49:58","modified_gmt":"2023-11-15T20:49:58","slug":"prod_6900007319447_sc90641","status":"publish","type":"product","link":"http:\/\/toystoys.md\/ru\/shop\/prod_6900007319447_sc90641\/","title":{"rendered":"\u0424\u0438\u0433\u0443\u0440\u043a\u0430 \u041a\u043e\u043d\u0433\u0430 20\u0441\u043c \u0441\u0435\u0440\u0438\u0438 Titan Tech Godzilla vs. Kong"},"content":{"rendered":"<p>\u042d\u0442\u0430 \u0434\u0435\u0442\u0430\u043b\u0438\u0437\u0438\u0440\u043e\u0432\u0430\u043d\u043d\u0430\u044f \u0444\u0438\u0433\u0443\u0440\u043a\u0430 \u041a\u043e\u043d\u0433\u0430 \u0438\u0437 \u043f\u043e\u043f\u0443\u043b\u044f\u0440\u043d\u043e\u0433\u043e \u0444\u0438\u043b\u044c\u043c\u0430 \"\u0413\u043e\u0434\u0437\u0438\u043b\u043b\u0430 \u043f\u0440\u043e\u0442\u0438\u0432 \u041a\u043e\u043d\u0433\u0430\" - \u043e\u0442\u043b\u0438\u0447\u043d\u044b\u0439 \u0432\u044b\u0431\u043e\u0440 \u0434\u043b\u044f \u043a\u043e\u043b\u043b\u0435\u043a\u0446\u0438\u043e\u043d\u0435\u0440\u043e\u0432 \u0438 \u043f\u043e\u043a\u043b\u043e\u043d\u043d\u0438\u043a\u043e\u0432 \u043a\u0438\u043d\u0435\u043c\u0430\u0442\u043e\u0433\u0440\u0430\u0444\u0438\u0447\u0435\u0441\u043a\u043e\u0439 \u0432\u0441\u0435\u043b\u0435\u043d\u043d\u043e\u0439. \u0418\u0437\u0433\u043e\u0442\u043e\u0432\u043b\u0435\u043d\u043d\u0430\u044f \u0438\u0437 \u0432\u044b\u0441\u043e\u043a\u043e\u043a\u0430\u0447\u0435\u0441\u0442\u0432\u0435\u043d\u043d\u043e\u0433\u043e \u043f\u043b\u0430\u0441\u0442\u0438\u043a\u0430, \u0444\u0438\u0433\u0443\u0440\u043a\u0430 \u043f\u0435\u0440\u0435\u0434\u0430\u0435\u0442 \u043a\u0430\u0436\u0434\u0443\u044e \u0434\u0435\u0442\u0430\u043b\u044c \u043e\u0431\u043b\u0438\u043a\u0430 \u041a\u043e\u043d\u0433\u0430.<\/p>\n<p>\u0424\u0438\u0433\u0443\u0440\u043a\u0430 \u043e\u0431\u043b\u0430\u0434\u0430\u0435\u0442 \u0444\u0443\u043d\u043a\u0446\u0438\u0435\u0439 \u0442\u0440\u0430\u043d\u0441\u0444\u043e\u0440\u043c\u0430\u0446\u0438\u0438, \u0447\u0442\u043e \u043f\u043e\u0437\u0432\u043e\u043b\u044f\u0435\u0442 \u0440\u0430\u0441\u043f\u043e\u043b\u0430\u0433\u0430\u0442\u044c \u041a\u043e\u043d\u0433\u0430 \u0432 \u0440\u0430\u0437\u043b\u0438\u0447\u043d\u044b\u0445 \u043f\u043e\u0437\u0430\u0445, \u043f\u0440\u0435\u0434\u043e\u0441\u0442\u0430\u0432\u043b\u044f\u044f \u043c\u043d\u043e\u0436\u0435\u0441\u0442\u0432\u043e \u0432\u0430\u0440\u0438\u0430\u043d\u0442\u043e\u0432 \u0434\u043b\u044f \u0435\u0435 \u0432\u044b\u0441\u0442\u0430\u0432\u043b\u0435\u043d\u0438\u044f.<\/p>","protected":false},"excerpt":{"rendered":"<p>Aceast\u0103 figurin\u0103 detaliat\u0103 a lui Kong din celebrul film &#8222;Godzilla vs. Kong&#8221; este o alegere excelent\u0103 pentru colec\u021bionari \u0219i fanii<\/p>","protected":false},"featured_media":166499,"comment_status":"closed","ping_status":"closed","template":"..\/public\/views\/revslider-page-template.php","meta":{"_monsterinsights_skip_tracking":false,"_monsterinsights_sitenote_active":false,"_monsterinsights_sitenote_note":"","_monsterinsights_sitenote_category":0},"product_brand":[],"product_cat":[55,1137,35,1508,1039],"product_tag":[],"class_list":{"0":"post-166385","1":"product","2":"type-product","3":"status-publish","4":"has-post-thumbnail","6":"product_cat-toate-produsele","7":"product_cat-jucarii","8":"product_cat-roboti-si-figurine","9":"product_cat-animale-si-pasari","10":"product_cat-eroii","12":"first","13":"instock","14":"shipping-taxable","15":"purchasable","16":"product-type-simple"},"_links":{"self":[{"href":"http:\/\/toystoys.md\/ru\/wp-json\/wp\/v2\/product\/166385","targetHints":{"allow":["GET"]}}],"collection":[{"href":"http:\/\/toystoys.md\/ru\/wp-json\/wp\/v2\/product"}],"about":[{"href":"http:\/\/toystoys.md\/ru\/wp-json\/wp\/v2\/types\/product"}],"replies":[{"embeddable":true,"href":"http:\/\/toystoys.md\/ru\/wp-json\/wp\/v2\/comments?post=166385"}],"wp:featuredmedia":[{"embeddable":true,"href":"http:\/\/toystoys.md\/ru\/wp-json\/wp\/v2\/media\/166499"}],"wp:attachment":[{"href":"http:\/\/toystoys.md\/ru\/wp-json\/wp\/v2\/media?parent=166385"}],"wp:term":[{"taxonomy":"product_brand","embeddable":true,"href":"http:\/\/toystoys.md\/ru\/wp-json\/wp\/v2\/product_brand?post=166385"},{"taxonomy":"product_cat","embeddable":true,"href":"http:\/\/toystoys.md\/ru\/wp-json\/wp\/v2\/product_cat?post=166385"},{"taxonomy":"product_tag","embeddable":true,"href":"http:\/\/toystoys.md\/ru\/wp-json\/wp\/v2\/product_tag?post=166385"}],"curies":[{"name":"wp","href":"https:\/\/api.w.org\/{rel}","templated":true}]}}