{"id":164473,"date":"2023-10-30T15:56:12","date_gmt":"2023-10-30T13:56:12","guid":{"rendered":""},"modified":"2023-10-31T13:20:56","modified_gmt":"2023-10-31T11:20:56","slug":"prod_4000984504446_sc90198","status":"publish","type":"product","link":"http:\/\/toystoys.md\/ru\/shop\/prod_4000984504446_sc90198\/","title":{"rendered":"\u0414\u0435\u0442\u0441\u043a\u043e\u0435 \u0430\u0432\u0442\u043e\u043a\u0440\u0435\u0441\u043b\u043e Britax Romer BABY-SAFE iSense"},"content":{"rendered":"<div class=\"char_tab p-8 p-xxl-16\">\n<div class=\"fs-12 fs-xxl-16 lh-20 lh-xxl-15 font-weight-600 mb-0\">\n<div class=\"char_tab p-8 p-xxl-16\">\n<div class=\"fs-12 fs-xxl-16 lh-20 lh-xxl-15 font-weight-600 mb-0\">\n<p><strong>\u041e\u0441\u043d\u043e\u0432\u043d\u044b\u0435:<\/strong><br \/>\n\u041f\u0440\u043e\u0438\u0437\u0432\u043e\u0434\u0438\u0442\u0435\u043b\u044c: Britax-R\u00f6mer<br \/>\n\u041c\u0430\u043a\u0441\u0438\u043c\u0430\u043b\u044c\u043d\u044b\u0439 \u0432\u0435\u0441: 13 \u043a\u0433<br \/>\n\u0413\u0440\u0443\u043f\u043f\u0430: 0+<br \/>\n\u0420\u0430\u0437\u043c\u0435\u0440\u044b: 58 x 44 x 67 \u0441\u043c<br \/>\n\u041c\u0430\u043a\u0441\u0438\u043c\u0430\u043b\u044c\u043d\u044b\u0439 \u0432\u043e\u0437\u0440\u0430\u0441\u0442 \u0440\u0435\u0431\u0451\u043d\u043a\u0430: 3 \u0433\u043e\u0434\u0430<br \/>\n\u041c\u0438\u043d\u0438\u043c\u0430\u043b\u044c\u043d\u044b\u0439 \u0432\u043e\u0437\u0440\u0430\u0441\u0442 \u0440\u0435\u0431\u0451\u043d\u043a\u0430: 0 \u043c\u0435\u0441\u044f\u0446\u0435\u0432<br \/>\n\u0421\u0442\u0430\u043d\u0434\u0430\u0440\u0442 \u0441\u043e\u043e\u0442\u0432\u0435\u0442\u0441\u0442\u0432\u0438\u044f: ECE R129 i-Size (\u0415\u0432\u0440\u043e)<br \/>\n\u0423\u0441\u0442\u0430\u043d\u043e\u0432\u043a\u0430: \u041f\u0440\u043e\u0442\u0438\u0432 \u0445\u043e\u0434\u0430 \u0434\u0432\u0438\u0436\u0435\u043d\u0438\u044f<br \/>\n\u041e\u0442\u0442\u0435\u043d\u043e\u043a: Fossil<br \/>\n\u0426\u0432\u0435\u0442: \u0421\u0435\u0440\u044b\u0439<br \/>\n\u041c\u043e\u0434\u0435\u043b\u044c: Baby-Safe iSense<br \/>\n\u041a\u043e\u0434 \u043c\u043e\u0434\u0435\u043b\u0438: 4000984504446<br \/>\n\u0412\u0435\u0441: 4.8 \u043a\u0433<\/p>\n<\/div>\n<\/div>\n<\/div>\n<\/div>","protected":false},"excerpt":{"rendered":"<p>Generale: Produc\u0103tor: Britax-R\u00f6mer Greutate maxim\u0103 suportat\u0103: 13 kg Grupa: 0+ Dimensiuni: 58 x 44 x 67 cm V\u00e2rsta maxim\u0103 a<\/p>","protected":false},"featured_media":164501,"comment_status":"closed","ping_status":"closed","template":"..\/public\/views\/revslider-page-template.php","meta":{"_monsterinsights_skip_tracking":false,"_monsterinsights_sitenote_active":false,"_monsterinsights_sitenote_note":"","_monsterinsights_sitenote_category":0},"product_brand":[],"product_cat":[55,1141,174,1097],"product_tag":[],"class_list":{"0":"post-164473","1":"product","2":"type-product","3":"status-publish","4":"has-post-thumbnail","6":"product_cat-toate-produsele","7":"product_cat-produse-pentru-bebelusi","8":"product_cat-calatorii-si-accesorii","9":"product_cat-scaune-auto","11":"first","12":"instock","13":"shipping-taxable","14":"purchasable","15":"product-type-simple"},"_links":{"self":[{"href":"http:\/\/toystoys.md\/ru\/wp-json\/wp\/v2\/product\/164473","targetHints":{"allow":["GET"]}}],"collection":[{"href":"http:\/\/toystoys.md\/ru\/wp-json\/wp\/v2\/product"}],"about":[{"href":"http:\/\/toystoys.md\/ru\/wp-json\/wp\/v2\/types\/product"}],"replies":[{"embeddable":true,"href":"http:\/\/toystoys.md\/ru\/wp-json\/wp\/v2\/comments?post=164473"}],"wp:featuredmedia":[{"embeddable":true,"href":"http:\/\/toystoys.md\/ru\/wp-json\/wp\/v2\/media\/164501"}],"wp:attachment":[{"href":"http:\/\/toystoys.md\/ru\/wp-json\/wp\/v2\/media?parent=164473"}],"wp:term":[{"taxonomy":"product_brand","embeddable":true,"href":"http:\/\/toystoys.md\/ru\/wp-json\/wp\/v2\/product_brand?post=164473"},{"taxonomy":"product_cat","embeddable":true,"href":"http:\/\/toystoys.md\/ru\/wp-json\/wp\/v2\/product_cat?post=164473"},{"taxonomy":"product_tag","embeddable":true,"href":"http:\/\/toystoys.md\/ru\/wp-json\/wp\/v2\/product_tag?post=164473"}],"curies":[{"name":"wp","href":"https:\/\/api.w.org\/{rel}","templated":true}]}}