{"id":163488,"date":"2023-10-24T14:21:26","date_gmt":"2023-10-24T14:21:26","guid":{"rendered":"https:\/\/toystoys.md\/shop\/prod_5054131054161_sc90033\/"},"modified":"2025-02-05T14:05:44","modified_gmt":"2025-02-05T12:05:44","slug":"prod_5054131054161_sc90033","status":"publish","type":"product","link":"http:\/\/toystoys.md\/ru\/shop\/prod_5054131054161_sc90033\/","title":{"rendered":"\u0414\u0435\u0442\u0441\u043a\u0438\u0439 \u0438\u0433\u0440\u043e\u0432\u043e\u0439 \u043d\u0430\u0431\u043e\u0440 Sylvanian Families \u041c\u0430\u043b\u044b\u0448 \u043a\u0440\u043e\u043b\u0438\u043a \u0441\u0435\u0440\u044b\u0439"},"content":{"rendered":"<p>Sylvanian Families \u043f\u043e\u0437\u0432\u043e\u043b\u044f\u0435\u0442 \u0434\u0435\u0442\u044f\u043c \u0441\u043e\u0437\u0434\u0430\u0432\u0430\u0442\u044c \u0441\u0432\u043e\u0438 \u0441\u043e\u0431\u0441\u0442\u0432\u0435\u043d\u043d\u044b\u0435 \u0438\u0441\u0442\u043e\u0440\u0438\u0438 \u0438 \u043f\u043e\u043c\u043e\u0433\u0430\u0435\u0442 \u0438\u043c \u0440\u0430\u0437\u0432\u0438\u0432\u0430\u0442\u044c \u0441\u043e\u0446\u0438\u0430\u043b\u044c\u043d\u044b\u0435 \u043d\u0430\u0432\u044b\u043a\u0438 \u0438 \u044d\u043c\u043e\u0446\u0438\u043e\u043d\u0430\u043b\u044c\u043d\u044b\u0439 \u0438\u043d\u0442\u0435\u043b\u043b\u0435\u043a\u0442, \u0443\u0437\u043d\u0430\u0432\u0430\u0442\u044c \u043e\u0431 \u043e\u0442\u043d\u043e\u0448\u0435\u043d\u0438\u044f\u0445 \u0438 \u0434\u043e\u0431\u0440\u043e\u0442\u0435.<br \/>\n\u0412\u0441\u044f \u043f\u0440\u043e\u0434\u0443\u043a\u0446\u0438\u044f Sylvanian Families \u0438\u0437\u0433\u043e\u0442\u043e\u0432\u043b\u0435\u043d\u0430 \u200b\u200b\u0441 \u043c\u0435\u043b\u044c\u0447\u0430\u0439\u0448\u0438\u043c\u0438 \u0434\u0435\u0442\u0430\u043b\u044f\u043c\u0438 \u0441 \u0438\u0441\u043f\u043e\u043b\u044c\u0437\u043e\u0432\u0430\u043d\u0438\u0435\u043c \u0432\u044b\u0441\u043e\u043a\u043e\u043a\u0430\u0447\u0435\u0441\u0442\u0432\u0435\u043d\u043d\u044b\u0445 \u043d\u0435\u0442\u043e\u043a\u0441\u0438\u0447\u043d\u044b\u0445 \u043c\u0430\u0442\u0435\u0440\u0438\u0430\u043b\u043e\u0432.<br \/>\n\u0423 \u0444\u0438\u0433\u0443\u0440\u043e\u043a \u043f\u043e\u0434\u0432\u0438\u0436\u043d\u044b\u0435 \u0440\u0443\u043a\u0438 \u0438 \u043d\u043e\u0433\u0438. \u041e\u043d\u0438 \u0437\u0430\u0432\u0435\u0440\u043d\u0443\u0442\u044b \u0432 \u0442\u043e\u043d\u043a\u0438\u0439 \u043f\u043b\u044e\u0448, \u0438 \u043e\u0434\u0435\u0436\u0434\u0443 \u043c\u043e\u0436\u043d\u043e \u0441\u043d\u044f\u0442\u044c.<\/p>\n<p>\u0412 \u043a\u043e\u043c\u043f\u043b\u0435\u043a\u0442 \u0432\u0445\u043e\u0434\u0438\u0442: \u043c\u043e\u043b\u043e\u0447\u043d\u044b\u0439 \u0437\u0430\u0439\u0447\u0438\u043a, \u0448\u0430\u043f\u043e\u0447\u043a\u0430, \u0441\u0443\u043c\u043a\u0430.<\/p>\n<p>\u0420\u0435\u043a\u043e\u043c\u0435\u043d\u0434\u0443\u0435\u043c\u044b\u0439 \u0432\u043e\u0437\u0440\u0430\u0441\u0442: + 3 \u0433\u043e\u0434\u0430<\/p>","protected":false},"excerpt":{"rendered":"<p>Sylvanian Families le permite copiilor s\u0103 \u00ee\u0219i creeze propriile pove\u0219ti \u0219i \u00eei ajut\u0103 s\u0103-\u0219i dezvolte abilit\u0103\u021bile sociale \u0219i inteligen\u021ba emo\u021bional\u0103,<\/p>","protected":false},"featured_media":163546,"comment_status":"closed","ping_status":"closed","template":"..\/public\/views\/revslider-page-template.php","meta":{"_monsterinsights_skip_tracking":false,"_monsterinsights_sitenote_active":false,"_monsterinsights_sitenote_note":"","_monsterinsights_sitenote_category":0},"product_brand":[],"product_cat":[55,1137,35,1508,1039,1536],"product_tag":[],"class_list":{"0":"post-163488","1":"product","2":"type-product","3":"status-publish","4":"has-post-thumbnail","6":"product_cat-toate-produsele","7":"product_cat-jucarii","8":"product_cat-roboti-si-figurine","9":"product_cat-animale-si-pasari","10":"product_cat-eroii","11":"product_cat-sylvanian-families","13":"first","14":"outofstock","15":"shipping-taxable","16":"purchasable","17":"product-type-simple"},"_links":{"self":[{"href":"http:\/\/toystoys.md\/ru\/wp-json\/wp\/v2\/product\/163488","targetHints":{"allow":["GET"]}}],"collection":[{"href":"http:\/\/toystoys.md\/ru\/wp-json\/wp\/v2\/product"}],"about":[{"href":"http:\/\/toystoys.md\/ru\/wp-json\/wp\/v2\/types\/product"}],"replies":[{"embeddable":true,"href":"http:\/\/toystoys.md\/ru\/wp-json\/wp\/v2\/comments?post=163488"}],"wp:featuredmedia":[{"embeddable":true,"href":"http:\/\/toystoys.md\/ru\/wp-json\/wp\/v2\/media\/163546"}],"wp:attachment":[{"href":"http:\/\/toystoys.md\/ru\/wp-json\/wp\/v2\/media?parent=163488"}],"wp:term":[{"taxonomy":"product_brand","embeddable":true,"href":"http:\/\/toystoys.md\/ru\/wp-json\/wp\/v2\/product_brand?post=163488"},{"taxonomy":"product_cat","embeddable":true,"href":"http:\/\/toystoys.md\/ru\/wp-json\/wp\/v2\/product_cat?post=163488"},{"taxonomy":"product_tag","embeddable":true,"href":"http:\/\/toystoys.md\/ru\/wp-json\/wp\/v2\/product_tag?post=163488"}],"curies":[{"name":"wp","href":"https:\/\/api.w.org\/{rel}","templated":true}]}}