{"id":163483,"date":"2023-10-23T14:21:11","date_gmt":"2023-10-23T12:21:11","guid":{"rendered":""},"modified":"2025-06-27T11:51:55","modified_gmt":"2025-06-27T09:51:55","slug":"prod_5054131044605_sc90074","status":"publish","type":"product","link":"http:\/\/toystoys.md\/ru\/shop\/prod_5054131044605_sc90074\/","title":{"rendered":"\u041f\u0440\u043e\u0433\u0443\u043b\u043e\u0447\u043d\u0430\u044f \u043a\u043e\u043b\u044f\u0441\u043a\u0430 \u0434\u043b\u044f \u0434\u0435\u0442\u0435\u0439 Sylvanian Families"},"content":{"rendered":"<p>\u0423\u0431\u0435\u0434\u0438\u0442\u0435\u0441\u044c, \u0447\u0442\u043e \u0432\u044b \u0433\u043e\u0442\u043e\u0432\u044b \u043a \u043f\u043e\u044f\u0432\u043b\u0435\u043d\u0438\u044e \u0432\u0430\u0448\u0435\u0433\u043e \u043c\u0430\u043b\u044b\u0448\u0430.<br \/>\n\u0412\u044b\u0432\u043e\u0434\u044f \u043c\u0430\u043b\u044b\u0448\u0435\u0439 \u043d\u0430 \u043f\u0440\u043e\u0433\u0443\u043b\u043a\u0443, \u043e\u0431\u044f\u0437\u0430\u0442\u0435\u043b\u044c\u043d\u043e \u0434\u0435\u043b\u0430\u0439\u0442\u0435 \u044d\u0442\u043e \u0432 \u0441\u0442\u0438\u043b\u044c\u043d\u043e\u0439 \u043a\u043e\u043b\u044f\u0441\u043a\u0435 Sylvanian.<br \/>\n\u0411\u043b\u0430\u0433\u043e\u0434\u0430\u0440\u044f \u0437\u0430\u0449\u0438\u0442\u0435 \u043e\u0442 \u0441\u043e\u043b\u043d\u0446\u0430 \u044d\u0442\u0430 \u043a\u043e\u043b\u044f\u0441\u043a\u0430 \u0438\u0434\u0435\u0430\u043b\u044c\u043d\u0430 \u0434\u043b\u044f \u043f\u0440\u0435\u043a\u0440\u0430\u0441\u043d\u044b\u0445 \u0434\u043d\u0435\u0432\u043d\u044b\u0445 \u043f\u0440\u043e\u0433\u0443\u043b\u043e\u043a \u043f\u043e \u0421\u0438\u043b\u044c\u0432\u0430\u043d\u0438\u0438.<br \/>\n\u0411\u043b\u0430\u0433\u043e\u0434\u0430\u0440\u044f \u0434\u0435\u0440\u0435\u0432\u044f\u043d\u043d\u043e\u0439 \u0440\u0430\u043c\u0435, \u043c\u0430\u0442\u0435\u0440\u0438\u0430\u043b\u0443 \u0432 \u043a\u0440\u0430\u0441\u043d\u044b\u0439 \u0433\u043e\u0440\u043e\u0448\u0435\u043a \u0438 \u0431\u0435\u043b\u043e\u0439 \u043a\u0440\u0443\u0436\u0435\u0432\u043d\u043e\u0439 \u043e\u0442\u0434\u0435\u043b\u043a\u0435 \u0441\u0438\u0434\u0435\u043d\u044c\u044f \u044d\u0442\u0430 \u043a\u043e\u043b\u044f\u0441\u043a\u0430 \u0438\u0434\u0435\u0430\u043b\u044c\u043d\u043e \u043f\u043e\u0434\u043e\u0439\u0434\u0435\u0442 \u0434\u043b\u044f \u0441\u0442\u0438\u043b\u044c\u043d\u043e\u0439 \u043f\u0440\u043e\u0433\u0443\u043b\u043a\u0438 \u043f\u043e \u043b\u0443\u0433\u0430\u043c.<\/p>\n<p><strong>\u0425\u0430\u0440\u0430\u043a\u0442\u0435\u0440\u0438\u0441\u0442\u0438\u043a\u0438:<br \/>\n<\/strong>\u2013 \u0420\u0430\u0437\u043c\u0435\u0440 \u0443\u043f\u0430\u043a\u043e\u0432\u043a\u0438: 9 x 4.5 x 7 \u0441\u043c.<br \/>\n\u2013 \u0420\u0435\u043a\u043e\u043c\u0435\u043d\u0434\u0443\u0435\u043c\u044b\u0439 \u0432\u043e\u0437\u0440\u0430\u0441\u0442: 3+.<br \/>\n\u2013 \u0426\u0432\u0435\u0442: \u0420\u0430\u0437\u043d\u043e\u0446\u0432\u0435\u0442\u043d\u044b\u0439.<br \/>\n\u2013 \u041c\u0430\u0442\u0435\u0440\u0438\u0430\u043b: \u041f\u043b\u0430\u0441\u0442\u0438\u043a.<\/p>","protected":false},"excerpt":{"rendered":"<p>Asigura\u021bi-v\u0103 c\u0103 sunte\u021bi preg\u0103ti\u021bi pentru sosirea micu\u021bului dumneavoastr\u0103. C\u00e2nd v\u0103 scoate\u021bi bebelu\u0219ii Sylvanian la plimbare, asigura\u021bi-v\u0103 c\u0103 o face\u021bi \u00eentr-un<\/p>","protected":false},"featured_media":163495,"comment_status":"closed","ping_status":"closed","template":"..\/public\/views\/revslider-page-template.php","meta":{"_monsterinsights_skip_tracking":false,"_monsterinsights_sitenote_active":false,"_monsterinsights_sitenote_note":"","_monsterinsights_sitenote_category":0},"product_brand":[],"product_cat":[55,1137,35,1039,1536],"product_tag":[],"class_list":{"0":"post-163483","1":"product","2":"type-product","3":"status-publish","4":"has-post-thumbnail","6":"product_cat-toate-produsele","7":"product_cat-jucarii","8":"product_cat-roboti-si-figurine","9":"product_cat-eroii","10":"product_cat-sylvanian-families","12":"first","13":"outofstock","14":"shipping-taxable","15":"purchasable","16":"product-type-simple"},"_links":{"self":[{"href":"http:\/\/toystoys.md\/ru\/wp-json\/wp\/v2\/product\/163483","targetHints":{"allow":["GET"]}}],"collection":[{"href":"http:\/\/toystoys.md\/ru\/wp-json\/wp\/v2\/product"}],"about":[{"href":"http:\/\/toystoys.md\/ru\/wp-json\/wp\/v2\/types\/product"}],"replies":[{"embeddable":true,"href":"http:\/\/toystoys.md\/ru\/wp-json\/wp\/v2\/comments?post=163483"}],"wp:featuredmedia":[{"embeddable":true,"href":"http:\/\/toystoys.md\/ru\/wp-json\/wp\/v2\/media\/163495"}],"wp:attachment":[{"href":"http:\/\/toystoys.md\/ru\/wp-json\/wp\/v2\/media?parent=163483"}],"wp:term":[{"taxonomy":"product_brand","embeddable":true,"href":"http:\/\/toystoys.md\/ru\/wp-json\/wp\/v2\/product_brand?post=163483"},{"taxonomy":"product_cat","embeddable":true,"href":"http:\/\/toystoys.md\/ru\/wp-json\/wp\/v2\/product_cat?post=163483"},{"taxonomy":"product_tag","embeddable":true,"href":"http:\/\/toystoys.md\/ru\/wp-json\/wp\/v2\/product_tag?post=163483"}],"curies":[{"name":"wp","href":"https:\/\/api.w.org\/{rel}","templated":true}]}}