{"id":162905,"date":"2023-10-17T15:30:48","date_gmt":"2023-10-17T13:30:48","guid":{"rendered":""},"modified":"2023-10-18T16:19:42","modified_gmt":"2023-10-18T14:19:42","slug":"prod_4607186594796_sc89738","status":"publish","type":"product","link":"http:\/\/toystoys.md\/ru\/shop\/prod_4607186594796_sc89738\/","title":{"rendered":"\u0418\u0433\u0440\u0443\u0448\u043a\u0430 \u041a\u0440\u0430\u043d, 132 \u0441\u043c Funky Toys"},"content":{"rendered":"<p>Juc\u0103ria Funky Toys Macara cu o \u00een\u0103l\u021bime de 132 cm este perfect\u0103 pentru copiii pasiona\u021bi de ma\u0219inile de construc\u021bii \u0219i de lucr\u0103rile \u00een \u0219antier. Aceast\u0103 macara detaliat\u0103 \u0219i impresionant\u0103 adaug\u0103 un plus de realism \u00een jocul de construc\u021bii.<\/p>\n<p>Copilul t\u0103u va putea s\u0103-\u0219i creeze propriile \u0219antiere de construc\u021bii \u0219i s\u0103 se bucure de experien\u021ba de a controla o macara imens\u0103. Cu ajutorul acestei juc\u0103rii, copilul t\u0103u va dezvolta abilit\u0103\u021bile motorii \u0219i imaginarea scenariilor de construc\u021bie, oferindu-i ore \u00eentregi de distrac\u021bie \u0219i aventur\u0103.<\/p>","protected":false},"excerpt":{"rendered":"<p>Juc\u0103ria Funky Toys Macara cu o \u00een\u0103l\u021bime de 132 cm este perfect\u0103 pentru copiii pasiona\u021bi de ma\u0219inile de construc\u021bii \u0219i<\/p>","protected":false},"featured_media":162986,"comment_status":"closed","ping_status":"closed","template":"..\/public\/views\/revslider-page-template.php","meta":{"_monsterinsights_skip_tracking":false,"_monsterinsights_sitenote_active":false,"_monsterinsights_sitenote_note":"","_monsterinsights_sitenote_category":0},"product_brand":[],"product_cat":[55,1137,49,1113],"product_tag":[],"class_list":{"0":"post-162905","1":"product","2":"type-product","3":"status-publish","4":"has-post-thumbnail","6":"product_cat-toate-produsele","7":"product_cat-jucarii","8":"product_cat-transport","9":"product_cat-camioane-si-echipament-special","11":"first","12":"outofstock","13":"shipping-taxable","14":"purchasable","15":"product-type-simple"},"_links":{"self":[{"href":"http:\/\/toystoys.md\/ru\/wp-json\/wp\/v2\/product\/162905","targetHints":{"allow":["GET"]}}],"collection":[{"href":"http:\/\/toystoys.md\/ru\/wp-json\/wp\/v2\/product"}],"about":[{"href":"http:\/\/toystoys.md\/ru\/wp-json\/wp\/v2\/types\/product"}],"replies":[{"embeddable":true,"href":"http:\/\/toystoys.md\/ru\/wp-json\/wp\/v2\/comments?post=162905"}],"wp:featuredmedia":[{"embeddable":true,"href":"http:\/\/toystoys.md\/ru\/wp-json\/wp\/v2\/media\/162986"}],"wp:attachment":[{"href":"http:\/\/toystoys.md\/ru\/wp-json\/wp\/v2\/media?parent=162905"}],"wp:term":[{"taxonomy":"product_brand","embeddable":true,"href":"http:\/\/toystoys.md\/ru\/wp-json\/wp\/v2\/product_brand?post=162905"},{"taxonomy":"product_cat","embeddable":true,"href":"http:\/\/toystoys.md\/ru\/wp-json\/wp\/v2\/product_cat?post=162905"},{"taxonomy":"product_tag","embeddable":true,"href":"http:\/\/toystoys.md\/ru\/wp-json\/wp\/v2\/product_tag?post=162905"}],"curies":[{"name":"wp","href":"https:\/\/api.w.org\/{rel}","templated":true}]}}