{"id":162903,"date":"2023-10-17T15:30:42","date_gmt":"2023-10-17T13:30:42","guid":{"rendered":""},"modified":"2023-10-18T15:59:05","modified_gmt":"2023-10-18T13:59:05","slug":"prod_4607186594697_sc89744","status":"publish","type":"product","link":"http:\/\/toystoys.md\/ru\/shop\/prod_4607186594697_sc89744\/","title":{"rendered":"\u0421\u0430\u043c\u043e\u043b\u0435\u0442-\u043a\u043e\u043d\u0441\u0442\u0440\u0443\u043a\u0442\u043e\u0440, \u0437\u0432\u0443\u043a\/\u0441\u0432\u0435\u0442 Funky Toys"},"content":{"rendered":"<p>\u0412\u0441\u0435\u043c \u043f\u0440\u0438\u0433\u043e\u0442\u043e\u0432\u0438\u0442\u044c\u0441\u044f \u043a \u0432\u0437\u043b\u0435\u0442\u0443! \u0421\u0430\u043c\u043e\u043b\u0435\u0442-\u043a\u043e\u043d\u0441\u0442\u0440\u0443\u043a\u0442\u043e\u0440 Funky Toys \u043e\u0442\u043f\u0440\u0430\u0432\u043b\u044f\u0435\u0442\u0441\u044f \u0432 \u043f\u0443\u0442\u0435\u0448\u0435\u0441\u0442\u0432\u0438\u0435 \u0438 \u043f\u0440\u0438\u0433\u043b\u0430\u0448\u0430\u0435\u0442 \u043d\u0430 \u0441\u0432\u043e\u0439 \u0431\u043e\u0440\u0442 \u043f\u0430\u0441\u0441\u0430\u0436\u0438\u0440\u043e\u0432. \u0427\u0442\u043e\u0431\u044b \u043b\u0443\u0447\u0448\u0435 \u043f\u043e\u0437\u043d\u0430\u043a\u043e\u043c\u0438\u0442\u0441\u044f \u0441\u043e \u0441\u0442\u0440\u043e\u0435\u043d\u0438\u0435\u043c \u0441\u0430\u043c\u043e\u043b\u0435\u0442\u0430, \u0435\u0433\u043e \u043c\u043e\u0436\u043d\u043e \u0440\u0430\u0437\u043e\u0431\u0440\u0430\u0442\u044c \u0438 \u0441\u043e\u0431\u0440\u0430\u0442\u044c \u0437\u0430\u043d\u043e\u0432\u043e. \u0410 \u0441\u0432\u0435\u0442\u043e\u0432\u044b\u0435 \u0438 \u0437\u0432\u0443\u043a\u043e\u0432\u044b\u0435 \u044d\u0444\u0444\u0435\u043a\u0442\u044b \u0435\u0449\u0435 \u0431\u043e\u043b\u044c\u0448\u0435 \u043f\u043e\u0433\u0440\u0443\u0436\u0430\u044e\u0442 \u0440\u0435\u0431\u0435\u043d\u043a\u0430 \u0432 \u0440\u0435\u0430\u043b\u0438\u0441\u0442\u0438\u0447\u043d\u0443\u044e \u0430\u0442\u043c\u043e\u0441\u0444\u0435\u0440\u0443 \u043f\u0435\u0440\u0435\u043b\u0435\u0442\u0430.<\/p>\n<p>\u0420\u0430\u0437\u043c\u0435\u0440 \u0441\u0430\u043c\u043e\u043b\u0435\u0442\u0430: 37 \u0441\u043c<br \/>\n\u0420\u0435\u043a\u043e\u043c\u0435\u043d\u0434\u0443\u0435\u043c\u044b\u0439 \u0432\u043e\u0437\u0440\u0430\u0441\u0442: \u043e\u0442 3 \u043b\u0435\u0442<\/p>","protected":false},"excerpt":{"rendered":"<p>Toat\u0103 lumea se preg\u0103te\u0219te pentru decolare! Avionul de constructor Funky Toys porne\u0219te \u00eentr-o c\u0103l\u0103torie \u0219i invit\u0103 pasagerii la bord. Pentru<\/p>","protected":false},"featured_media":162978,"comment_status":"closed","ping_status":"closed","template":"..\/public\/views\/revslider-page-template.php","meta":{"_monsterinsights_skip_tracking":false,"_monsterinsights_sitenote_active":false,"_monsterinsights_sitenote_note":"","_monsterinsights_sitenote_category":0},"product_brand":[],"product_cat":[55,1137,49,1112,32],"product_tag":[],"class_list":{"0":"post-162903","1":"product","2":"type-product","3":"status-publish","4":"has-post-thumbnail","6":"product_cat-toate-produsele","7":"product_cat-jucarii","8":"product_cat-transport","9":"product_cat-avioane-elicoptere-drone-cosmos","10":"product_cat-info-categorie","12":"first","13":"outofstock","14":"shipping-taxable","15":"purchasable","16":"product-type-simple"},"_links":{"self":[{"href":"http:\/\/toystoys.md\/ru\/wp-json\/wp\/v2\/product\/162903","targetHints":{"allow":["GET"]}}],"collection":[{"href":"http:\/\/toystoys.md\/ru\/wp-json\/wp\/v2\/product"}],"about":[{"href":"http:\/\/toystoys.md\/ru\/wp-json\/wp\/v2\/types\/product"}],"replies":[{"embeddable":true,"href":"http:\/\/toystoys.md\/ru\/wp-json\/wp\/v2\/comments?post=162903"}],"wp:featuredmedia":[{"embeddable":true,"href":"http:\/\/toystoys.md\/ru\/wp-json\/wp\/v2\/media\/162978"}],"wp:attachment":[{"href":"http:\/\/toystoys.md\/ru\/wp-json\/wp\/v2\/media?parent=162903"}],"wp:term":[{"taxonomy":"product_brand","embeddable":true,"href":"http:\/\/toystoys.md\/ru\/wp-json\/wp\/v2\/product_brand?post=162903"},{"taxonomy":"product_cat","embeddable":true,"href":"http:\/\/toystoys.md\/ru\/wp-json\/wp\/v2\/product_cat?post=162903"},{"taxonomy":"product_tag","embeddable":true,"href":"http:\/\/toystoys.md\/ru\/wp-json\/wp\/v2\/product_tag?post=162903"}],"curies":[{"name":"wp","href":"https:\/\/api.w.org\/{rel}","templated":true}]}}