{"id":162330,"date":"2023-10-12T01:27:36","date_gmt":"2023-10-11T23:27:36","guid":{"rendered":""},"modified":"2026-02-04T12:23:33","modified_gmt":"2026-02-04T10:23:33","slug":"prod_8716677005256_sc35756","status":"publish","type":"product","link":"http:\/\/toystoys.md\/ru\/shop\/prod_8716677005256_sc35756\/","title":{"rendered":"\u0414\u0435\u0442\u0441\u043a\u0430\u044f \u0441\u0443\u0445\u0430\u044f \u0441\u043c\u0435\u0441\u044c Kabrita 1 Gold 800 \u0433"},"content":{"rendered":"<div class=\"item_title\" title=\"Descriere produs\"><strong>\u0421\u043c\u0435\u0441\u044c \u043c\u043e\u043b\u043e\u0447\u043d\u0430\u044f Kabrita Gold 1 (0-6 \u043c\u0435\u0441\u044f\u0446\u0435\u0432) 800\u0433<\/strong><\/div>\n<article id=\"js-product-description\" class=\"item_main fr-view\">\u0410\u0434\u0430\u043f\u0442\u0438\u0440\u043e\u0432\u0430\u043d\u043d\u0430\u044f \u0441\u0443\u0445\u0430\u044f \u043c\u043e\u043b\u043e\u0447\u043d\u0430\u044f \u0441\u043c\u0435\u0441\u044c \u043d\u0430 \u043e\u0441\u043d\u043e\u0432\u0435 \u043a\u043e\u0437\u044c\u0435\u0433\u043e \u043c\u043e\u043b\u043e\u043a\u0430 \u0434\u043b\u044f \u043a\u043e\u043c\u0444\u043e\u0440\u0442\u043d\u043e\u0433\u043e \u043f\u0438\u0449\u0435\u0432\u0430\u0440\u0435\u043d\u0438\u044f Kabrita 1 GOLD (0 \u2013 6 \u043c\u0435\u0441)<strong>\u041f\u0440\u0435\u0438\u043c\u0443\u0449\u0435\u0441\u0442\u0432\u0430:<br \/>\n<\/strong>- \u041d\u0430\u0442\u0443\u0440\u0430\u043b\u044c\u043d\u043e\u0435 \u043a\u043e\u0437\u044c\u0435 \u043c\u043e\u043b\u043e\u043a\u043e \u0438\u0437 \u0413\u043e\u043b\u043b\u0430\u043d\u0434\u0438<br \/>\n- DigestX\u00ae<br \/>\n- \u041f\u0440\u0435\u0431\u0438\u043e\u0442\u0438\u043a\u0438 \u0438 \u041f\u0440\u043e\u0431\u0438\u043e\u0442\u0438\u043a\u0438<br \/>\n- DHA (\u03c9-3) \u0438 ARA (\u03c9-6)<br \/>\n- \u041d\u0443\u043a\u043b\u0435\u043e\u0442\u0438\u0434\u044b<br \/>\n- \u041c\u044f\u0433\u043a\u0438\u0439 \u0441\u043b\u0438\u0432\u043e\u0447\u043d\u044b\u0439 \u0432\u043a\u0443\u0441<\/article>\n<article><\/article>\n<article class=\"item_main fr-view\">\u0413\u0440\u0443\u0434\u043d\u043e\u0435 \u043c\u043e\u043b\u043e\u043a\u043e \u2013 \u043b\u0443\u0447\u0448\u0435\u0435 \u043f\u0438\u0442\u0430\u043d\u0438\u0435 \u0434\u043b\u044f \u0412\u0430\u0448\u0435\u0433\u043e \u043c\u0430\u043b\u044b\u0448\u0430! \u041f\u043e\u0441\u043e\u0432\u0435\u0442\u0443\u0439\u0442\u0435\u0441\u044c \u0441 \u043f\u0435\u0434\u0438\u0430\u0442\u0440\u043e\u043c \u043f\u043e \u0432\u043e\u043f\u0440\u043e\u0441\u0443 \u0432\u044b\u0431\u043e\u0440\u0430 \u043f\u0438\u0442\u0430\u043d\u0438\u044f \u0434\u043b\u044f \u0441\u0432\u043e\u0435\u0433\u043e \u043c\u0430\u043b\u044b\u0448\u0430.<\/article>\n<article><\/article>\n<article class=\"item_main fr-view\"><strong>Kabrita 1 GOLD<\/strong>\u00a0\u0430\u0434\u0430\u043f\u0442\u0438\u0440\u043e\u0432\u0430\u043d\u043d\u0430\u044f \u0441\u0443\u0445\u0430\u044f \u043c\u043e\u043b\u043e\u0447\u043d\u0430\u044f \u0441\u043c\u0435\u0441\u044c \u043f\u0440\u0438\u0433\u043e\u0442\u043e\u0432\u043b\u0435\u043d\u0430 \u0438\u0437 \u043d\u0430\u0442\u0443\u0440\u0430\u043b\u044c\u043d\u043e\u0433\u043e \u0433\u043e\u043b\u043b\u0430\u043d\u0434\u0441\u043a\u043e\u0433\u043e \u043a\u043e\u0437\u044c\u0435\u0433\u043e \u043c\u043e\u043b\u043e\u043a\u0430 \u0441 \u0434\u043e\u0431\u0430\u0432\u043b\u0435\u043d\u0438\u0435\u043c \u0446\u0435\u043d\u043d\u0435\u0439\u0448\u0435\u0439 \u0441\u044b\u0432\u043e\u0440\u043e\u0442\u043a\u0438. \u041a\u043e\u0437\u044c\u0435 \u043c\u043e\u043b\u043e\u043a\u043e \u0438 \u043f\u0440\u043e\u0434\u0443\u043a\u0442\u044b \u043d\u0430 \u0435\u0433\u043e \u043e\u0441\u043d\u043e\u0432\u0435 \u0445\u043e\u0440\u043e\u0448\u043e \u0443\u0441\u0432\u0430\u0438\u0432\u0430\u044e\u0442\u0441\u044f \u0438 \u043f\u0435\u0440\u0435\u043d\u043e\u0441\u044f\u0442\u0441\u044f. \u042d\u0442\u043e \u0441\u043f\u043e\u0441\u043e\u0431\u0441\u0442\u0432\u0443\u0435\u0442 \u0431\u043e\u043b\u0435\u0435 \u043a\u043e\u043c\u0444\u043e\u0440\u0442\u043d\u043e\u043c\u0443 \u043f\u0438\u0449\u0435\u0432\u0430\u0440\u0435\u043d\u0438\u044e \u0440\u0435\u0431\u0435\u043d\u043a\u0430. \u0421\u043c\u0435\u0441\u0438 Kabrita- \u0441\u0431\u0430\u043b\u0430\u043d\u0441\u0438\u0440\u043e\u0432\u0430\u043d\u043d\u043e\u0435, \u043f\u043e\u043b\u043d\u043e\u0446\u0435\u043d\u043d\u043e\u0435 \u0438 \u0431\u0435\u0440\u0435\u0436\u043d\u043e\u0435 \u043f\u0438\u0442\u0430\u043d\u0438\u0435 \u0441 \u0440\u043e\u0436\u0434\u0435\u043d\u0438\u044f.<strong>DigestX\u00a0<\/strong>\u043a\u043e\u043c\u043f\u043b\u0435\u043a\u0441 \u0436\u0438\u0440\u043e\u0432 \u0441 \u0431\u0435\u0442\u0430-\u043f\u0430\u043b\u044c\u043c\u0438\u0442\u0430\u0442\u043e\u043c, \u043f\u043e\u0434\u043e\u0431\u043d\u044b\u0439 \u0436\u0438\u0440\u043e\u0432\u043e\u043c\u0443 \u043f\u0440\u043e\u0444\u0438\u043b\u044e \u0433\u0440\u0443\u0434\u043d\u043e\u0433\u043e \u043c\u043e\u043b\u043e\u043a\u0430, \u0441\u043f\u043e\u0441\u043e\u0431\u0441\u0442\u0432\u0443\u0435\u0442 \u0441\u043d\u0438\u0436\u0435\u043d\u0438\u044e \u0432\u0435\u0440\u043e\u044f\u0442\u043d\u043e\u0441\u0442\u0438 \u0437\u0430\u043f\u043e\u0440\u043e\u0432, \u043b\u0443\u0447\u0448\u0435\u043c\u0443 \u044d\u043d\u0435\u0440\u0433\u043e\u043e\u0431\u043c\u0435\u043d\u0443 \u0438 \u0443\u0441\u0432\u043e\u0435\u043d\u0438\u044e \u043a\u0430\u043b\u044c\u0446\u0438\u044f.<strong>\u041f\u0440\u0435\u0431\u0438\u043e\u0442\u0438\u043a\u0438 \u0438 \u041f\u0440\u043e\u0431\u0438\u043e\u0442\u0438\u043a\u0438<\/strong>\u00a0\u0441\u043f\u043e\u0441\u043e\u0431\u0441\u0442\u0432\u0443\u044e\u0442 \u0443\u043b\u0443\u0447\u0448\u0435\u043d\u0438\u044e \u043f\u0438\u0449\u0435\u0432\u0430\u0440\u0435\u043d\u0438\u044f \u0438 \u0443\u043a\u0440\u0435\u043f\u043b\u0435\u043d\u0438\u044e \u0438\u043c\u043c\u0443\u043d\u0438\u0442\u0435\u0442\u0430.<strong>DHA (\u03c9-3) \u0219i ARA (\u03c9-6)<\/strong>\u00a0\u0434\u043b\u044f \u043f\u0440\u0430\u0432\u0438\u043b\u044c\u043d\u043e\u0433\u043e \u0440\u0430\u0437\u0432\u0438\u0442\u0438\u044f \u043c\u043e\u0437\u0433\u0430 \u0438 \u0437\u0440\u0435\u043d\u0438\u044f.<\/p>\n<p><strong>\u041d\u0443\u043a\u043b\u0435\u043e\u0442\u0438\u0434\u044b<\/strong>\u00a0\u0434\u043b\u044f \u0443\u043a\u0440\u0435\u043f\u043b\u0435\u043d\u0438\u044f \u0438\u043c\u043c\u0443\u043d\u0438\u0442\u0435\u0442\u0430.<\/p>\n<p><strong>\u0421\u043e\u0441\u0442\u0430\u0432:\u00a0<\/strong>\u041e\u0431\u0435\u0437\u0436\u0438\u0440\u0435\u043d\u043d\u043e\u0435 \u043a\u043e\u0437\u044c\u0435 \u043c\u043e\u043b\u043e\u043a\u043e, \u043b\u0430\u043a\u0442\u043e\u0437\u0430 , \u0440\u0430\u0441\u0442\u0438\u0442\u0435\u043b\u044c\u043d\u044b\u0435 \u043c\u0430\u0441\u043b\u0430 (\u043a\u043e\u043a\u043e\u0441\u043e\u0432\u043e\u0435 \u043c\u0430\u0441\u043b\u043e, \u043d\u0438\u0437\u043a\u043e\u044d\u0440\u0443\u043a\u043e\u0432\u043e\u0435 \u0440\u0430\u043f\u0441\u043e\u0432\u043e\u0435 \u043c\u0430\u0441\u043b\u043e, \u043f\u043e\u0434\u0441\u043e\u043b\u043d\u0435\u0447\u043d\u043e\u0435 \u043c\u0430\u0441\u043b\u043e), DigestX (1,3-\u0434\u0438\u043e\u043b\u0435\u043e\u043b 2-\u043f\u0430\u043b\u044c\u043c\u0438\u0442\u043e\u0438\u043b \u0442\u0440\u0438\u0433\u043b\u0438\u0446\u0435\u0440\u0438\u0434), \u043a\u043e\u043d\u0446\u0435\u043d\u0442\u0440\u0430\u0442 \u0441\u044b\u0432\u043e\u0440\u043e\u0442\u043e\u0447\u043d\u044b\u0445 \u0431\u0435\u043b\u043a\u043e\u0432 \u043a\u043e\u0437\u044c\u0435\u0433\u043e \u043c\u043e\u043b\u043e\u043a\u0430, \u0433\u0430\u043b\u0430\u043a\u0442\u043e\u043e\u043b\u0438\u0433\u043e\u0441\u0430\u0445\u0430\u0440\u0438\u0434\u044b, \u0444\u0440\u0443\u043a\u0442\u043e\u043e\u043b\u0438\u0433\u043e\u0441\u0430\u0445\u0430\u0440\u0438\u0434\u044b, \u0432\u0438\u0442\u0430\u043c\u0438\u043d\u043d\u043e - \u043c\u0438\u043d\u0435\u0440\u0430\u043b\u044c\u043d\u044b\u0439 \u043f\u0440\u0435\u043c\u0438\u043a\u0441, \u0440\u044b\u0431\u0438\u0439 \u0436\u0438\u0440 (\u0438\u0441\u0442\u043e\u0447\u043d\u0438\u043a DHA), \u0445\u043e\u043b\u0438\u043d\u0430 \u0431\u0438\u0442\u0430\u0440\u0442\u0440\u0430\u0442, \u0430\u0440\u0430\u0445\u0438\u0434\u043e\u043d\u043e\u0432\u0430\u044f \u043a\u0438\u0441\u043b\u043e\u0442\u0430, L-\u0444\u0435\u043d\u0438\u043b\u0430\u043b\u0430\u043d\u0438\u043d, \u0442\u0430\u0443\u0440\u0438\u043d, \u0438\u043d\u043e\u0437\u0438\u0442\u043e\u043b, \u043d\u0443\u043a\u043b\u0435\u043e\u0442\u0438\u0434\u044b, L-\u043a\u0430\u0440\u043d\u0438\u0442\u0438\u043d, \u0431\u0438\u0444\u0438\u0434\u043e\u0431\u0430\u043a\u0442\u0435\u0440\u0438\u0438 (Bifidobacterium BB-12*). \u041d\u0435 \u0441\u043e\u0434\u0435\u0440\u0436\u0438\u0442 \u043a\u0440\u0438\u0441\u0442\u0430\u043b\u043b\u0438\u0447\u0435\u0441\u043a\u0438\u0439 \u0441\u0430\u0445\u0430\u0440.<\/p>\n<p>BB-12 * - \u0437\u0430\u0440\u0435\u0433\u0438\u0441\u0442\u0440\u0438\u0440\u043e\u0432\u0430\u043d\u043d\u0430\u044f \u0442\u043e\u0440\u0433\u043e\u0432\u0430\u044f \u043c\u0430\u0440\u043a\u0430 \u043a\u043e\u043c\u043f\u0430\u043d\u0438\u0438 Chr.Hansen.<\/p>\n<p><strong>\u0421\u043f\u043e\u0441\u043e\u0431 \u043f\u0440\u0438\u0433\u043e\u0442\u043e\u0432\u043b\u0435\u043d\u0438\u044f:<\/strong><\/p>\n<p>\u0422\u0449\u0430\u0442\u0435\u043b\u044c\u043d\u043e \u043f\u043e\u043c\u043e\u0439\u0442\u0435 \u0440\u0443\u043a\u0438 \u043f\u0435\u0440\u0435\u0434 \u043f\u0440\u0438\u0433\u043e\u0442\u043e\u0432\u043b\u0435\u043d\u0438\u0435\u043c \u0441\u043c\u0435\u0441\u0438.<br \/>\n1. \u041f\u0440\u043e\u043a\u0438\u043f\u044f\u0442\u0438\u0442\u0435 \u0431\u0443\u0442\u044b\u043b\u043e\u0447\u043a\u0443 \u0438 \u0441\u043e\u0441\u043a\u0443 \u0434\u043b\u044f \u043a\u043e\u0440\u043c\u043b\u0435\u043d\u0438\u044f \u0432 \u0442\u0435\u0447\u0435\u043d\u0438\u0435 10 \u043c\u0438\u043d\u0443\u0442, \u0447\u0442\u043e\u0431\u044b \u043f\u0440\u043e\u0441\u0442\u0435\u0440\u0438\u043b\u0438\u0437\u043e\u0432\u0430\u0442\u044c \u0438\u0445.<br \/>\n2. \u041d\u0430\u043b\u0435\u0439\u0442\u0435 \u0432 \u0431\u0443\u0442\u044b\u043b\u043e\u0447\u043a\u0443 \u043d\u0435\u043e\u0431\u0445\u043e\u0434\u0438\u043c\u043e\u0435 \u043a\u043e\u043b\u0438\u0447\u0435\u0441\u0442\u0432\u043e \u043a\u0438\u043f\u044f\u0447\u0435\u043d\u043e\u0439 \u0432\u043e\u0434\u044b \u0438 \u0434\u0430\u0439\u0442\u0435 \u0435\u0439 \u043e\u0441\u0442\u044b\u0442\u044c \u0434\u043e 40\u00b0\u0421.<br \/>\n3. \u0414\u043e\u0431\u0430\u0432\u044c\u0442\u0435 \u0432 \u0432\u043e\u0434\u0443 \u043d\u0435\u043e\u0431\u0445\u043e\u0434\u0438\u043c\u043e\u0435 \u043a\u043e\u043b\u0438\u0447\u0435\u0441\u0442\u0432\u043e \u043f\u043e\u0440\u043e\u0448\u043a\u0430 Kabrita\u00ae 1 GOLD, \u0443\u043a\u0430\u0437\u0430\u043d\u043d\u043e\u0435 \u0432 \u0442\u0430\u0431\u043b\u0438\u0446\u0435 \u043a\u043e\u0440\u043c\u043b\u0435\u043d\u0438\u044f \u043d\u0430 \u0443\u043f\u0430\u043a\u043e\u0432\u043a\u0435 \u043f\u0440\u043e\u0434\u0443\u043a\u0442\u0430. \u0418\u0441\u043f\u043e\u043b\u044c\u0437\u0443\u0439\u0442\u0435 \u0437\u0430\u043f\u043e\u043b\u043d\u0435\u043d\u043d\u0443\u044e \u0431\u0435\u0437 \u0432\u0435\u0440\u0445\u0430 \u043c\u0435\u0440\u043d\u0443\u044e \u043b\u043e\u0436\u043a\u0443, \u0432\u043b\u043e\u0436\u0435\u043d\u043d\u0443\u044e \u0432 \u0431\u0430\u043d\u043a\u0443.<br \/>\n4. \u0417\u0430\u043a\u0440\u043e\u0439\u0442\u0435 \u0431\u0443\u0442\u044b\u043b\u043e\u0447\u043a\u0443 \u0438 \u0445\u043e\u0440\u043e\u0448\u043e \u0432\u0437\u0431\u043e\u043b\u0442\u0430\u0439\u0442\u0435 \u043a\u0440\u0443\u0433\u043e\u0432\u044b\u043c\u0438 \u0434\u0432\u0438\u0436\u0435\u043d\u0438\u044f\u043c\u0438 \u0441\u043e\u0434\u0435\u0440\u0436\u0438\u043c\u043e\u0435 \u0434\u043e \u043f\u043e\u043b\u043d\u043e\u0433\u043e \u0440\u0430\u0441\u0442\u0432\u043e\u0440\u0435\u043d\u0438\u044f \u0441\u043c\u0435\u0441\u0438.<\/p>\n<p>\u0412\u043d\u0438\u043c\u0430\u0442\u0435\u043b\u044c\u043d\u043e \u0447\u0438\u0442\u0430\u0439\u0442\u0435 \u0432\u0441\u044e \u0438\u043d\u0444\u043e\u0440\u043c\u0430\u0446\u0438\u044e \u043d\u0430 \u0443\u043f\u0430\u043a\u043e\u0432\u043a\u0435 \u043f\u0440\u043e\u0434\u0443\u043a\u0442\u0430.<br \/>\n<strong><br \/>\n\u0425\u0440\u0430\u043d\u0435\u043d\u0438\u0435:<\/strong>\u00a0\u0434\u043e \u0438 \u043f\u043e\u0441\u043b\u0435 \u0432\u0441\u043a\u0440\u044b\u0442\u0438\u044f \u043f\u0440\u043e\u0434\u0443\u043a\u0442 \u0445\u0440\u0430\u043d\u0438\u0442\u044c \u043f\u0440\u0438 \u0442\u0435\u043c\u043f\u0435\u0440\u0430\u0442\u0443\u0440\u0435 \u043d\u0435 \u0431\u043e\u043b\u0435\u0435 + 25\u00b0. \u041f\u043e\u0441\u043b\u0435 \u043a\u0430\u0436\u0434\u043e\u0433\u043e \u0438\u0441\u043f\u043e\u043b\u044c\u0437\u043e\u0432\u0430\u043d\u0438\u044f \u0431\u0430\u043d\u043a\u0443 \u043f\u043b\u043e\u0442\u043d\u043e \u0437\u0430\u043a\u0440\u044b\u0442\u044c \u043f\u043b\u0430\u0441\u0442\u0438\u043a\u043e\u0432\u043e\u0439 \u043a\u0440\u044b\u0448\u043a\u043e\u0439 \u0438 \u0445\u0440\u0430\u043d\u0438\u0442\u044c \u0432 \u0441\u0443\u0445\u043e\u043c \u043f\u0440\u043e\u0445\u043b\u0430\u0434\u043d\u043e\u043c \u043c\u0435\u0441\u0442\u0435 (\u043d\u0435 \u0432 \u0445\u043e\u043b\u043e\u0434\u0438\u043b\u044c\u043d\u0438\u043a\u0435). \u041f\u043e\u0441\u043b\u0435 \u0432\u0441\u043a\u0440\u044b\u0442\u0438\u044f \u0438\u0441\u043f\u043e\u043b\u044c\u0437\u043e\u0432\u0430\u0442\u044c \u0432 \u0442\u0435\u0447\u0435\u043d\u0438\u0435 \u043d\u0435 \u0431\u043e\u043b\u0435\u0435 4-\u0445 \u043d\u0435\u0434\u0435\u043b\u044c.<br \/>\n<strong><em><br \/>\n<\/em>\u0421\u0440\u043e\u043a \u0433\u043e\u0434\u043d\u043e\u0441\u0442\u0438 \u043f\u0440\u043e\u0434\u0443\u043a\u0442\u0430 \u2013 24 \u043c\u0435\u0441\u044f\u0446\u0430 \u0441 \u0434\u0430\u0442\u044b \u043f\u0440\u043e\u0438\u0437\u0432\u043e\u0434\u0441\u0442\u0432\u0430.<\/strong><\/p>\n<\/article>","protected":false},"excerpt":{"rendered":"<p>Formul\u0103 de lapte Kabrita Gold 1 (0-6 luni), 800g. Formula de lapte praf pe baz\u0103 de lapte de capr\u0103 pentru<\/p>","protected":false},"featured_media":162334,"comment_status":"closed","ping_status":"closed","template":"","meta":{"_monsterinsights_skip_tracking":false,"_monsterinsights_sitenote_active":false,"_monsterinsights_sitenote_note":"","_monsterinsights_sitenote_category":0},"product_brand":[],"product_cat":[55,1141,51,449],"product_tag":[],"class_list":{"0":"post-162330","1":"product","2":"type-product","3":"status-publish","4":"has-post-thumbnail","6":"product_cat-toate-produsele","7":"product_cat-produse-pentru-bebelusi","8":"product_cat-alimentatie","9":"product_cat-late-praf","11":"first","12":"instock","13":"shipping-taxable","14":"purchasable","15":"product-type-simple"},"_links":{"self":[{"href":"http:\/\/toystoys.md\/ru\/wp-json\/wp\/v2\/product\/162330","targetHints":{"allow":["GET"]}}],"collection":[{"href":"http:\/\/toystoys.md\/ru\/wp-json\/wp\/v2\/product"}],"about":[{"href":"http:\/\/toystoys.md\/ru\/wp-json\/wp\/v2\/types\/product"}],"replies":[{"embeddable":true,"href":"http:\/\/toystoys.md\/ru\/wp-json\/wp\/v2\/comments?post=162330"}],"wp:featuredmedia":[{"embeddable":true,"href":"http:\/\/toystoys.md\/ru\/wp-json\/wp\/v2\/media\/162334"}],"wp:attachment":[{"href":"http:\/\/toystoys.md\/ru\/wp-json\/wp\/v2\/media?parent=162330"}],"wp:term":[{"taxonomy":"product_brand","embeddable":true,"href":"http:\/\/toystoys.md\/ru\/wp-json\/wp\/v2\/product_brand?post=162330"},{"taxonomy":"product_cat","embeddable":true,"href":"http:\/\/toystoys.md\/ru\/wp-json\/wp\/v2\/product_cat?post=162330"},{"taxonomy":"product_tag","embeddable":true,"href":"http:\/\/toystoys.md\/ru\/wp-json\/wp\/v2\/product_tag?post=162330"}],"curies":[{"name":"wp","href":"https:\/\/api.w.org\/{rel}","templated":true}]}}