{"id":162036,"date":"2023-10-11T17:44:23","date_gmt":"2023-10-11T17:44:23","guid":{"rendered":"https:\/\/toystoys.md\/shop\/prod_6943478037687_sc89563\/"},"modified":"2025-11-18T09:49:42","modified_gmt":"2025-11-18T07:49:42","slug":"prod_6943478037687_sc89563","status":"publish","type":"product","link":"http:\/\/toystoys.md\/ru\/shop\/prod_6943478037687_sc89563\/","title":{"rendered":"\u0420\u0430\u0437\u0432\u0438\u0432\u0430\u044e\u0449\u0438\u0439 \u0431\u0438\u0437\u0438\u043a\u0443\u0431 \u0418\u0441\u0441\u043b\u0435\u0434\u0443\u0439 \u0438 \u0438\u0437\u0443\u0447\u0430\u0439 Hape"},"content":{"rendered":"<p>\u0412\u0430\u0448 \u043c\u0430\u043b\u044b\u0448 \u043f\u0440\u043e\u0432\u0435\u0434\u0435\u0442 \u0447\u0430\u0441\u044b, \u0438\u0441\u0441\u043b\u0435\u0434\u0443\u044f, \u0438\u0433\u0440\u0430\u044f \u0438 \u0443\u0447\u0430\u0441\u044c \u0441 \u044d\u0442\u0438\u043c \u0437\u0430\u043c\u0435\u0447\u0430\u0442\u0435\u043b\u044c\u043d\u044b\u043c \u0431\u0438\u0437\u0438\u043a\u0443\u0431\u043e\u043c!<\/p>\n<p>\u041f\u044f\u0442\u044c \u043c\u0443\u0437\u044b\u043a\u0430\u043b\u044c\u043d\u044b\u0445 \u0440\u0435\u0436\u0438\u043c\u043e\u0432 \u0432 \u0441\u043e\u0447\u0435\u0442\u0430\u043d\u0438\u0438 \u0441 \u043f\u044f\u0442\u044c\u044e \u0442\u0435\u043c\u0430\u043c\u0438, \u043a\u0443\u0431 \u0442\u0430\u043a\u0436\u0435 \u0432\u043a\u043b\u044e\u0447\u0430\u0435\u0442 \u0432 \u0441\u0435\u0431\u044f \u0432\u0440\u0430\u0449\u0430\u044e\u0449\u0438\u0435\u0441\u044f \u0448\u0435\u0441\u0442\u0435\u0440\u043d\u0438, \u043b\u0430\u0431\u0438\u0440\u0438\u043d\u0442 \u0438\u0437 \u0431\u0443\u0441\u0438\u043d\u043e\u043a, \u0441\u043e\u043f\u043e\u0441\u0442\u0430\u0432\u043b\u0435\u043d\u0438\u0435 \u0444\u043e\u0440\u043c, \u0434\u043e\u0440\u043e\u0436\u043a\u0438 \u0434\u043b\u044f \u0431\u0435\u0433\u0430 \u0441 \u043c\u044f\u0447\u043e\u043c \u0438 \u043c\u043d\u043e\u0433\u043e\u0435 \u0434\u0440\u0443\u0433\u043e\u0435!<\/p>\n<p>\u041f\u0443\u0441\u0442\u044c \u043c\u0430\u043b\u044b\u0448 \u0441\u0430\u043c \u0432\u044b\u0431\u0435\u0440\u0435\u0442 \u043a\u0430\u043a\u043e\u0439 \u0441\u0442\u043e\u0440\u043e\u043d\u043e\u0439 \u043a\u0443\u0431\u0430 \u043e\u043d \u0445\u043e\u0447\u0435\u0442 \u0438\u0433\u0440\u0430\u0442\u044c. \u041d\u0430\u0436\u0430\u0432 \u043f\u0440\u0430\u0432\u0443\u044e \u043a\u043d\u043e\u043f\u043a\u0443, \u043e\u043d \u0443\u0441\u043b\u044b\u0448\u0438\u0442 \u043f\u043e\u0434\u0445\u043e\u0434\u044f\u0449\u0443\u044e \u043c\u0443\u0437\u044b\u043a\u0443! \u041f\u0435\u0440\u0435\u043c\u0435\u0441\u0442\u0438\u0432 \u0441\u0440\u0435\u0434\u043d\u044e\u044e \u0448\u0435\u0441\u0442\u0435\u0440\u0435\u043d\u043a\u0443 \u043c\u043e\u043d\u0441\u0442\u0440\u0430, \u0448\u0435\u0441\u0442\u0435\u0440\u043d\u0438 \u043f\u043e \u0443\u0433\u043b\u0430\u043c \u043d\u0430\u0447\u043d\u0443\u0442 \u0432\u0440\u0430\u0449\u0430\u0442\u044c\u0441\u044f! \u0421\u043e\u043f\u043e\u0441\u0442\u0430\u0432\u0438\u0432 \u0444\u0438\u0433\u0443\u0440\u044b, \u0437\u0430\u0442\u0435\u043c \u043f\u043e\u0432\u0435\u0440\u043d\u0443\u0432 \u0431\u043b\u043e\u043a-\u043a\u043b\u044e\u0447, \u043e\u0442\u043a\u0440\u043e\u0435\u0442\u0441\u044f \u0434\u0432\u0435\u0440\u044c \u0438 \u043f\u043e\u044f\u0432\u044f\u0442\u0441\u044f \u0437\u0430\u0433\u0430\u0434\u043e\u0447\u043d\u044b\u0435 \u0436\u0438\u0432\u043e\u0442\u043d\u044b\u0435 \u0432 \u043b\u0435\u0441\u0443! \u041f\u0440\u043e\u0432\u043e\u0434\u0438\u0432 \u0431\u0443\u0441\u0438\u043d\u043a\u0438 \u0447\u0435\u0440\u0435\u0437 \u043f\u0440\u043e\u0432\u043e\u043b\u043e\u0447\u043d\u044b\u0439 \u043b\u0430\u0431\u0438\u0440\u0438\u043d\u0442, \u0448\u0430\u0440\u0438\u043a\u0438 \u043e\u0442\u043f\u0440\u0430\u0432\u043b\u044f\u044e\u0442\u0441\u044f \u043f\u043e \u0440\u0435\u043b\u044c\u0441\u0430\u043c \u0438 \u0441 \u043f\u043e\u043c\u043e\u0449\u044c\u044e \u043c\u043e\u043b\u043e\u0442\u043a\u0430 \u0448\u0430\u0440\u0438\u043a \u043f\u043e\u043f\u0430\u0434\u0430\u0435\u0442 \u0432 \u043e\u043a\u0435\u0430\u043d!<\/p>\n<p>\u0417\u0430\u043d\u044f\u0442\u0438\u044f \u0437\u0430\u0439\u043c\u0443\u0442 \u0438 \u0440\u0430\u0437\u0432\u043b\u0435\u043a\u0443\u0442 \u0432\u0430\u0448\u0438\u0445 \u043c\u0430\u043b\u044b\u0448\u0435\u0439, \u043f\u043e\u043a\u0430 \u043e\u043d\u0438 \u0432\u044b\u0440\u0430\u0441\u0442\u0443\u0442!<\/p>","protected":false},"excerpt":{"rendered":"<p>Micu\u021bul t\u0103u va petrece ore \u00eentregi explor\u00e2nd, juc\u00e2ndu-se \u0219i \u00eenv\u0103\u021b\u00e2nd cu acest cub minunat! Cinci moduri de muzic\u0103 combinate cu<\/p>","protected":false},"featured_media":162311,"comment_status":"closed","ping_status":"closed","template":"","meta":{"_monsterinsights_skip_tracking":false,"_monsterinsights_sitenote_active":false,"_monsterinsights_sitenote_note":"","_monsterinsights_sitenote_category":0},"product_brand":[],"product_cat":[55,1137,36,1493,1136],"product_tag":[],"class_list":{"0":"post-162036","1":"product","2":"type-product","3":"status-publish","4":"has-post-thumbnail","6":"product_cat-toate-produsele","7":"product_cat-jucarii","8":"product_cat-jucarii-pentru-bebelusi","9":"product_cat-jucarii-din-lemn-jucarii-pentru-bebelusi","10":"product_cat-jucarii-de-dezvoltare","12":"first","13":"instock","14":"shipping-taxable","15":"purchasable","16":"product-type-simple"},"_links":{"self":[{"href":"http:\/\/toystoys.md\/ru\/wp-json\/wp\/v2\/product\/162036","targetHints":{"allow":["GET"]}}],"collection":[{"href":"http:\/\/toystoys.md\/ru\/wp-json\/wp\/v2\/product"}],"about":[{"href":"http:\/\/toystoys.md\/ru\/wp-json\/wp\/v2\/types\/product"}],"replies":[{"embeddable":true,"href":"http:\/\/toystoys.md\/ru\/wp-json\/wp\/v2\/comments?post=162036"}],"wp:featuredmedia":[{"embeddable":true,"href":"http:\/\/toystoys.md\/ru\/wp-json\/wp\/v2\/media\/162311"}],"wp:attachment":[{"href":"http:\/\/toystoys.md\/ru\/wp-json\/wp\/v2\/media?parent=162036"}],"wp:term":[{"taxonomy":"product_brand","embeddable":true,"href":"http:\/\/toystoys.md\/ru\/wp-json\/wp\/v2\/product_brand?post=162036"},{"taxonomy":"product_cat","embeddable":true,"href":"http:\/\/toystoys.md\/ru\/wp-json\/wp\/v2\/product_cat?post=162036"},{"taxonomy":"product_tag","embeddable":true,"href":"http:\/\/toystoys.md\/ru\/wp-json\/wp\/v2\/product_tag?post=162036"}],"curies":[{"name":"wp","href":"https:\/\/api.w.org\/{rel}","templated":true}]}}