{"id":162028,"date":"2023-10-11T17:44:00","date_gmt":"2023-10-11T17:44:00","guid":{"rendered":"https:\/\/toystoys.md\/shop\/prod_6943478040233_sc89560\/"},"modified":"2023-11-24T17:30:03","modified_gmt":"2023-11-24T15:30:03","slug":"prod_6943478040233_sc89560","status":"publish","type":"product","link":"http:\/\/toystoys.md\/ru\/shop\/prod_6943478040233_sc89560\/","title":{"rendered":"\u0418\u0433\u0440\u043e\u0432\u043e\u0439 \u043d\u0430\u0431\u043e\u0440 \u041a\u0443\u0445\u043d\u044f \u0441 \u0441\u0443\u043f\u0435\u0440 \u043e\u043f\u0446\u0438\u044f\u043c\u0438 Hape"},"content":{"rendered":"<p>\u0414\u0435\u0442\u0441\u043a\u0430\u044f \u0438\u0433\u0440\u043e\u0432\u0430\u044f \u043a\u0443\u0445\u043d\u044f \u0431\u0440\u0435\u043d\u0434\u0430 Hape - \u044d\u0442\u043e \u043c\u0435\u0447\u0442\u0430 \u043c\u0430\u043b\u0435\u043d\u044c\u043a\u043e\u0433\u043e \u0448\u0435\u0444-\u043f\u043e\u0432\u0430\u0440\u0430. \u0418\u0433\u0440\u0430 \"\u0432 \u043a\u0443\u0445\u043d\u044e\" \u043d\u0438\u043a\u043e\u0433\u0434\u0430 \u043d\u0435 \u0442\u0435\u0440\u044f\u0435\u0442 \u0430\u043a\u0442\u0443\u0430\u043b\u044c\u043d\u043e\u0441\u0442\u0438, \u0440\u0430\u0437\u0432\u0438\u0432\u0430\u0435\u0442 \u043c\u044b\u0448\u043b\u0435\u043d\u0438\u0435, \u0444\u0430\u043d\u0442\u0430\u0437\u0438\u044e, \u043c\u0435\u043b\u043a\u0443\u044e \u043c\u043e\u0442\u043e\u0440\u0438\u043a\u0443. \u041d\u0430\u0448\u0430 \u0438\u0433\u0440\u043e\u0432\u0430\u044f \u043a\u0443\u0445\u043d\u0438 \u043f\u0440\u0435\u0434\u0441\u0442\u0430\u0432\u043b\u044f\u044e\u0442 \u0441\u043e\u0431\u043e\u0439 \u0442\u043e\u0447\u043d\u0443\u044e \u043a\u043e\u043f\u0438\u044e \u043d\u0430\u0441\u0442\u043e\u044f\u0449\u0435\u0433\u043e \u043a\u0443\u0445\u043e\u043d\u043d\u043e\u0433\u043e \u0433\u0430\u0440\u043d\u0438\u0442\u0443\u0440\u0430, \u0431\u044b\u0442\u043e\u0432\u044b\u0445 \u043f\u0440\u0438\u0431\u043e\u0440\u043e\u0432 \u0438 \u043f\u043e\u0441\u0443\u0434\u044b \u0432 \u043c\u0438\u043d\u0438\u0430\u0442\u044e\u0440\u0435, \u0432\u044b\u043f\u043e\u043b\u043d\u0435\u043d\u043d\u044b\u0435 \u0441 \u0443\u0447\u0435\u0442\u043e\u043c \u0434\u0435\u0442\u0441\u043a\u0438\u0445 \u043f\u043e\u0442\u0440\u0435\u0431\u043d\u043e\u0441\u0442\u0435\u0439 \u0438 \u0438\u0445 \u043d\u0435\u0431\u043e\u043b\u044c\u0448\u043e\u0433\u043e \u0440\u043e\u0441\u0442\u0430. \u041d\u0430 \u043a\u0443\u0445\u043d\u0435 \u043c\u043e\u0436\u043d\u043e \"\u043f\u043e\u043c\u044b\u0442\u044c\" \u0432 \u043c\u043e\u0439\u043a\u0435 \u043f\u043e\u0434 \u043a\u0440\u0430\u043d\u043e\u043c \u043f\u0440\u043e\u0434\u0443\u043a\u0442\u044b, \u0444\u0440\u0443\u043a\u0442\u044b \u0438 \u043e\u0432\u043e\u0449\u0438,  \u043f\u0440\u0438\u0433\u043e\u0442\u043e\u0432\u0438\u0442\u044c \u043d\u0430 \u043f\u043b\u0438\u0442\u0435 \u0438\u043b\u0438 \u0432 \u0434\u0443\u0445\u043e\u0432\u043e\u043c \u0448\u043a\u0430\u0444\u0443, \u0430 \u043f\u043e\u0434\u043e\u0433\u0440\u0435\u0442\u044c \u0432 \u043c\u0438\u043a\u0440\u043e\u0432\u043e\u043b\u043d\u043e\u0432\u043e\u0439 \u043f\u0435\u0447\u043a\u0435.<br \/>\n<span class=\"Y2IQFc\" lang=\"ro\">\u041a\u0443\u0445\u043d\u044f \u0441\u043e \u0441\u0432\u0435\u0442\u043e\u043c \u0438 \u0437\u0432\u0443\u043a\u043e\u043c, \u0440\u0443\u0447\u043a\u0438 \u043a\u0440\u0443\u0442\u044f\u0442\u0441\u044f, \u0435\u0441\u0442\u044c \u0440\u0430\u043a\u043e\u0432\u0438\u043d\u0430 \u0438 \u043d\u0430\u0441\u0442\u043e\u044f\u0449\u0438\u0439 \u0441\u043c\u0435\u0441\u0438\u0442\u0435\u043b\u044c, \u0432\u0441\u0435 \u043e\u0447\u0435\u043d\u044c \u0440\u0435\u0430\u043b\u0438\u0441\u0442\u0438\u0447\u043d\u043e! \u041d\u0430 \u043f\u043e\u043b\u043a\u0430\u0445 \u0437\u0430 \u0437\u0430\u043a\u0440\u044b\u0442\u044b\u043c\u0438 \u0434\u0432\u0435\u0440\u0446\u0430\u043c\u0438 \u0443\u0434\u043e\u0431\u043d\u043e \u0445\u0440\u0430\u043d\u0438\u0442\u044c \u043f\u043e\u0441\u0443\u0434\u043a\u0443, \u043f\u043e\u0432\u0430\u0440\u0441\u043a\u0443\u044e \u0443\u0442\u0432\u0430\u0440\u044c \u0438 \u043b\u044e\u0431\u044b\u0435 \u0434\u0440\u0443\u0433\u0438\u0435 \u0438\u0433\u0440\u0443\u0448\u043a\u0438 \u0438 \u043f\u0440\u0438\u043d\u0430\u0434\u043b\u0435\u0436\u043d\u043e\u0441\u0442\u0438. \u041c\u0430\u043b\u0435\u043d\u044c\u043a\u0430\u044f \u0445\u043e\u0437\u044f\u044e\u0448\u043a\u0430 \u0431\u0443\u0434\u0435\u0442 \u0441 \u0443\u0434\u043e\u0432\u043e\u043b\u044c\u0441\u0442\u0432\u0438\u0435\u043c \u0433\u043e\u0442\u043e\u0432\u0438\u0442\u044c \u0432\u043a\u0443\u0441\u043d\u0443\u044e \"\u0435\u0434\u0443\", \u0432\u043e\u0437\u0438\u0442\u044c\u0441\u044f \u0441 \u043a\u0443\u043a\u043e\u043b\u044c\u043d\u044b\u043c\u0438 \u043e\u0431\u0435\u0434\u0430\u043c\u0438 \u0438 \u0443\u0441\u0442\u0440\u0430\u0438\u0432\u0430\u0442\u044c \u0437\u0432\u0430\u043d\u044b\u0435 \u0443\u0436\u0438\u043d\u044b \u0434\u043b\u044f \u043c\u0438\u0448\u0435\u043a \u0438 \u043a\u0443\u043a\u043e\u043b\u043e\u043a.<\/span><\/p>","protected":false},"excerpt":{"rendered":"<p>Buc\u0103t\u0103ria de joac\u0103 pentru copii Hape este visul unui mic buc\u0103tar. Jocul de buc\u0103t\u0103rie nu \u00ee\u0219i pierde niciodat\u0103 relevan\u021ba \u0219i<\/p>","protected":false},"featured_media":162328,"comment_status":"closed","ping_status":"closed","template":"..\/public\/views\/revslider-page-template.php","meta":{"_monsterinsights_skip_tracking":false,"_monsterinsights_sitenote_active":false,"_monsterinsights_sitenote_note":"","_monsterinsights_sitenote_category":0},"product_brand":[],"product_cat":[1121,1137,45,55],"product_tag":[],"class_list":{"0":"post-162028","1":"product","2":"type-product","3":"status-publish","4":"has-post-thumbnail","6":"product_cat-bucatarii","7":"product_cat-jucarii","8":"product_cat-jucarii-pe-tematici","9":"product_cat-toate-produsele","11":"first","12":"outofstock","13":"shipping-taxable","14":"purchasable","15":"product-type-simple"},"_links":{"self":[{"href":"http:\/\/toystoys.md\/ru\/wp-json\/wp\/v2\/product\/162028","targetHints":{"allow":["GET"]}}],"collection":[{"href":"http:\/\/toystoys.md\/ru\/wp-json\/wp\/v2\/product"}],"about":[{"href":"http:\/\/toystoys.md\/ru\/wp-json\/wp\/v2\/types\/product"}],"replies":[{"embeddable":true,"href":"http:\/\/toystoys.md\/ru\/wp-json\/wp\/v2\/comments?post=162028"}],"wp:featuredmedia":[{"embeddable":true,"href":"http:\/\/toystoys.md\/ru\/wp-json\/wp\/v2\/media\/162328"}],"wp:attachment":[{"href":"http:\/\/toystoys.md\/ru\/wp-json\/wp\/v2\/media?parent=162028"}],"wp:term":[{"taxonomy":"product_brand","embeddable":true,"href":"http:\/\/toystoys.md\/ru\/wp-json\/wp\/v2\/product_brand?post=162028"},{"taxonomy":"product_cat","embeddable":true,"href":"http:\/\/toystoys.md\/ru\/wp-json\/wp\/v2\/product_cat?post=162028"},{"taxonomy":"product_tag","embeddable":true,"href":"http:\/\/toystoys.md\/ru\/wp-json\/wp\/v2\/product_tag?post=162028"}],"curies":[{"name":"wp","href":"https:\/\/api.w.org\/{rel}","templated":true}]}}