{"id":161992,"date":"2023-10-10T17:42:15","date_gmt":"2023-10-10T15:42:15","guid":{"rendered":""},"modified":"2026-02-18T09:18:03","modified_gmt":"2026-02-18T07:18:03","slug":"prod_6943478036338_sc89536","status":"publish","type":"product","link":"http:\/\/toystoys.md\/ru\/shop\/prod_6943478036338_sc89536\/","title":{"rendered":"\u041d\u0430\u0431\u043e\u0440 \u0434\u043b\u044f \u0444\u0440\u0443\u043a\u0442\u043e\u0432\u043e\u0439 \u0432\u0435\u0447\u0435\u0440\u0438\u043d\u043a\u0438 \u0413\u0443\u0441\u0435\u043d\u0438\u0446\u0430 Hape"},"content":{"rendered":"<p>\u041f\u043e\u043c\u043e\u0433\u0438\u0442\u0435 \u044d\u0442\u0438\u043c \u0433\u043e\u043b\u043e\u0434\u043d\u044b\u043c \u043c\u0430\u043b\u0435\u043d\u044c\u043a\u0438\u043c \u0433\u0443\u0441\u0435\u043d\u0438\u0446\u0430\u043c \u043f\u043e\u043b\u0443\u0447\u0438\u0442\u044c \u043c\u043d\u043e\u0433\u043e \u043f\u043e\u043b\u0435\u0437\u043d\u044b\u0445 \u0437\u0430\u043a\u0443\u0441\u043e\u043a \u0441 \u043f\u043e\u043c\u043e\u0449\u044c\u044e \u044d\u0442\u043e\u0433\u043e \u043c\u0438\u043b\u043e\u0433\u043e \u043d\u0430\u0431\u043e\u0440\u0430!<br \/>\n\u0412 \u043a\u043e\u043c\u043f\u043b\u0435\u043a\u0442 \u0432\u0445\u043e\u0434\u044f\u0442 \u0434\u0432\u0435 \u0433\u0443\u0441\u0435\u043d\u0438\u0446\u044b \u0438 13 \u0444\u0440\u0443\u043a\u0442\u043e\u0432.<\/p>\n<p>\u041e\u0441\u043d\u043e\u0432\u043d\u043e\u0435 \u0432\u043d\u0438\u043c\u0430\u043d\u0438\u0435 \u0443\u0434\u0435\u043b\u044f\u0435\u0442\u0441\u044f \u0440\u0430\u0437\u0432\u0438\u0442\u0438\u044e \u043c\u0435\u043b\u043a\u043e\u0439 \u043c\u043e\u0442\u043e\u0440\u0438\u043a\u0438 \u0438 \u043a\u043e\u043d\u0446\u0435\u043d\u0442\u0440\u0430\u0446\u0438\u0438.<\/p>\n<p>\u0412\u043e\u0437\u0440\u0430\u0441\u0442: 18 \u043c\u0435\u0441\u044f\u0446\u0435\u0432+<br \/>\n\u0420\u0430\u0437\u043c\u0435\u0440\u044b \u0443\u043f\u0430\u043a\u043e\u0432\u043a\u0438: 21 \u0445 18 \u0445 7 \u0441\u043c.<br \/>\n\u0421\u043e\u0434\u0435\u0440\u0436\u0438\u0442: 15 \u0434\u0435\u0442\u0430\u043b\u0435\u0439.<\/p>","protected":false},"excerpt":{"rendered":"<p>Ajuta\u021bi aceste mici omizi \u00eenfometate s\u0103 primeasc\u0103 o mul\u021bime de gust\u0103ri s\u0103n\u0103toase cu acest set dr\u0103gu\u021b! Include dou\u0103 omizi \u0219i<\/p>","protected":false},"featured_media":162055,"comment_status":"closed","ping_status":"closed","template":"","meta":{"_monsterinsights_skip_tracking":false,"_monsterinsights_sitenote_active":false,"_monsterinsights_sitenote_note":"","_monsterinsights_sitenote_category":0},"product_brand":[],"product_cat":[55,1137,36,1136],"product_tag":[],"class_list":{"0":"post-161992","1":"product","2":"type-product","3":"status-publish","4":"has-post-thumbnail","6":"product_cat-toate-produsele","7":"product_cat-jucarii","8":"product_cat-jucarii-pentru-bebelusi","9":"product_cat-jucarii-de-dezvoltare","11":"first","12":"outofstock","13":"shipping-taxable","14":"purchasable","15":"product-type-simple"},"_links":{"self":[{"href":"http:\/\/toystoys.md\/ru\/wp-json\/wp\/v2\/product\/161992","targetHints":{"allow":["GET"]}}],"collection":[{"href":"http:\/\/toystoys.md\/ru\/wp-json\/wp\/v2\/product"}],"about":[{"href":"http:\/\/toystoys.md\/ru\/wp-json\/wp\/v2\/types\/product"}],"replies":[{"embeddable":true,"href":"http:\/\/toystoys.md\/ru\/wp-json\/wp\/v2\/comments?post=161992"}],"wp:featuredmedia":[{"embeddable":true,"href":"http:\/\/toystoys.md\/ru\/wp-json\/wp\/v2\/media\/162055"}],"wp:attachment":[{"href":"http:\/\/toystoys.md\/ru\/wp-json\/wp\/v2\/media?parent=161992"}],"wp:term":[{"taxonomy":"product_brand","embeddable":true,"href":"http:\/\/toystoys.md\/ru\/wp-json\/wp\/v2\/product_brand?post=161992"},{"taxonomy":"product_cat","embeddable":true,"href":"http:\/\/toystoys.md\/ru\/wp-json\/wp\/v2\/product_cat?post=161992"},{"taxonomy":"product_tag","embeddable":true,"href":"http:\/\/toystoys.md\/ru\/wp-json\/wp\/v2\/product_tag?post=161992"}],"curies":[{"name":"wp","href":"https:\/\/api.w.org\/{rel}","templated":true}]}}