{"id":161991,"date":"2023-10-10T17:42:12","date_gmt":"2023-10-10T15:42:12","guid":{"rendered":"https:\/\/toystoys.md\/shop\/prod_6943478030855_sc89542\/"},"modified":"2023-10-11T17:01:01","modified_gmt":"2023-10-11T15:01:01","slug":"prod_6943478030855_sc89542","status":"publish","type":"product","link":"http:\/\/toystoys.md\/ru\/shop\/prod_6943478030855_sc89542\/","title":{"rendered":"Set de joaca Inghetata"},"content":{"rendered":"<p>Acest frumos set de jocuri HAPE este minunat pentru dezvoltarea abilit\u0103\u021bilor motorii fine \u0219i a coordon\u0103rii m\u00e2n\u0103-ochi. \u00cencuraja\u021bi copiii s\u0103 fie curio\u0219i \u0219i l\u0103sa\u021bi-i s\u0103-\u0219i dezvolte imagina\u021bia, limbajul \u0219i abilit\u0103\u021bile sociale juc\u00e2ndu-se cu acest set realist de \u00eenghe\u021bat\u0103 de cea mai bun\u0103 calitate!<\/p>\n<p>Combina\u021bi acest set cu alte seturi de alimente \u0219i crea\u021bi o s\u0103rb\u0103toare distractiv\u0103. Jocul cu fra\u021bii sau prietenii ajut\u0103 la dezvoltarea comunic\u0103rii reciproce. Copiii pot alege unul dintre cele trei gheare \u00eempachetate individual!<\/p>\n<p>&#8211; Marginile rotunde faciliteaz\u0103 prinderea accesoriilor pentru m\u00e2inile mici.<br \/>\n&#8211; Setul de jocuri cu \u00eenghe\u021bat\u0103 con\u021bine trei popsicles aromate diferite \u00een pachetele lor.<br \/>\n&#8211; Dimensiunea ambalajului: 18 x 15 x 3,5 cm.<\/p>\n<p>V\u00e2rsta: peste 3 ani<\/p>","protected":false},"excerpt":{"rendered":"<p>Acest frumos set de jocuri HAPE este minunat pentru dezvoltarea abilit\u0103\u021bilor motorii fine \u0219i a coordon\u0103rii m\u00e2n\u0103-ochi. \u00cencuraja\u021bi copiii s\u0103<\/p>","protected":false},"featured_media":162050,"comment_status":"closed","ping_status":"closed","template":"..\/public\/views\/revslider-page-template.php","meta":{"_monsterinsights_skip_tracking":false,"_monsterinsights_sitenote_active":false,"_monsterinsights_sitenote_note":"","_monsterinsights_sitenote_category":0},"product_brand":[],"product_cat":[1137,45,1124,55,1122],"product_tag":[],"class_list":{"0":"post-161991","1":"product","2":"type-product","3":"status-publish","4":"has-post-thumbnail","6":"product_cat-jucarii","7":"product_cat-jucarii-pe-tematici","8":"product_cat-supermarket-pentru-copii","9":"product_cat-toate-produsele","10":"product_cat-totul-pentru-bucatarie","12":"first","13":"instock","14":"shipping-taxable","15":"purchasable","16":"product-type-simple"},"_links":{"self":[{"href":"http:\/\/toystoys.md\/ru\/wp-json\/wp\/v2\/product\/161991","targetHints":{"allow":["GET"]}}],"collection":[{"href":"http:\/\/toystoys.md\/ru\/wp-json\/wp\/v2\/product"}],"about":[{"href":"http:\/\/toystoys.md\/ru\/wp-json\/wp\/v2\/types\/product"}],"replies":[{"embeddable":true,"href":"http:\/\/toystoys.md\/ru\/wp-json\/wp\/v2\/comments?post=161991"}],"wp:featuredmedia":[{"embeddable":true,"href":"http:\/\/toystoys.md\/ru\/wp-json\/wp\/v2\/media\/162050"}],"wp:attachment":[{"href":"http:\/\/toystoys.md\/ru\/wp-json\/wp\/v2\/media?parent=161991"}],"wp:term":[{"taxonomy":"product_brand","embeddable":true,"href":"http:\/\/toystoys.md\/ru\/wp-json\/wp\/v2\/product_brand?post=161991"},{"taxonomy":"product_cat","embeddable":true,"href":"http:\/\/toystoys.md\/ru\/wp-json\/wp\/v2\/product_cat?post=161991"},{"taxonomy":"product_tag","embeddable":true,"href":"http:\/\/toystoys.md\/ru\/wp-json\/wp\/v2\/product_tag?post=161991"}],"curies":[{"name":"wp","href":"https:\/\/api.w.org\/{rel}","templated":true}]}}