{"id":160827,"date":"2023-10-03T09:53:47","date_gmt":"2023-10-03T07:53:47","guid":{"rendered":""},"modified":"2023-10-06T22:44:35","modified_gmt":"2023-10-06T20:44:35","slug":"prod_000772404501_sc89299","status":"publish","type":"product","link":"http:\/\/toystoys.md\/ru\/shop\/prod_000772404501_sc89299\/","title":{"rendered":"\u041f\u043b\u044e\u0448\u0435\u0432\u0430\u044f \u0438\u0433\u0440\u0443\u0448\u043a\u0430 \u041c\u0430\u043b\u044b\u0448 \u0422\u0438\u0433\u0440 Melissa and Doug"},"content":{"rendered":"<pre id=\"tw-target-text\" class=\"tw-data-text tw-text-large tw-ta\" dir=\"ltr\" data-placeholder=\"\u041f\u0435\u0440\u0435\u0432\u043e\u0434\" data-ved=\"2ahUKEwicsqL3kNeBAxU0_7sIHXjsAhoQ3ewLegQIDBAQ\"><span class=\"Y2IQFc\" lang=\"ro\">\u042d\u0442\u043e\u0442 \u043c\u0430\u043b\u0435\u043d\u044c\u043a\u0438\u0439 \u0434\u0435\u0442\u0435\u043d\u044b\u0448 \u0432 \u043e\u0440\u0430\u043d\u0436\u0435\u0432\u043e-\u0447\u0435\u0440\u043d\u0443\u044e \u043f\u043e\u043b\u043e\u0441\u043a\u0443 \u0441 \u043c\u044f\u0433\u043a\u0438\u043c, \u0448\u0435\u043b\u043a\u043e\u0432\u0438\u0441\u0442\u044b\u043c \u043c\u0435\u0445\u043e\u043c \u0438\u0437 \u043f\u043e\u043b\u0438\u044d\u0441\u0442\u0435\u0440\u0430 \u0438\u043c\u0435\u0435\u0442 \u0440\u043e\u0441\u0442 \u043f\u0440\u0438\u043c\u0435\u0440\u043d\u043e 28 \u0441\u043c \u0438 \u043e\u0441\u043d\u0430\u0449\u0435\u043d \u0432\u0441\u0435\u043c \u043d\u0435\u043e\u0431\u0445\u043e\u0434\u0438\u043c\u044b\u043c \u0434\u043b\u044f \u0443\u0445\u043e\u0434\u0430 \u0437\u0430 \u0440\u0435\u0431\u0435\u043d\u043a\u043e\u043c: \u0441\u044a\u0435\u043c\u043d\u0430\u044f \u043f\u0443\u0441\u0442\u044b\u0448\u043a\u0430 \u0438 \u0434\u0435\u0442\u0441\u043a\u0430\u044f \u0431\u0443\u0442\u044b\u043b\u043e\u0447\u043a\u0430, \u0430 \u0442\u0430\u043a\u0436\u0435 \u0442\u043a\u0430\u043d\u0435\u0432\u044b\u0439 \u043f\u043e\u0434\u0433\u0443\u0437\u043d\u0438\u043a, \u043a\u043e\u0442\u043e\u0440\u044b\u0439 \u043c\u043e\u0436\u043d\u043e \u0441\u043c\u0435\u043d\u0438\u0442\u044c!\n\n\u0422\u0430\u043a\u0436\u0435 \u0435\u0441\u0442\u044c \u0441\u0432\u0438\u0434\u0435\u0442\u0435\u043b\u044c\u0441\u0442\u0432\u043e \u043e\u0431 \u0443\u0441\u044b\u043d\u043e\u0432\u043b\u0435\u043d\u0438\u0438, \u043a\u043e\u043d\u0442\u0440\u043e\u043b\u044c\u043d\u044b\u0439 \u0441\u043f\u0438\u0441\u043e\u043a \u043f\u043e \u0443\u0445\u043e\u0434\u0443 \u0438 \u0437\u0430\u0431\u0430\u0432\u043d\u044b\u0435 \u0444\u0430\u043a\u0442\u044b \u043e \u0442\u0438\u0433\u0440\u044f\u0442\u0430\u0445 \u0432 \u0434\u0438\u043a\u043e\u0439 \u043f\u0440\u0438\u0440\u043e\u0434\u0435! \u0414\u0435\u0442\u044f\u043c \u043f\u043e\u043d\u0440\u0430\u0432\u0438\u0442\u0441\u044f \u0437\u0430\u0431\u043e\u0442\u0438\u0442\u044c\u0441\u044f \u043e \u0441\u0432\u043e\u0435\u043c \u0441\u043e\u0431\u0441\u0442\u0432\u0435\u043d\u043d\u043e\u043c \u0434\u0435\u0442\u0435\u043d\u044b\u0448\u0435 \u0436\u0438\u0432\u043e\u0442\u043d\u043e\u0433\u043e.\n\n\u041f\u043e\u0434\u0445\u043e\u0434\u0438\u0442 \u0434\u043b\u044f \u0434\u0435\u0442\u0435\u0439 \u043e\u0442 18 \u043c\u0435\u0441\u044f\u0446\u0435\u0432 \u0438 \u0441\u0442\u0430\u0440\u0448\u0435.<\/span><\/pre>","protected":false},"excerpt":{"rendered":"<p>Acest pui mic cu dungi portocalii \u0219i negre, cu blan\u0103 moale \u0219i m\u0103t\u0103soas\u0103 din poliester, m\u0103soar\u0103 aproximativ 28 cm \u00een\u0103l\u021bime<\/p>","protected":false},"featured_media":160852,"comment_status":"closed","ping_status":"closed","template":"..\/public\/views\/revslider-page-template.php","meta":{"_monsterinsights_skip_tracking":false,"_monsterinsights_sitenote_active":false,"_monsterinsights_sitenote_note":"","_monsterinsights_sitenote_category":0},"product_brand":[],"product_cat":[55,1137,46],"product_tag":[],"class_list":{"0":"post-160827","1":"product","2":"type-product","3":"status-publish","4":"has-post-thumbnail","6":"product_cat-toate-produsele","7":"product_cat-jucarii","8":"product_cat-jucarii-de-plus","10":"first","11":"instock","12":"shipping-taxable","13":"purchasable","14":"product-type-simple"},"_links":{"self":[{"href":"http:\/\/toystoys.md\/ru\/wp-json\/wp\/v2\/product\/160827","targetHints":{"allow":["GET"]}}],"collection":[{"href":"http:\/\/toystoys.md\/ru\/wp-json\/wp\/v2\/product"}],"about":[{"href":"http:\/\/toystoys.md\/ru\/wp-json\/wp\/v2\/types\/product"}],"replies":[{"embeddable":true,"href":"http:\/\/toystoys.md\/ru\/wp-json\/wp\/v2\/comments?post=160827"}],"wp:featuredmedia":[{"embeddable":true,"href":"http:\/\/toystoys.md\/ru\/wp-json\/wp\/v2\/media\/160852"}],"wp:attachment":[{"href":"http:\/\/toystoys.md\/ru\/wp-json\/wp\/v2\/media?parent=160827"}],"wp:term":[{"taxonomy":"product_brand","embeddable":true,"href":"http:\/\/toystoys.md\/ru\/wp-json\/wp\/v2\/product_brand?post=160827"},{"taxonomy":"product_cat","embeddable":true,"href":"http:\/\/toystoys.md\/ru\/wp-json\/wp\/v2\/product_cat?post=160827"},{"taxonomy":"product_tag","embeddable":true,"href":"http:\/\/toystoys.md\/ru\/wp-json\/wp\/v2\/product_tag?post=160827"}],"curies":[{"name":"wp","href":"https:\/\/api.w.org\/{rel}","templated":true}]}}