{"id":158960,"date":"2023-09-07T18:03:32","date_gmt":"2023-09-07T18:03:32","guid":{"rendered":""},"modified":"2024-09-30T10:00:33","modified_gmt":"2024-09-30T08:00:33","slug":"prod_5906874565087_sc88797","status":"publish","type":"product","link":"http:\/\/toystoys.md\/ru\/shop\/prod_5906874565087_sc88797\/","title":{"rendered":"Solutie p\/u podea GREEN TEA 1000 ml YOPE"},"content":{"rendered":"<p>Solu\u021bia pentru podea Yope Ceai Verde, cu un volum de 1000 ml, este conceput\u0103 pentru a asigura o cur\u0103\u021bare eficient\u0103 \u0219i pl\u0103cut\u0103 a podelelor.<\/p>\n<p>Formula sa special\u0103 pe baz\u0103 de ingrediente naturale \u00eendep\u0103rteaz\u0103 murd\u0103ria \u0219i petele, l\u0103s\u00e2nd o arom\u0103 proasp\u0103t\u0103 de ceai verde \u00een urma sa. Aceast\u0103 solu\u021bie este potrivit\u0103 pentru diferite tipuri de podele \u0219i suprafe\u021be, conferind o senza\u021bie de prospe\u021bime \u0219i cur\u0103\u021benie \u00een locuin\u021ba ta.<\/p>","protected":false},"excerpt":{"rendered":"<p>Solu\u021bia pentru podea Yope Ceai Verde, cu un volum de 1000 ml, este conceput\u0103 pentru a asigura o cur\u0103\u021bare eficient\u0103<\/p>","protected":false},"featured_media":159138,"comment_status":"closed","ping_status":"closed","template":"","meta":{"_monsterinsights_skip_tracking":false,"_monsterinsights_sitenote_active":false,"_monsterinsights_sitenote_note":"","_monsterinsights_sitenote_category":0},"product_brand":[],"product_cat":[55,50,1107],"product_tag":[],"class_list":{"0":"post-158960","1":"product","2":"type-product","3":"status-publish","4":"has-post-thumbnail","6":"product_cat-toate-produsele","7":"product_cat-iginina","8":"product_cat-produse-pentru-rufe-si-curatenie","10":"first","11":"instock","12":"shipping-taxable","13":"purchasable","14":"product-type-simple"},"_links":{"self":[{"href":"http:\/\/toystoys.md\/ru\/wp-json\/wp\/v2\/product\/158960","targetHints":{"allow":["GET"]}}],"collection":[{"href":"http:\/\/toystoys.md\/ru\/wp-json\/wp\/v2\/product"}],"about":[{"href":"http:\/\/toystoys.md\/ru\/wp-json\/wp\/v2\/types\/product"}],"replies":[{"embeddable":true,"href":"http:\/\/toystoys.md\/ru\/wp-json\/wp\/v2\/comments?post=158960"}],"wp:featuredmedia":[{"embeddable":true,"href":"http:\/\/toystoys.md\/ru\/wp-json\/wp\/v2\/media\/159138"}],"wp:attachment":[{"href":"http:\/\/toystoys.md\/ru\/wp-json\/wp\/v2\/media?parent=158960"}],"wp:term":[{"taxonomy":"product_brand","embeddable":true,"href":"http:\/\/toystoys.md\/ru\/wp-json\/wp\/v2\/product_brand?post=158960"},{"taxonomy":"product_cat","embeddable":true,"href":"http:\/\/toystoys.md\/ru\/wp-json\/wp\/v2\/product_cat?post=158960"},{"taxonomy":"product_tag","embeddable":true,"href":"http:\/\/toystoys.md\/ru\/wp-json\/wp\/v2\/product_tag?post=158960"}],"curies":[{"name":"wp","href":"https:\/\/api.w.org\/{rel}","templated":true}]}}