{"id":158956,"date":"2023-09-07T18:03:20","date_gmt":"2023-09-07T18:03:20","guid":{"rendered":""},"modified":"2024-09-30T10:00:21","modified_gmt":"2024-09-30T08:00:21","slug":"prod_5906874565278_sc88801","status":"publish","type":"product","link":"http:\/\/toystoys.md\/ru\/shop\/prod_5906874565278_sc88801\/","title":{"rendered":"Solutie p\/u vase CASTRAVETE 750 ml YOPE KITCHEN"},"content":{"rendered":"<p>Solu\u021bia pentru vase Yope Castravete, cu un volum de 750 ml, este conceput\u0103 pentru a v\u0103 ajuta s\u0103 sp\u0103la\u021bi vasele \u00eentr-un mod eficient \u0219i ecologic.<\/p>\n<p>Formula sa pe baz\u0103 de ingrediente naturale ajut\u0103 la \u00eendep\u0103rtarea gr\u0103simii \u0219i murd\u0103riei de pe vase, l\u0103s\u00e2ndu-le str\u0103lucitoare \u0219i curate. Aroma proasp\u0103t\u0103 de castravete va ad\u0103uga o not\u0103 revigorant\u0103 \u00een buc\u0103t\u0103ria dvs.<\/p>","protected":false},"excerpt":{"rendered":"<p>Solu\u021bia pentru vase Yope Castravete, cu un volum de 750 ml, este conceput\u0103 pentru a v\u0103 ajuta s\u0103 sp\u0103la\u021bi vasele<\/p>","protected":false},"featured_media":159124,"comment_status":"closed","ping_status":"closed","template":"","meta":{"_monsterinsights_skip_tracking":false,"_monsterinsights_sitenote_active":false,"_monsterinsights_sitenote_note":"","_monsterinsights_sitenote_category":0},"product_brand":[],"product_cat":[55,50,1107],"product_tag":[],"class_list":{"0":"post-158956","1":"product","2":"type-product","3":"status-publish","4":"has-post-thumbnail","6":"product_cat-toate-produsele","7":"product_cat-iginina","8":"product_cat-produse-pentru-rufe-si-curatenie","10":"first","11":"instock","12":"shipping-taxable","13":"purchasable","14":"product-type-simple"},"_links":{"self":[{"href":"http:\/\/toystoys.md\/ru\/wp-json\/wp\/v2\/product\/158956","targetHints":{"allow":["GET"]}}],"collection":[{"href":"http:\/\/toystoys.md\/ru\/wp-json\/wp\/v2\/product"}],"about":[{"href":"http:\/\/toystoys.md\/ru\/wp-json\/wp\/v2\/types\/product"}],"replies":[{"embeddable":true,"href":"http:\/\/toystoys.md\/ru\/wp-json\/wp\/v2\/comments?post=158956"}],"wp:featuredmedia":[{"embeddable":true,"href":"http:\/\/toystoys.md\/ru\/wp-json\/wp\/v2\/media\/159124"}],"wp:attachment":[{"href":"http:\/\/toystoys.md\/ru\/wp-json\/wp\/v2\/media?parent=158956"}],"wp:term":[{"taxonomy":"product_brand","embeddable":true,"href":"http:\/\/toystoys.md\/ru\/wp-json\/wp\/v2\/product_brand?post=158956"},{"taxonomy":"product_cat","embeddable":true,"href":"http:\/\/toystoys.md\/ru\/wp-json\/wp\/v2\/product_cat?post=158956"},{"taxonomy":"product_tag","embeddable":true,"href":"http:\/\/toystoys.md\/ru\/wp-json\/wp\/v2\/product_tag?post=158956"}],"curies":[{"name":"wp","href":"https:\/\/api.w.org\/{rel}","templated":true}]}}