{"id":158955,"date":"2023-09-07T18:03:16","date_gmt":"2023-09-07T18:03:16","guid":{"rendered":""},"modified":"2024-09-30T10:00:17","modified_gmt":"2024-09-30T08:00:17","slug":"prod_5905279370166_sc88808","status":"publish","type":"product","link":"http:\/\/toystoys.md\/ru\/shop\/prod_5905279370166_sc88808\/","title":{"rendered":"Solutie universala p\/u curatarea GREEN TEA 750 ml YOPE"},"content":{"rendered":"<p>Solu\u021bia universal\u0103 pentru cur\u0103\u021bare Yope cu arom\u0103 de ceai verde, cu un volum de 750 ml, este un produs versatil \u0219i eficient pentru cur\u0103\u021barea diverselor suprafe\u021be din gospod\u0103rie.<\/p>\n<p>Formula sa delicat\u0103 \u00eendep\u0103rteaz\u0103 eficient murd\u0103ria \u0219i petele de pe mobilier, blaturi, geamuri \u0219i alte suprafe\u021be. Aroma proasp\u0103t\u0103 \u0219i revigorant\u0103 a ceaiului verde va \u00eenviora spa\u021biul \u0219i va l\u0103sa o senza\u021bie de cur\u0103\u021benie pl\u0103cut\u0103.<\/p>","protected":false},"excerpt":{"rendered":"<p>Solu\u021bia universal\u0103 pentru cur\u0103\u021bare Yope cu arom\u0103 de ceai verde, cu un volum de 750 ml, este un produs versatil<\/p>","protected":false},"featured_media":159126,"comment_status":"closed","ping_status":"closed","template":"","meta":{"_monsterinsights_skip_tracking":false,"_monsterinsights_sitenote_active":false,"_monsterinsights_sitenote_note":"","_monsterinsights_sitenote_category":0},"product_brand":[],"product_cat":[55,50,1107],"product_tag":[],"class_list":{"0":"post-158955","1":"product","2":"type-product","3":"status-publish","4":"has-post-thumbnail","6":"product_cat-toate-produsele","7":"product_cat-iginina","8":"product_cat-produse-pentru-rufe-si-curatenie","10":"first","11":"instock","12":"shipping-taxable","13":"purchasable","14":"product-type-simple"},"_links":{"self":[{"href":"http:\/\/toystoys.md\/ru\/wp-json\/wp\/v2\/product\/158955","targetHints":{"allow":["GET"]}}],"collection":[{"href":"http:\/\/toystoys.md\/ru\/wp-json\/wp\/v2\/product"}],"about":[{"href":"http:\/\/toystoys.md\/ru\/wp-json\/wp\/v2\/types\/product"}],"replies":[{"embeddable":true,"href":"http:\/\/toystoys.md\/ru\/wp-json\/wp\/v2\/comments?post=158955"}],"wp:featuredmedia":[{"embeddable":true,"href":"http:\/\/toystoys.md\/ru\/wp-json\/wp\/v2\/media\/159126"}],"wp:attachment":[{"href":"http:\/\/toystoys.md\/ru\/wp-json\/wp\/v2\/media?parent=158955"}],"wp:term":[{"taxonomy":"product_brand","embeddable":true,"href":"http:\/\/toystoys.md\/ru\/wp-json\/wp\/v2\/product_brand?post=158955"},{"taxonomy":"product_cat","embeddable":true,"href":"http:\/\/toystoys.md\/ru\/wp-json\/wp\/v2\/product_cat?post=158955"},{"taxonomy":"product_tag","embeddable":true,"href":"http:\/\/toystoys.md\/ru\/wp-json\/wp\/v2\/product_tag?post=158955"}],"curies":[{"name":"wp","href":"https:\/\/api.w.org\/{rel}","templated":true}]}}