{"id":158954,"date":"2023-09-07T18:03:13","date_gmt":"2023-09-07T18:03:13","guid":{"rendered":""},"modified":"2024-09-30T10:00:15","modified_gmt":"2024-09-30T08:00:15","slug":"prod_5905279370128_sc88796","status":"publish","type":"product","link":"http:\/\/toystoys.md\/ru\/shop\/prod_5905279370128_sc88796\/","title":{"rendered":"Solutie p\/u baie BAMBOO 750 ml YOPE"},"content":{"rendered":"<p>Solu\u021bia de cur\u0103\u021bare pentru baie Yope Bamboo, cu o capacitate de 750 ml, este special formulat\u0103 pentru a cur\u0103\u021ba eficient \u0219i \u00een profunzime suprafe\u021bele din baie.<\/p>\n<p>Cu un amestec de ingrediente naturale \u0219i extract de bambus, aceast\u0103 solu\u021bie \u00eendep\u0103rteaz\u0103 eficient murd\u0103ria, depunerile de s\u0103pun \u0219i reziduurile de calcar, l\u0103s\u00e2nd suprafe\u021bele str\u0103lucitoare \u0219i curate. Aroma sa proasp\u0103t\u0103 \u0219i reconfortant\u0103 completeaz\u0103 experien\u021ba de cur\u0103\u021bare a b\u0103ii.<\/p>","protected":false},"excerpt":{"rendered":"<p>Solu\u021bia de cur\u0103\u021bare pentru baie Yope Bamboo, cu o capacitate de 750 ml, este special formulat\u0103 pentru a cur\u0103\u021ba eficient<\/p>","protected":false},"featured_media":159128,"comment_status":"closed","ping_status":"closed","template":"","meta":{"_monsterinsights_skip_tracking":false,"_monsterinsights_sitenote_active":false,"_monsterinsights_sitenote_note":"","_monsterinsights_sitenote_category":0},"product_brand":[],"product_cat":[55,50,1107],"product_tag":[],"class_list":{"0":"post-158954","1":"product","2":"type-product","3":"status-publish","4":"has-post-thumbnail","6":"product_cat-toate-produsele","7":"product_cat-iginina","8":"product_cat-produse-pentru-rufe-si-curatenie","10":"first","11":"instock","12":"shipping-taxable","13":"purchasable","14":"product-type-simple"},"_links":{"self":[{"href":"http:\/\/toystoys.md\/ru\/wp-json\/wp\/v2\/product\/158954","targetHints":{"allow":["GET"]}}],"collection":[{"href":"http:\/\/toystoys.md\/ru\/wp-json\/wp\/v2\/product"}],"about":[{"href":"http:\/\/toystoys.md\/ru\/wp-json\/wp\/v2\/types\/product"}],"replies":[{"embeddable":true,"href":"http:\/\/toystoys.md\/ru\/wp-json\/wp\/v2\/comments?post=158954"}],"wp:featuredmedia":[{"embeddable":true,"href":"http:\/\/toystoys.md\/ru\/wp-json\/wp\/v2\/media\/159128"}],"wp:attachment":[{"href":"http:\/\/toystoys.md\/ru\/wp-json\/wp\/v2\/media?parent=158954"}],"wp:term":[{"taxonomy":"product_brand","embeddable":true,"href":"http:\/\/toystoys.md\/ru\/wp-json\/wp\/v2\/product_brand?post=158954"},{"taxonomy":"product_cat","embeddable":true,"href":"http:\/\/toystoys.md\/ru\/wp-json\/wp\/v2\/product_cat?post=158954"},{"taxonomy":"product_tag","embeddable":true,"href":"http:\/\/toystoys.md\/ru\/wp-json\/wp\/v2\/product_tag?post=158954"}],"curies":[{"name":"wp","href":"https:\/\/api.w.org\/{rel}","templated":true}]}}