{"id":158839,"date":"2023-09-04T16:00:37","date_gmt":"2023-09-04T16:00:37","guid":{"rendered":"https:\/\/toystoys.md\/shop\/prod_5901435414583_sc88777\/"},"modified":"2023-09-04T16:14:50","modified_gmt":"2023-09-04T14:14:50","slug":"prod_5901435414583_sc88777","status":"publish","type":"product","link":"http:\/\/toystoys.md\/ru\/shop\/prod_5901435414583_sc88777\/","title":{"rendered":"Jucarie muzicala DOG WILLY BabyOno"},"content":{"rendered":"<p>Talisman muzical de plu\u0219, moale \u0219i pufos, ideal pentru a calma micile griji. Este, de asemenea, o juc\u0103rie cu o cutie muzical\u0103, sunetele se revars\u0103 din interiorul talismanului, atr\u0103g\u00e2nd aten\u021bia copilului. O melodie at\u00e2t de bl\u00e2nd\u0103 \u0219i pl\u0103cut\u0103 pentru auz \u00ee\u021bi va captiva copilul pentru o lung\u0103 perioad\u0103 de timp. De asemenea, va avea un efect pozitiv asupra dezvolt\u0103rii auzului copilului.<\/p>\n<p>Melodia frumoas\u0103 care se revars\u0103 din juc\u0103ria cutie muzical\u0103 \u00eei va atrage aten\u021bia micu\u021bului \u0219i \u00eel va \u00eencuraja s\u0103 exploreze lumea sunetelor. Tonurile bl\u00e2nde \u00eel vor ajuta \u0219i pe copil s\u0103 se calmeze \u0219i s\u0103 adoarm\u0103 dup\u0103 o zi plin\u0103.<\/p>\n<p>Etichetele colorate \u00eencurajeaz\u0103 explorarea \u0219i stimuleaz\u0103 curiozitatea copilului. Ele ajut\u0103 copilul s\u0103 dezvolte imagina\u021bia \u0219i abilit\u0103\u021bile manuale.<\/p>\n<p>Are un suport practic ce poate fi atasat de carucior, patut, scaun auto. Datorit\u0103 acestui fapt, juc\u0103ria va fi mereu l\u00e2ng\u0103 copilul dumneavoastr\u0103.<\/p>\n<div>\n<div>Date tehnice<\/div>\n<div>Material: 100% poliester<\/div>\n<div>V\u00e2rsta copilului: 0 m+<\/div>\n<div>Dimensiuni: 13 x 29 cm<\/div>\n<\/div>","protected":false},"excerpt":{"rendered":"<p>Talisman muzical de plu\u0219, moale \u0219i pufos, ideal pentru a calma micile griji. Este, de asemenea, o juc\u0103rie cu o<\/p>","protected":false},"featured_media":158842,"comment_status":"closed","ping_status":"closed","template":"","meta":{"_monsterinsights_skip_tracking":false,"_monsterinsights_sitenote_active":false,"_monsterinsights_sitenote_note":"","_monsterinsights_sitenote_category":0},"product_brand":[],"product_cat":[55,1137,36,1132],"product_tag":[],"class_list":{"0":"post-158839","1":"product","2":"type-product","3":"status-publish","4":"has-post-thumbnail","6":"product_cat-toate-produsele","7":"product_cat-jucarii","8":"product_cat-jucarii-pentru-bebelusi","9":"product_cat-jucarii-cu-pandantiv","11":"first","12":"instock","13":"shipping-taxable","14":"purchasable","15":"product-type-simple"},"_links":{"self":[{"href":"http:\/\/toystoys.md\/ru\/wp-json\/wp\/v2\/product\/158839","targetHints":{"allow":["GET"]}}],"collection":[{"href":"http:\/\/toystoys.md\/ru\/wp-json\/wp\/v2\/product"}],"about":[{"href":"http:\/\/toystoys.md\/ru\/wp-json\/wp\/v2\/types\/product"}],"replies":[{"embeddable":true,"href":"http:\/\/toystoys.md\/ru\/wp-json\/wp\/v2\/comments?post=158839"}],"wp:featuredmedia":[{"embeddable":true,"href":"http:\/\/toystoys.md\/ru\/wp-json\/wp\/v2\/media\/158842"}],"wp:attachment":[{"href":"http:\/\/toystoys.md\/ru\/wp-json\/wp\/v2\/media?parent=158839"}],"wp:term":[{"taxonomy":"product_brand","embeddable":true,"href":"http:\/\/toystoys.md\/ru\/wp-json\/wp\/v2\/product_brand?post=158839"},{"taxonomy":"product_cat","embeddable":true,"href":"http:\/\/toystoys.md\/ru\/wp-json\/wp\/v2\/product_cat?post=158839"},{"taxonomy":"product_tag","embeddable":true,"href":"http:\/\/toystoys.md\/ru\/wp-json\/wp\/v2\/product_tag?post=158839"}],"curies":[{"name":"wp","href":"https:\/\/api.w.org\/{rel}","templated":true}]}}