{"id":158837,"date":"2023-09-04T16:00:30","date_gmt":"2023-09-04T16:00:30","guid":{"rendered":"https:\/\/toystoys.md\/shop\/prod_5901435414279_sc88780\/"},"modified":"2025-09-01T16:11:42","modified_gmt":"2025-09-01T14:11:42","slug":"prod_5901435414279_sc88780","status":"publish","type":"product","link":"http:\/\/toystoys.md\/ru\/shop\/prod_5901435414279_sc88780\/","title":{"rendered":"Jucarie-obnimashki DOG WILLY BabyOno"},"content":{"rendered":"<p>Primele juc\u0103rii moi au o mare putere, sunt p\u0103str\u0103torii durerilor \u0219i secretelor copiilor, iar \u00een timp, o astfel de juc\u0103rie moale devine cel mai bun prieten.<\/p>\n<p>Mascota c\u00e2inelui \u03e7 este \u00eenso\u021bitorul perfect moale pentru primele jocuri \u0219i somnul de dup\u0103-amiaz\u0103. Copilul t\u0103u poate s\u0103 apuce cu u\u0219urin\u021b\u0103 talismanul \u0219i s\u0103 se ghemuiasc\u0103 l\u00e2ng\u0103 el a\u0219a cum \u00eei place cel mai mult.<\/p>\n<p>Etichetele colorate \u00eencurajeaz\u0103 explorarea \u0219i stimuleaz\u0103 curiozitatea copilului. Ele ajut\u0103 copilul s\u0103 dezvolte imagina\u021bia \u0219i abilit\u0103\u021bile manuale.<\/p>\n<p>Juc\u0103ria moale este proiectat\u0103 \u00een a\u0219a fel \u00eenc\u00e2t s\u0103 fie convenabil s\u0103 o \u021bine\u021bi pentru m\u00e2inile mici. Are dimensiunea \u0219i forma potrivite pentru a permite copilului s\u0103 se \u021bin\u0103 \u00een bra\u021be \u0219i s\u0103 se \u00eembr\u0103\u021bi\u0219eze \u00een timp ce se simte \u00een siguran\u021b\u0103 \u0219i confortabil.<\/p>\n<p>Talismanul nostru este confec\u021bionat din \u021bes\u0103turi delicate care sunt complet sigure pentru pielea sensibil\u0103 a copilului dumneavoastr\u0103. Este foarte moale \u0219i pl\u0103cut la atingere, f\u0103c\u00e2nd-o juc\u0103ria perfect\u0103 pentru \u00eembr\u0103\u021bi\u0219are \u0219i confort.<\/p>\n<p>Date tehnice<\/p>\n<p>Material: 100% poliester<\/p>\n<p>V\u00e2rsta copilului: 0 m+<\/p>\n<p>Dimensiuni: 16 x 28 cm<\/p>","protected":false},"excerpt":{"rendered":"<p>Primele juc\u0103rii moi au o mare putere, sunt p\u0103str\u0103torii durerilor \u0219i secretelor copiilor, iar \u00een timp, o astfel de juc\u0103rie<\/p>","protected":false},"featured_media":158853,"comment_status":"closed","ping_status":"closed","template":"","meta":{"_monsterinsights_skip_tracking":false,"_monsterinsights_sitenote_active":false,"_monsterinsights_sitenote_note":"","_monsterinsights_sitenote_category":0},"product_brand":[],"product_cat":[55,1137,36,1132],"product_tag":[],"class_list":{"0":"post-158837","1":"product","2":"type-product","3":"status-publish","4":"has-post-thumbnail","6":"product_cat-toate-produsele","7":"product_cat-jucarii","8":"product_cat-jucarii-pentru-bebelusi","9":"product_cat-jucarii-cu-pandantiv","11":"first","12":"instock","13":"shipping-taxable","14":"purchasable","15":"product-type-simple"},"_links":{"self":[{"href":"http:\/\/toystoys.md\/ru\/wp-json\/wp\/v2\/product\/158837","targetHints":{"allow":["GET"]}}],"collection":[{"href":"http:\/\/toystoys.md\/ru\/wp-json\/wp\/v2\/product"}],"about":[{"href":"http:\/\/toystoys.md\/ru\/wp-json\/wp\/v2\/types\/product"}],"replies":[{"embeddable":true,"href":"http:\/\/toystoys.md\/ru\/wp-json\/wp\/v2\/comments?post=158837"}],"wp:featuredmedia":[{"embeddable":true,"href":"http:\/\/toystoys.md\/ru\/wp-json\/wp\/v2\/media\/158853"}],"wp:attachment":[{"href":"http:\/\/toystoys.md\/ru\/wp-json\/wp\/v2\/media?parent=158837"}],"wp:term":[{"taxonomy":"product_brand","embeddable":true,"href":"http:\/\/toystoys.md\/ru\/wp-json\/wp\/v2\/product_brand?post=158837"},{"taxonomy":"product_cat","embeddable":true,"href":"http:\/\/toystoys.md\/ru\/wp-json\/wp\/v2\/product_cat?post=158837"},{"taxonomy":"product_tag","embeddable":true,"href":"http:\/\/toystoys.md\/ru\/wp-json\/wp\/v2\/product_tag?post=158837"}],"curies":[{"name":"wp","href":"https:\/\/api.w.org\/{rel}","templated":true}]}}