{"id":158836,"date":"2023-09-04T16:00:27","date_gmt":"2023-09-04T16:00:27","guid":{"rendered":"https:\/\/toystoys.md\/shop\/prod_5901435414613_sc88768\/"},"modified":"2023-09-04T16:17:00","modified_gmt":"2023-09-04T14:17:00","slug":"prod_5901435414613_sc88768","status":"publish","type":"product","link":"http:\/\/toystoys.md\/ru\/shop\/prod_5901435414613_sc88768\/","title":{"rendered":"Jucarie-obnimashki RABBIT MILLY BabyOno"},"content":{"rendered":"<p>Fiecare dintre noi avea o juc\u0103rie moale preferat\u0103 pentru somn. Un iepure moale poate deveni preferatul bebelu\u0219ului t\u0103u. Cum s\u0103 nu iube\u0219ti acele urechi mari \u0219i pufoase? Blana pufoas\u0103 invit\u0103 atingeri \u0219i \u00eembr\u0103\u021bi\u0219\u0103ri, \u00een timp ce elementele colorate atrag \u0219i re\u021bin aten\u021bia. Iepura\u0219 dr\u0103gu\u021b \u03e7 \u00eenso\u021bitor fermec\u0103tor pentru jocurile \u0219i grijile copiilor.<br \/>\nJuc\u0103ria moale este proiectat\u0103 \u00een a\u0219a fel \u00eenc\u00e2t s\u0103 fie convenabil s\u0103 o \u021bine\u021bi pentru m\u00e2inile mici. Are dimensiunea \u0219i forma potrivite pentru a permite copilului s\u0103 se \u021bin\u0103 \u00een bra\u021be \u0219i s\u0103 se \u00eembr\u0103\u021bi\u0219eze \u00een timp ce se simte \u00een siguran\u021b\u0103 \u0219i confortabil.<br \/>\nTalismanul nostru este confec\u021bionat din \u021bes\u0103turi delicate care sunt complet sigure pentru pielea sensibil\u0103 a copilului dumneavoastr\u0103. Este foarte moale \u0219i pl\u0103cut la atingere, f\u0103c\u00e2nd-o juc\u0103ria perfect\u0103 pentru \u00eembr\u0103\u021bi\u0219are \u0219i confort.<\/p>\n<p>Date tehnice<\/p>\n<p>Material: 100% poliester<\/p>\n<p>V\u00e2rsta copilului: 0 m+<\/p>\n<p>Dimensiuni: 16 x 28 cm<\/p>","protected":false},"excerpt":{"rendered":"<p>Fiecare dintre noi avea o juc\u0103rie moale preferat\u0103 pentru somn. Un iepure moale poate deveni preferatul bebelu\u0219ului t\u0103u. Cum s\u0103<\/p>","protected":false},"featured_media":158859,"comment_status":"closed","ping_status":"closed","template":"","meta":{"_monsterinsights_skip_tracking":false,"_monsterinsights_sitenote_active":false,"_monsterinsights_sitenote_note":"","_monsterinsights_sitenote_category":0},"product_brand":[],"product_cat":[55,1137,36,1132],"product_tag":[],"class_list":{"0":"post-158836","1":"product","2":"type-product","3":"status-publish","4":"has-post-thumbnail","6":"product_cat-toate-produsele","7":"product_cat-jucarii","8":"product_cat-jucarii-pentru-bebelusi","9":"product_cat-jucarii-cu-pandantiv","11":"first","12":"instock","13":"shipping-taxable","14":"purchasable","15":"product-type-simple"},"_links":{"self":[{"href":"http:\/\/toystoys.md\/ru\/wp-json\/wp\/v2\/product\/158836","targetHints":{"allow":["GET"]}}],"collection":[{"href":"http:\/\/toystoys.md\/ru\/wp-json\/wp\/v2\/product"}],"about":[{"href":"http:\/\/toystoys.md\/ru\/wp-json\/wp\/v2\/types\/product"}],"replies":[{"embeddable":true,"href":"http:\/\/toystoys.md\/ru\/wp-json\/wp\/v2\/comments?post=158836"}],"wp:featuredmedia":[{"embeddable":true,"href":"http:\/\/toystoys.md\/ru\/wp-json\/wp\/v2\/media\/158859"}],"wp:attachment":[{"href":"http:\/\/toystoys.md\/ru\/wp-json\/wp\/v2\/media?parent=158836"}],"wp:term":[{"taxonomy":"product_brand","embeddable":true,"href":"http:\/\/toystoys.md\/ru\/wp-json\/wp\/v2\/product_brand?post=158836"},{"taxonomy":"product_cat","embeddable":true,"href":"http:\/\/toystoys.md\/ru\/wp-json\/wp\/v2\/product_cat?post=158836"},{"taxonomy":"product_tag","embeddable":true,"href":"http:\/\/toystoys.md\/ru\/wp-json\/wp\/v2\/product_tag?post=158836"}],"curies":[{"name":"wp","href":"https:\/\/api.w.org\/{rel}","templated":true}]}}