{"id":158833,"date":"2023-09-04T16:00:18","date_gmt":"2023-09-04T16:00:18","guid":{"rendered":"https:\/\/toystoys.md\/shop\/prod_5901435414606_sc88784\/"},"modified":"2023-09-04T16:20:15","modified_gmt":"2023-09-04T14:20:15","slug":"prod_5901435414606_sc88784","status":"publish","type":"product","link":"http:\/\/toystoys.md\/ru\/shop\/prod_5901435414606_sc88784\/","title":{"rendered":"Jucarie teether DOG WILLY BabyOno"},"content":{"rendered":"<p>Acest c\u00e2ine adorabil are o blan\u0103 moale, moale la atingere, care este perfect\u0103 pentru \u00eembr\u0103\u021bi\u0219\u0103ri \u0219i confort.<\/p>\n<p>Exist\u0103 un sc\u00e2r\u021b\u00e2it \u00een interiorul c\u00e2inelui.<\/p>\n<p>Tot ce trebuie s\u0103 faci este s\u0103 dai o \u00eembr\u0103\u021bi\u0219are bl\u00e2nd\u0103 sau o ap\u0103sare u\u0219oar\u0103 \u0219i vei auzi un sc\u00e2r\u021b\u00e2it vesel.<\/p>\n<p>Urechile moi te fac s\u0103 vrei s\u0103 atingi, iar etichetele colorate proeminente \u00ee\u021bi permit s\u0103-\u021bi antrenezi m\u00e2inile mici.<br \/>\nC\u00e2inele are, de asemenea, un dispozitiv de din\u021bire practic pentru a-\u021bi ajuta micu\u021bul s\u0103 treac\u0103 prin perioada grea a denti\u021biei.<br \/>\nSc\u00e2r\u021b\u00e2itul este o juc\u0103rie sonor\u0103 care necesit\u0103 participarea \u0219i activitatea copilului. C\u00e2nd bebelu\u0219ul \u00eel str\u00e2nge, va auzi un sunet pl\u0103cut &#8211; a\u0219a func\u021bioneaz\u0103 sc\u00e2r\u021b\u00e2itorul ascuns \u00een interior.<br \/>\nEtichetele colorate \u00eencurajeaz\u0103 explorarea \u0219i stimuleaz\u0103 curiozitatea copilului. Ele ajut\u0103 copilul s\u0103 dezvolte imagina\u021bia \u0219i abilit\u0103\u021bile manuale.<\/p>\n<p>Dispozitivul de dentitie flexibil calmeaza gingiile iritate pe masura ce primii dinti cresc.<\/p>\n<div><span style=\"color: #5f5e5e; font-family: Source Sans Pro, sans-serif;\">Sc\u00e2r\u021b\u00e2itorul de plu\u0219 \u00eel ajut\u0103 pe bebelu\u0219ul s\u0103-\u0219i antreneze abilit\u0103\u021bile motorii fine \u0219i s\u0103 dezvolte abilit\u0103\u021bile de apucare \u0219i \u021binere. Copilul verific\u0103 ce se va \u00eent\u00e2mpla dac\u0103 apuc\u0103 juc\u0103ria sau o scutur\u0103. Astfel, el studiaz\u0103 rela\u021biile de cauz\u0103 \u0219i efect.<br \/>\n<\/span><\/p>\n<div>Date tehnice<\/div>\n<div>Material: 100% poliester<\/div>\n<div>V\u00e2rsta copilului: 3 m+<\/div>\n<div>Dimensiuni: 6,5 x 25 cm<\/div>\n<\/div>","protected":false},"excerpt":{"rendered":"<p>Acest c\u00e2ine adorabil are o blan\u0103 moale, moale la atingere, care este perfect\u0103 pentru \u00eembr\u0103\u021bi\u0219\u0103ri \u0219i confort. Exist\u0103 un sc\u00e2r\u021b\u00e2it<\/p>","protected":false},"featured_media":158865,"comment_status":"closed","ping_status":"closed","template":"","meta":{"_monsterinsights_skip_tracking":false,"_monsterinsights_sitenote_active":false,"_monsterinsights_sitenote_note":"","_monsterinsights_sitenote_category":0},"product_brand":[],"product_cat":[55,1137,36,1132],"product_tag":[],"class_list":{"0":"post-158833","1":"product","2":"type-product","3":"status-publish","4":"has-post-thumbnail","6":"product_cat-toate-produsele","7":"product_cat-jucarii","8":"product_cat-jucarii-pentru-bebelusi","9":"product_cat-jucarii-cu-pandantiv","11":"first","12":"instock","13":"shipping-taxable","14":"purchasable","15":"product-type-simple"},"_links":{"self":[{"href":"http:\/\/toystoys.md\/ru\/wp-json\/wp\/v2\/product\/158833","targetHints":{"allow":["GET"]}}],"collection":[{"href":"http:\/\/toystoys.md\/ru\/wp-json\/wp\/v2\/product"}],"about":[{"href":"http:\/\/toystoys.md\/ru\/wp-json\/wp\/v2\/types\/product"}],"replies":[{"embeddable":true,"href":"http:\/\/toystoys.md\/ru\/wp-json\/wp\/v2\/comments?post=158833"}],"wp:featuredmedia":[{"embeddable":true,"href":"http:\/\/toystoys.md\/ru\/wp-json\/wp\/v2\/media\/158865"}],"wp:attachment":[{"href":"http:\/\/toystoys.md\/ru\/wp-json\/wp\/v2\/media?parent=158833"}],"wp:term":[{"taxonomy":"product_brand","embeddable":true,"href":"http:\/\/toystoys.md\/ru\/wp-json\/wp\/v2\/product_brand?post=158833"},{"taxonomy":"product_cat","embeddable":true,"href":"http:\/\/toystoys.md\/ru\/wp-json\/wp\/v2\/product_cat?post=158833"},{"taxonomy":"product_tag","embeddable":true,"href":"http:\/\/toystoys.md\/ru\/wp-json\/wp\/v2\/product_tag?post=158833"}],"curies":[{"name":"wp","href":"https:\/\/api.w.org\/{rel}","templated":true}]}}