{"id":158544,"date":"2023-08-30T22:55:15","date_gmt":"2023-08-30T22:55:15","guid":{"rendered":"https:\/\/toystoys.md\/shop\/prod_194735156269_sc88711\/"},"modified":"2023-08-30T23:39:35","modified_gmt":"2023-08-30T21:39:35","slug":"prod_194735156269_sc88711","status":"publish","type":"product","link":"http:\/\/toystoys.md\/ru\/shop\/prod_194735156269_sc88711\/","title":{"rendered":"\u0424\u0438\u0433\u0443\u0440\u043a\u0430 \u0442\u0440\u0430\u043d\u0441\u0444\u043e\u0440\u043c\u0435\u0440 Jurassic World \u0422\u0438\u0440\u0430\u043d\u043d\u043e\u0437\u0430\u0432\u0440 \u0422\u0438 \u0420\u0435\u043a\u0441 \u0414\u0438\u043d\u043e\u0437\u0430\u0432\u0440 \u0432 \u0413\u0440\u0443\u0437\u043e\u0432\u0438\u043a\u0435 MATTEL"},"content":{"rendered":"<p>Juc\u0103ria Fierce ChangersTM Chase &#8216;N Roar T. rex ofer\u0103 transformarea dinozaurului \u00een vehicul cu sunet! Cu 28 de pa\u0219i, r\u0103pitorul Tyrannosaurus Rex se transform\u0103 \u00eentr-o ma\u0219in\u0103 zgomotoas\u0103 inspirat\u0103 de SUV-urile filmelor! Trec\u00e2nd de la pr\u0103d\u0103tor la ma\u0219in\u0103 \u0219i \u00eenapoi, acesta este cel mai mare, cel mai complex \u0219i dramatic personaj din gama Fierce ChangersTM.<br \/>\nDou\u0103 juc\u0103rii \u00eentr-una! Fiorii sunt oferite proprietarilor unei fiare unice.<\/p>\n<p>Duc\u00e2nd transformarea juc\u0103riilor la nivelul urm\u0103tor, aceast\u0103 figur\u0103 se transform\u0103 dintr-un T. rex terifiant \u00eentr-un vehicul off-road pentru povestiri distractive \u0219i mai imaginative!<\/p>\n<p>Cu un dinozaur care se transform\u0103 \u00eentr-un camion, aceast\u0103 juc\u0103rie ofer\u0103 dublul entuziasmului din Jurassic World!<\/p>\n<p>Distrac\u021bie transforma\u021bional\u0103! Acest Chase &#8216;N Roar T. rex face parte din linia de juc\u0103rii transformatoare Fierce ChangersTM.<\/p>\n<p>Cadou grozav! Fanii Jurassic World vor dori s\u0103-\u0219i provoace abilit\u0103\u021bile de transformare cu aceast\u0103 juc\u0103rie \u00een mai multe etape Fierce ChangersTM<\/p>\n<p>Dimensiuni pachet: 37x23x13 cm.<br \/>\nDimensiuni dinozaur: 40x21cm.<br \/>\nDimensiuni camion: 11&#215;17 cm.<br \/>\n\u041c\u0430\u0442\u0435\u0440\u0438\u0430\u043b: \u043f\u043b\u0430\u0441\u0442\u0438\u043a.<br \/>\nBateriile necesare: 3 x AG13 LR44 (incluse doar pentru demonstra\u021bii)<br \/>\nVarsta recomandata: de la 8 ani.<br \/>\n\u041f\u0440\u043e\u0438\u0437\u0432\u043e\u0434\u0438\u0442\u0435\u043b\u044c: Mattel<\/p>","protected":false},"excerpt":{"rendered":"<p>Juc\u0103ria Fierce ChangersTM Chase &#8216;N Roar T. rex ofer\u0103 transformarea dinozaurului \u00een vehicul cu sunet! Cu 28 de pa\u0219i, r\u0103pitorul<\/p>","protected":false},"featured_media":158653,"comment_status":"closed","ping_status":"closed","template":"","meta":{"_monsterinsights_skip_tracking":false,"_monsterinsights_sitenote_active":false,"_monsterinsights_sitenote_note":"","_monsterinsights_sitenote_category":0},"product_brand":[],"product_cat":[55,1137,35],"product_tag":[],"class_list":{"0":"post-158544","1":"product","2":"type-product","3":"status-publish","4":"has-post-thumbnail","6":"product_cat-toate-produsele","7":"product_cat-jucarii","8":"product_cat-roboti-si-figurine","10":"first","11":"outofstock","12":"shipping-taxable","13":"purchasable","14":"product-type-simple"},"_links":{"self":[{"href":"http:\/\/toystoys.md\/ru\/wp-json\/wp\/v2\/product\/158544","targetHints":{"allow":["GET"]}}],"collection":[{"href":"http:\/\/toystoys.md\/ru\/wp-json\/wp\/v2\/product"}],"about":[{"href":"http:\/\/toystoys.md\/ru\/wp-json\/wp\/v2\/types\/product"}],"replies":[{"embeddable":true,"href":"http:\/\/toystoys.md\/ru\/wp-json\/wp\/v2\/comments?post=158544"}],"wp:featuredmedia":[{"embeddable":true,"href":"http:\/\/toystoys.md\/ru\/wp-json\/wp\/v2\/media\/158653"}],"wp:attachment":[{"href":"http:\/\/toystoys.md\/ru\/wp-json\/wp\/v2\/media?parent=158544"}],"wp:term":[{"taxonomy":"product_brand","embeddable":true,"href":"http:\/\/toystoys.md\/ru\/wp-json\/wp\/v2\/product_brand?post=158544"},{"taxonomy":"product_cat","embeddable":true,"href":"http:\/\/toystoys.md\/ru\/wp-json\/wp\/v2\/product_cat?post=158544"},{"taxonomy":"product_tag","embeddable":true,"href":"http:\/\/toystoys.md\/ru\/wp-json\/wp\/v2\/product_tag?post=158544"}],"curies":[{"name":"wp","href":"https:\/\/api.w.org\/{rel}","templated":true}]}}