{"id":158536,"date":"2023-08-30T22:54:50","date_gmt":"2023-08-30T22:54:50","guid":{"rendered":"https:\/\/toystoys.md\/shop\/prod_194735062881_sc88690\/"},"modified":"2025-01-21T15:09:21","modified_gmt":"2025-01-21T13:09:21","slug":"prod_194735062881_sc88690","status":"publish","type":"product","link":"http:\/\/toystoys.md\/ru\/shop\/prod_194735062881_sc88690\/","title":{"rendered":"\u041a\u0443\u043a\u043b\u0430 Barbie Kitty \u0438 \u043f\u0438\u0442\u043e\u043c\u0446\u044b MATTEL"},"content":{"rendered":"<p>P\u0103pu\u0219ii Barbie \u00eei place s\u0103 aib\u0103 grij\u0103 de animalele ei de companie. Copiii o pot ajuta s\u0103 se joace \u0219i s\u0103 se hr\u0103neasc\u0103 cu setul de joac\u0103 Barbie\u00ae Kitty Condo\u2122! Acest set de joac\u0103 pentru p\u0103pu\u0219i \u0219i animale de companie Barbie\u00ae inspir\u0103 povestirea cu p\u0103pu\u0219a Barbie\u00ae, o pisic\u0103, patru pisoi adorabili \u0219i propriul apartament. Setul de joac\u0103 Kitty Condo\u2122 are mai multe niveluri \u0219i caracteristici distractive, cum ar fi o juc\u0103rie de fr\u00e2nghie care se rote\u0219te, un co\u0219 care se mi\u0219c\u0103 \u00een sus \u0219i \u00een jos prin apartament \u0219i o juc\u0103rie teaser care se ata\u0219eaz\u0103 de apartament sau de bra\u021bul p\u0103pu\u0219ii Barbie\u00ae. Copiii pot ajuta p\u0103pu\u0219a Barbie s\u0103 aib\u0103 grij\u0103 de pisoi cu accesorii precum o sticl\u0103, o perie \u0219i o minge de fire. Setul de joac\u0103 Barbie\u00ae Kitty Condo\u2122 este un cadou grozav pentru copiii de la 3 ani \u0219i peste, cu o mul\u021bime de posibilit\u0103\u021bi de joac\u0103. P\u0103pu\u0219a nu poate sta singur\u0103. Culorile \u0219i ornamentele pot varia.<\/p>\n<ul>\n<li>Ajuta\u021bi p\u0103pu\u0219a Barbie\u00ae s\u0103 aib\u0103 grij\u0103 de 1 pisic\u0103 \u0219i 4 pisoi adorabili \u00een adorabilul lor set de joac\u0103 Kitty Condo\u2122!<\/li>\n<li>Setul de joac\u0103 Kitty Condo\u2122 vine cu 4 niveluri \u0219i de-a v-a\u021bi ascunselea, plus o juc\u0103rie de fr\u00e2nghie care se \u00eenv\u00e2rte, o juc\u0103rie teaser \u0219i un co\u0219 care se mi\u0219c\u0103 \u00een sus \u0219i \u00een jos!<\/li>\n<li>Co\u0219ul se deta\u0219eaz\u0103 pentru a deveni un pat pentru animale de companie, iar teaser-ul de juc\u0103rie poate fi prins \u00een m\u00e2na p\u0103pu\u0219ii Barbie\u00ae pentru distrac\u021bia dubl\u0103!<\/li>\n<li>Extinde\u021bi \u0219i mai mult povestirea cu accesorii pentru p\u0103rin\u021bi, cum ar fi o sticl\u0103, o perie \u0219i o sfer\u0103 de fire.<\/li>\n<li>P\u0103pu\u0219a Barbie\u00ae este gata s\u0103 se joace \u00eentr-o rochie elegant\u0103, cu imprimeu dr\u0103gu\u021b cu labe \u0219i pantofi sport alba\u0219tri casual.<\/li>\n<li>Cu at\u00e2t de multe accesorii de \u00eengrijire, setul de joac\u0103 Barbie\u00ae Kitty Condo\u2122 este un cadou grozav pentru iubitorii de animale.<\/li>\n<\/ul>\n<p>\u0412\u043e\u0437\u0440\u0430\u0441\u0442: \u043e\u0442 3 \u043b\u0435\u0442.<br \/>\n\u041f\u0440\u043e\u0438\u0437\u0432\u043e\u0434\u0438\u0442\u0435\u043b\u044c: Mattel.<\/p>","protected":false},"excerpt":{"rendered":"<p>P\u0103pu\u0219ii Barbie \u00eei place s\u0103 aib\u0103 grij\u0103 de animalele ei de companie. Copiii o pot ajuta s\u0103 se joace \u0219i<\/p>","protected":false},"featured_media":158674,"comment_status":"closed","ping_status":"closed","template":"","meta":{"_monsterinsights_skip_tracking":false,"_monsterinsights_sitenote_active":false,"_monsterinsights_sitenote_note":"","_monsterinsights_sitenote_category":0},"product_brand":[],"product_cat":[55,1137,34,1117],"product_tag":[],"class_list":{"0":"post-158536","1":"product","2":"type-product","3":"status-publish","4":"has-post-thumbnail","6":"product_cat-toate-produsele","7":"product_cat-jucarii","8":"product_cat-papusi-casute","9":"product_cat-papusi-si-seturi","11":"first","12":"instock","13":"shipping-taxable","14":"purchasable","15":"product-type-simple"},"_links":{"self":[{"href":"http:\/\/toystoys.md\/ru\/wp-json\/wp\/v2\/product\/158536","targetHints":{"allow":["GET"]}}],"collection":[{"href":"http:\/\/toystoys.md\/ru\/wp-json\/wp\/v2\/product"}],"about":[{"href":"http:\/\/toystoys.md\/ru\/wp-json\/wp\/v2\/types\/product"}],"replies":[{"embeddable":true,"href":"http:\/\/toystoys.md\/ru\/wp-json\/wp\/v2\/comments?post=158536"}],"wp:featuredmedia":[{"embeddable":true,"href":"http:\/\/toystoys.md\/ru\/wp-json\/wp\/v2\/media\/158674"}],"wp:attachment":[{"href":"http:\/\/toystoys.md\/ru\/wp-json\/wp\/v2\/media?parent=158536"}],"wp:term":[{"taxonomy":"product_brand","embeddable":true,"href":"http:\/\/toystoys.md\/ru\/wp-json\/wp\/v2\/product_brand?post=158536"},{"taxonomy":"product_cat","embeddable":true,"href":"http:\/\/toystoys.md\/ru\/wp-json\/wp\/v2\/product_cat?post=158536"},{"taxonomy":"product_tag","embeddable":true,"href":"http:\/\/toystoys.md\/ru\/wp-json\/wp\/v2\/product_tag?post=158536"}],"curies":[{"name":"wp","href":"https:\/\/api.w.org\/{rel}","templated":true}]}}