{"id":158534,"date":"2023-08-30T22:54:44","date_gmt":"2023-08-30T22:54:44","guid":{"rendered":"https:\/\/toystoys.md\/shop\/prod_194735149469_sc88679\/"},"modified":"2025-01-01T23:07:37","modified_gmt":"2025-01-01T21:07:37","slug":"prod_194735149469_sc88679","status":"publish","type":"product","link":"http:\/\/toystoys.md\/ru\/shop\/prod_194735149469_sc88679\/","title":{"rendered":"\u0418\u0433\u0440\u0430 Pictionary Air 2.0 MATTEL"},"content":{"rendered":"<p>Jocul original de desen premiat prime\u0219te un impuls high-tech cu Pictionary Air 2! Desena\u021bi indicii \u00een aer \u0219i urm\u0103ri\u021bi-le pe dispozitivul dvs. sau transmite\u021bi-le \u00een flux pe televizor*. Acum, cu aceast\u0103 actualizare a Pictionary Air 2, juc\u0103torii pot ad\u0103uga puncte \u0219i pot \u0219terge ecranul cu creionul. \u00cen plus, desc\u0103rca\u021bi pachete de indicii digitale pentru toate v\u00e2rstele pentru familiile cu mai multe genera\u021bii, pentru a se juca la petreceri pentru copii sau la nop\u021bi de jocuri pentru adul\u021bi!<\/p>\n<ul>\n<li>V\u0103 prezent\u0103m jocul de desen de familie Pictionary Air 2.<\/li>\n<li>Desc\u0103rca\u021bi aplica\u021bia gratuit\u0103. Apoi desena\u021bi \u00een aer, urm\u0103ri\u021bi-l pe ecran \u0219i transmite\u021bi-l \u00een flux pe televizorul dvs.*, perfect pentru copii, familii \u0219i jocuri pentru adul\u021bi!<\/li>\n<li>Desena\u021bi, ad\u0103uga\u021bi \u0219i \u0219terge\u021bi ecranul cu creionul Pictionary Air 2 actualizat.<\/li>\n<li>Desc\u0103rca\u021bi indicii digitale! Cu diverse teme adresate juc\u0103torilor de toate v\u00e2rstele. Juc\u0103torii tineri pot juca \u00een timpul nop\u021bii de familie sau pot organiza petreceri pentru adul\u021bi!<\/li>\n<li>Sunt incluse 2 suporturi pentru dispozitive, deoarece sunt necesare 2 dispozitive, unul pentru planuri \u0219i unul pentru sugestii de citire. *2 dispozitive inteligente \u0219i aplica\u021bii necesare pentru a juca (dispozitivele nu sunt incluse)<\/li>\n<li>*Necesit\u0103 dispozitiv inteligent compatibil \u0219i aplica\u021bie iOS sau Android pentru a juca. Aplica\u021bia poate fi desc\u0103rcat\u0103 gratuit. Este necesar un dispozitiv de streaming pentru a transmite jocul pe televizor. Dispozitivul inteligent \u0219i dispozitivul de streaming nu sunt incluse. Pentru mai multe informa\u021bii despre dispozitivele compatibile \u0219i multe altele, vizita\u021bi Pictionary.com\/Support.<\/li>\n<\/ul>\n<p>Varsta recomandata de la 8 ani.<br \/>\nProducator Mattel<\/p>","protected":false},"excerpt":{"rendered":"<p>Jocul original de desen premiat prime\u0219te un impuls high-tech cu Pictionary Air 2! Desena\u021bi indicii \u00een aer \u0219i urm\u0103ri\u021bi-le pe<\/p>","protected":false},"featured_media":158680,"comment_status":"closed","ping_status":"closed","template":"..\/public\/views\/revslider-page-template.php","meta":{"_monsterinsights_skip_tracking":false,"_monsterinsights_sitenote_active":false,"_monsterinsights_sitenote_note":"","_monsterinsights_sitenote_category":0},"product_brand":[],"product_cat":[55,1137,1142],"product_tag":[],"class_list":{"0":"post-158534","1":"product","2":"type-product","3":"status-publish","4":"has-post-thumbnail","6":"product_cat-toate-produsele","7":"product_cat-jucarii","8":"product_cat-jocuri-de-masa","10":"first","11":"instock","12":"shipping-taxable","13":"purchasable","14":"product-type-simple"},"_links":{"self":[{"href":"http:\/\/toystoys.md\/ru\/wp-json\/wp\/v2\/product\/158534","targetHints":{"allow":["GET"]}}],"collection":[{"href":"http:\/\/toystoys.md\/ru\/wp-json\/wp\/v2\/product"}],"about":[{"href":"http:\/\/toystoys.md\/ru\/wp-json\/wp\/v2\/types\/product"}],"replies":[{"embeddable":true,"href":"http:\/\/toystoys.md\/ru\/wp-json\/wp\/v2\/comments?post=158534"}],"wp:featuredmedia":[{"embeddable":true,"href":"http:\/\/toystoys.md\/ru\/wp-json\/wp\/v2\/media\/158680"}],"wp:attachment":[{"href":"http:\/\/toystoys.md\/ru\/wp-json\/wp\/v2\/media?parent=158534"}],"wp:term":[{"taxonomy":"product_brand","embeddable":true,"href":"http:\/\/toystoys.md\/ru\/wp-json\/wp\/v2\/product_brand?post=158534"},{"taxonomy":"product_cat","embeddable":true,"href":"http:\/\/toystoys.md\/ru\/wp-json\/wp\/v2\/product_cat?post=158534"},{"taxonomy":"product_tag","embeddable":true,"href":"http:\/\/toystoys.md\/ru\/wp-json\/wp\/v2\/product_tag?post=158534"}],"curies":[{"name":"wp","href":"https:\/\/api.w.org\/{rel}","templated":true}]}}