{"id":158525,"date":"2023-08-30T22:54:16","date_gmt":"2023-08-30T22:54:16","guid":{"rendered":""},"modified":"2025-02-22T23:21:05","modified_gmt":"2025-02-22T21:21:05","slug":"prod_194735058082_sc88746","status":"publish","type":"product","link":"http:\/\/toystoys.md\/ru\/shop\/prod_194735058082_sc88746\/","title":{"rendered":"Pista Hot Wheels Monster Truck Turnura"},"content":{"rendered":"<p>Afla\u021bi cine este cel mai rapid \u0219i mai ne\u00eenfricat camion monstru din aren\u0103 concur\u00e2nd \u00een turneul Hot Wheels\u00ae Monster Trucks Race Track Titan.<\/p>\n<p>Inspirate de seria Hot Wheels\u00ae YouTube Titan Tournament, ma\u0219inile Bigfoot \u2122 \u0219i Gunkster \u2122 din acest set sunt o adev\u0103rat\u0103 demolare. Ei dep\u0103\u0219esc ma\u0219inile d\u0103r\u00e2mate \u0219i o serie de obstacole \u0219i \u00een cele din urm\u0103 intr\u0103 \u00eentr-o pe\u0219ter\u0103 pentru a c\u00e2\u0219tiga r\u00e2vnita Cup\u0103 Titan. Prima ma\u0219in\u0103 care traverseaz\u0103 podul va activa o \u201eexplozie\u201d care va lansa \u00een aer adversarul \u0219i crainic.<\/p>\n<ul>\n<li>Concureaz\u0103 pe pist\u0103 cu Hot Wheels\u00ae Monster Trucks Titan Tournament Race Track \u0219i c\u00e2\u0219tig\u0103 o Titan Cup pentru a-\u021bi demonstra abilit\u0103\u021bile.<\/li>\n<li>Include 2 Hot Wheels\u00ae Monster Trucks &#8211; Bigfoot\u2122 \u0219i Gunkster\u2122 &#8211; astfel \u00eenc\u00e2t s\u0103 pute\u021bi \u00eencepe cursele imediat.<\/li>\n<li>Elibereaz\u0103 ma\u0219inile \u00een acela\u0219i timp \u0219i \u00eenvesele\u0219te-le \u00een timpul demol\u0103rii: \u201e\u00eempinge\u201d ma\u0219inile, \u201erupe\u201d blocajul \u0219i evit\u0103 crocodilii care plesnesc.<\/li>\n<li>Prima ma\u0219in\u0103 care p\u0103trunde prin pe\u0219ter\u0103 activeaz\u0103 o \u201eexplozie\u201d, care arunc\u0103 \u00een aer podul \u0219i lanseaz\u0103 crainicul \u0219i a doua ma\u0219in\u0103 \u00een aer. \u201eExplozie\u201d arat\u0103 \u0219i cupa! \u00b7<\/li>\n<li>Acest set este inspirat din seria de curse Hot Wheels Tournament of the Titans de pe YouTube.<\/li>\n<\/ul>\n<p>Setul include 2 camioane monstru (Bigfoot\u2122 \u0219i Gunkster\u2122).<\/p>\n<p>Dimensiuni pachet: 46 x 35,5 x 11 cm.<\/p>\n<p>V\u00e2rsta recomandata de la 4 ani<\/p>","protected":false},"excerpt":{"rendered":"<p>Afla\u021bi cine este cel mai rapid \u0219i mai ne\u00eenfricat camion monstru din aren\u0103 concur\u00e2nd \u00een turneul Hot Wheels\u00ae Monster Trucks<\/p>","protected":false},"featured_media":158711,"comment_status":"closed","ping_status":"closed","template":"..\/public\/views\/revslider-page-template.php","meta":{"_monsterinsights_skip_tracking":false,"_monsterinsights_sitenote_active":false,"_monsterinsights_sitenote_note":"","_monsterinsights_sitenote_category":0},"product_brand":[],"product_cat":[55,1137,49,1109],"product_tag":[],"class_list":{"0":"post-158525","1":"product","2":"type-product","3":"status-publish","4":"has-post-thumbnail","6":"product_cat-toate-produsele","7":"product_cat-jucarii","8":"product_cat-transport","9":"product_cat-piste-garaje-parcare","11":"first","12":"instock","13":"shipping-taxable","14":"purchasable","15":"product-type-simple"},"_links":{"self":[{"href":"http:\/\/toystoys.md\/ru\/wp-json\/wp\/v2\/product\/158525","targetHints":{"allow":["GET"]}}],"collection":[{"href":"http:\/\/toystoys.md\/ru\/wp-json\/wp\/v2\/product"}],"about":[{"href":"http:\/\/toystoys.md\/ru\/wp-json\/wp\/v2\/types\/product"}],"replies":[{"embeddable":true,"href":"http:\/\/toystoys.md\/ru\/wp-json\/wp\/v2\/comments?post=158525"}],"wp:featuredmedia":[{"embeddable":true,"href":"http:\/\/toystoys.md\/ru\/wp-json\/wp\/v2\/media\/158711"}],"wp:attachment":[{"href":"http:\/\/toystoys.md\/ru\/wp-json\/wp\/v2\/media?parent=158525"}],"wp:term":[{"taxonomy":"product_brand","embeddable":true,"href":"http:\/\/toystoys.md\/ru\/wp-json\/wp\/v2\/product_brand?post=158525"},{"taxonomy":"product_cat","embeddable":true,"href":"http:\/\/toystoys.md\/ru\/wp-json\/wp\/v2\/product_cat?post=158525"},{"taxonomy":"product_tag","embeddable":true,"href":"http:\/\/toystoys.md\/ru\/wp-json\/wp\/v2\/product_tag?post=158525"}],"curies":[{"name":"wp","href":"https:\/\/api.w.org\/{rel}","templated":true}]}}