{"id":157657,"date":"2023-08-10T18:58:52","date_gmt":"2023-08-10T18:58:52","guid":{"rendered":"https:\/\/toystoys.md\/shop\/prod_5099864013269_sc88510\/"},"modified":"2026-03-09T16:51:27","modified_gmt":"2026-03-09T14:51:27","slug":"prod_5099864013269_sc88510","status":"publish","type":"product","link":"http:\/\/toystoys.md\/ru\/shop\/prod_5099864013269_sc88510\/","title":{"rendered":"Similac Gold 2 (6 &#8211; 12 luni) 900gr"},"content":{"rendered":"<p>Lapte praf Similac Gold 1 de la 6 pina\u00a0la 12\u00a0luni &#8211; este prima formul\u0103 pentru sugari din Rusia cu oligozaharide de lapte matern 2&#8242;-FL &#8211; un ingredient unic care \u00eent\u0103re\u0219te sistemul imunitar, care a fost g\u0103sit anterior numai \u00een laptele matern.Oligozaharidele 2&#8242;-FL stimu5leaz\u0103 cre\u0219terea bacteriilor benefice din intestin, unde sunt localizate 70% din celulele sistemului imunitar. B. lactis bifidobacterium este un probiotic eficient \u0219i bine studiat care ajut\u0103 la dezvoltarea microflorei intestinale s\u0103n\u0103toase \u0219i men\u021bine s\u0103n\u0103tatea sistemului digestiv. Prebioticele FOS sunt alimente pentru microflora intestinal\u0103 benefic\u0103, contribuind la scaunele moi. Nucleotidele sunt blocurile pentru ADN-ul tuturor celulelor din organism.\u00a0Lipsa de ulei de palmier ajuta la reducerea constipatiei si la o absorbtie mai mare a calciului. Eficacitatea Similac Gold este confirmat\u0103 de studiile clinice. Similac GOLD cu o nou\u0103 oligozaharid\u0103 2&#8242;-FL este chiar mai aproape de laptele matern dec\u00e2t oric\u00e2nd. Similac GOLD &#8211; pentru o digestie confortabila si sustinerea imunitatii copilului (mai putin colic &#8211; mai putin plangand intr-o saptamana, jumatate din numarul de infectii). Toate amestecurile Similac nu con\u021bin ulei de palmier, OMG, coloran\u021bi, conservan\u021bi \u0219i gluten.<\/p>\n<p>Ingrediente: lapte degresat, lactoza, uleiuri vegetale (ulei de floarea-soarelui de mare oleic, ulei de nuc\u0103 de cocos, ulei de soia), concentrat de proteine \u200b\u200bdin zer, fructooligozaharide (FOS), minerale (citrat de potasiu, carbonat de calciu, citrat de sodiu, clorur\u0103 de magneziu, sulfat de zinc, sulfat de zinc, sulfat de cupru, sulfat de cupru, sulfat de mangan, iodur\u0103 de potasiu, selenit de sodiu), hidrolizat de proteine \u200b\u200bdin zer, acid arahidonic (ARA) din ulei de M. alpina, oligozaharide 2&#8242;-FL, vitamine (vitamina C, colina, niacin,acid pantotenic, vitamina A, vitamina B1, vitamina B6, acid folic, vitamina K1, vitamina B2, biotin\u0103, vitamina D3, vitamina B12), emulsifiant de lecitin\u0103 de soia, acid docosahexaenoic (DHA) din ulei de C.coinii, inositol, Bifidobacterium lactis cel pu\u021bin 106 CFU \/ g), taurin\u0103, L-triptofan, nucleotide (cytidine 5&#8242;-monofosfat, 5&#8242;-monofosfat disodic 5&#8242;-monofosfat, 5&#8217;monofosfat disodic de guanozin\u0103), amestec antioxidant de tocoferoli, L- , carotenoide (lutein\u0103, beta-caroten).<\/p>\n<p>V\u00e2rsta:\u00a06 &#8211; 12 lumi.<\/p>\n<p>Greutate: 900 g<\/p>","protected":false},"excerpt":{"rendered":"<p>Lapte praf Similac Gold 1 de la 6 pina\u00a0la 12\u00a0luni &#8211; este prima formul\u0103 pentru sugari din Rusia cu oligozaharide<\/p>","protected":false},"featured_media":157666,"comment_status":"closed","ping_status":"closed","template":"","meta":{"_monsterinsights_skip_tracking":false,"_monsterinsights_sitenote_active":false,"_monsterinsights_sitenote_note":"","_monsterinsights_sitenote_category":0},"product_brand":[],"product_cat":[55,1141,51,449],"product_tag":[],"class_list":{"0":"post-157657","1":"product","2":"type-product","3":"status-publish","4":"has-post-thumbnail","6":"product_cat-toate-produsele","7":"product_cat-produse-pentru-bebelusi","8":"product_cat-alimentatie","9":"product_cat-late-praf","11":"first","12":"outofstock","13":"shipping-taxable","14":"purchasable","15":"product-type-simple"},"_links":{"self":[{"href":"http:\/\/toystoys.md\/ru\/wp-json\/wp\/v2\/product\/157657","targetHints":{"allow":["GET"]}}],"collection":[{"href":"http:\/\/toystoys.md\/ru\/wp-json\/wp\/v2\/product"}],"about":[{"href":"http:\/\/toystoys.md\/ru\/wp-json\/wp\/v2\/types\/product"}],"replies":[{"embeddable":true,"href":"http:\/\/toystoys.md\/ru\/wp-json\/wp\/v2\/comments?post=157657"}],"wp:featuredmedia":[{"embeddable":true,"href":"http:\/\/toystoys.md\/ru\/wp-json\/wp\/v2\/media\/157666"}],"wp:attachment":[{"href":"http:\/\/toystoys.md\/ru\/wp-json\/wp\/v2\/media?parent=157657"}],"wp:term":[{"taxonomy":"product_brand","embeddable":true,"href":"http:\/\/toystoys.md\/ru\/wp-json\/wp\/v2\/product_brand?post=157657"},{"taxonomy":"product_cat","embeddable":true,"href":"http:\/\/toystoys.md\/ru\/wp-json\/wp\/v2\/product_cat?post=157657"},{"taxonomy":"product_tag","embeddable":true,"href":"http:\/\/toystoys.md\/ru\/wp-json\/wp\/v2\/product_tag?post=157657"}],"curies":[{"name":"wp","href":"https:\/\/api.w.org\/{rel}","templated":true}]}}