{"id":157651,"date":"2023-08-10T18:58:35","date_gmt":"2023-08-10T18:58:35","guid":{"rendered":"https:\/\/toystoys.md\/shop\/prod_3384349303259_sc88530\/"},"modified":"2023-08-10T18:25:27","modified_gmt":"2023-08-10T16:25:27","slug":"prod_3384349303259_sc88530","status":"publish","type":"product","link":"http:\/\/toystoys.md\/ru\/shop\/prod_3384349303259_sc88530\/","title":{"rendered":"Audio Monitor Digital Beaba Simply ZEN"},"content":{"rendered":"<p>Monitorul pentru bebelu\u0219i Simply ZEN de la B\u00e9aba te va \u00eenso\u021bi oriunde \u00een casa ta.<\/p>\n<p>Simplu \u0219i practic, are multiple func\u021bii pentru a ajuta copilul s\u0103 adoarm\u0103 \u0219i le permite p\u0103rin\u021bilor s\u0103 r\u0103m\u00e2n\u0103 \u00een contact cu copilul \u00een timp ce se bucur\u0103 de timpul liber.<\/p>\n<p>Datorit\u0103 func\u021biei VOX, o alert\u0103 luminoas\u0103 este activat\u0103 pe unitatea de p\u0103rinte imediat ce copilul pl\u00e2nge.<\/p>\n<p>Comunicare fiabil\u0103 garantat\u0103 datorit\u0103 detect\u0103rii mi\u0219c\u0103rilor, zgomotelor \u0219i strig\u0103telor.<\/p>\n<p>Op\u021biunea walkie-talkie v\u0103 permite s\u0103 lini\u0219ti\u021bi copilul de la distan\u021b\u0103.<\/p>\n<p>Lumin\u0103 de noapte \u00eencorporat\u0103.<\/p>\n<p>Dispun\u00e2nd de o func\u021bie de \u201ec\u0103utare\u201d a monitorului p\u0103rintelui \u0219i de alert\u0103 \u201ebaterie sc\u0103zut\u0103\u201d pentru a v\u0103 u\u0219ura via\u021ba de zi cu zi.<\/p>\n<p>Tehnologia 0 wave \u00een modul noapte pentru a proteja s\u0103n\u0103tatea \u0219i somnul bebelu\u0219ului.<\/p>\n<p>Raza de actiune de 300 m in exterior si 50 m in interior<\/p>\n<p>Durata de via\u021b\u0103 a bateriei unit\u0103\u021bii parentale: 15h<\/p>","protected":false},"excerpt":{"rendered":"<p>Monitorul pentru bebelu\u0219i Simply ZEN de la B\u00e9aba te va \u00eenso\u021bi oriunde \u00een casa ta. Simplu \u0219i practic, are multiple<\/p>","protected":false},"featured_media":157681,"comment_status":"closed","ping_status":"closed","template":"","meta":{"_monsterinsights_skip_tracking":false,"_monsterinsights_sitenote_active":false,"_monsterinsights_sitenote_note":"","_monsterinsights_sitenote_category":0},"product_brand":[],"product_cat":[55,1141,52,1069],"product_tag":[],"class_list":{"0":"post-157651","1":"product","2":"type-product","3":"status-publish","4":"has-post-thumbnail","6":"product_cat-toate-produsele","7":"product_cat-produse-pentru-bebelusi","8":"product_cat-mobila-pentru-copii-accesorii","9":"product_cat-electrocasnice-pentru-camera-copiilor","11":"first","12":"instock","13":"shipping-taxable","14":"purchasable","15":"product-type-simple"},"_links":{"self":[{"href":"http:\/\/toystoys.md\/ru\/wp-json\/wp\/v2\/product\/157651","targetHints":{"allow":["GET"]}}],"collection":[{"href":"http:\/\/toystoys.md\/ru\/wp-json\/wp\/v2\/product"}],"about":[{"href":"http:\/\/toystoys.md\/ru\/wp-json\/wp\/v2\/types\/product"}],"replies":[{"embeddable":true,"href":"http:\/\/toystoys.md\/ru\/wp-json\/wp\/v2\/comments?post=157651"}],"wp:featuredmedia":[{"embeddable":true,"href":"http:\/\/toystoys.md\/ru\/wp-json\/wp\/v2\/media\/157681"}],"wp:attachment":[{"href":"http:\/\/toystoys.md\/ru\/wp-json\/wp\/v2\/media?parent=157651"}],"wp:term":[{"taxonomy":"product_brand","embeddable":true,"href":"http:\/\/toystoys.md\/ru\/wp-json\/wp\/v2\/product_brand?post=157651"},{"taxonomy":"product_cat","embeddable":true,"href":"http:\/\/toystoys.md\/ru\/wp-json\/wp\/v2\/product_cat?post=157651"},{"taxonomy":"product_tag","embeddable":true,"href":"http:\/\/toystoys.md\/ru\/wp-json\/wp\/v2\/product_tag?post=157651"}],"curies":[{"name":"wp","href":"https:\/\/api.w.org\/{rel}","templated":true}]}}