{"id":157650,"date":"2023-08-10T18:58:32","date_gmt":"2023-08-10T18:58:32","guid":{"rendered":"https:\/\/toystoys.md\/shop\/prod_3384349302948_sc88518\/"},"modified":"2023-08-10T18:26:53","modified_gmt":"2023-08-10T16:26:53","slug":"prod_3384349302948_sc88518","status":"publish","type":"product","link":"http:\/\/toystoys.md\/ru\/shop\/prod_3384349302948_sc88518\/","title":{"rendered":"Video Monitor Digital Beaba ZEN Plus White"},"content":{"rendered":"<p>Lini\u0219te sufleteasc\u0103!<\/p>\n<p>Camer\u0103 cu rotire automat\u0103 cu LED infraro\u0219u \u0219i detectoare de mi\u0219care: panoramic\u0103 cu vedere pe timp de noapte pentru o monitorizare optim\u0103<\/p>\n<p>Ecran color de \u00eenalt\u0103 defini\u021bie de 4,3&#8243;: imagine \u00eembun\u0103t\u0103\u021bit\u0103 excelent\u0103<\/p>\n<p>Func\u021bii multiple: walkie-talkie, termometru cu senzor de temperatur\u0103, alarm\u0103, cronometru pentru timpul mesei, zoom 2x, c\u00e2ntece de leag\u0103n cu 4 versuri,&#8230;<\/p>\n<p>Meniu simplificat \u0219i func\u021bii integrate: navigare lin\u0103<\/p>\n<p>Raza de actiune de pana la 250 de metri in exterior si pana la 30 de metri in interior<\/p>\n<p>Unitate parental\u0103 f\u0103r\u0103 fir re\u00eenc\u0103rcabil\u0103 cu baterie cu litiu. Livrat cu un adaptor de sector 5V cu port clasic. Pentru Unitatea Parental\u0103, autonomie de 4 ore pentru utilizare non-stop, 8 ore pentru utilizare fragmentat\u0103<\/p>\n<p>P\u00e2n\u0103 la 4 camere pot fi asociate cu unitatea pentru p\u0103rinte (camera suplimentar\u0103 disponibil\u0103 pentru achizi\u021bie)<\/p>\n<p>Unitate pentru bebelu\u0219i, conectat\u0103 permanent \u00een timpul utiliz\u0103rii, cu un adaptor sector 5V (furnizat), cu micro port USB. Rotirea camerei la 270\u00b0 \u00een lateral \u0219i 90\u00b0 \u00een sus \u0219i \u00een jos<\/p>\n<p>\u00cengrijire: cur\u0103\u021ba\u021bi numai cu o c\u00e2rp\u0103 uscat\u0103 sau umed\u0103. Nu utiliza\u021bi detergen\u021bi chimici, spray-uri, solven\u021bi sau detergen\u021bi<\/p>","protected":false},"excerpt":{"rendered":"<p>Lini\u0219te sufleteasc\u0103! Camer\u0103 cu rotire automat\u0103 cu LED infraro\u0219u \u0219i detectoare de mi\u0219care: panoramic\u0103 cu vedere pe timp de noapte<\/p>","protected":false},"featured_media":157684,"comment_status":"closed","ping_status":"closed","template":"","meta":{"_monsterinsights_skip_tracking":false,"_monsterinsights_sitenote_active":false,"_monsterinsights_sitenote_note":"","_monsterinsights_sitenote_category":0},"product_brand":[],"product_cat":[55,1141,52,1069],"product_tag":[],"class_list":{"0":"post-157650","1":"product","2":"type-product","3":"status-publish","4":"has-post-thumbnail","6":"product_cat-toate-produsele","7":"product_cat-produse-pentru-bebelusi","8":"product_cat-mobila-pentru-copii-accesorii","9":"product_cat-electrocasnice-pentru-camera-copiilor","11":"first","12":"outofstock","13":"shipping-taxable","14":"purchasable","15":"product-type-simple"},"_links":{"self":[{"href":"http:\/\/toystoys.md\/ru\/wp-json\/wp\/v2\/product\/157650","targetHints":{"allow":["GET"]}}],"collection":[{"href":"http:\/\/toystoys.md\/ru\/wp-json\/wp\/v2\/product"}],"about":[{"href":"http:\/\/toystoys.md\/ru\/wp-json\/wp\/v2\/types\/product"}],"replies":[{"embeddable":true,"href":"http:\/\/toystoys.md\/ru\/wp-json\/wp\/v2\/comments?post=157650"}],"wp:featuredmedia":[{"embeddable":true,"href":"http:\/\/toystoys.md\/ru\/wp-json\/wp\/v2\/media\/157684"}],"wp:attachment":[{"href":"http:\/\/toystoys.md\/ru\/wp-json\/wp\/v2\/media?parent=157650"}],"wp:term":[{"taxonomy":"product_brand","embeddable":true,"href":"http:\/\/toystoys.md\/ru\/wp-json\/wp\/v2\/product_brand?post=157650"},{"taxonomy":"product_cat","embeddable":true,"href":"http:\/\/toystoys.md\/ru\/wp-json\/wp\/v2\/product_cat?post=157650"},{"taxonomy":"product_tag","embeddable":true,"href":"http:\/\/toystoys.md\/ru\/wp-json\/wp\/v2\/product_tag?post=157650"}],"curies":[{"name":"wp","href":"https:\/\/api.w.org\/{rel}","templated":true}]}}