{"id":157026,"date":"2023-08-05T17:47:05","date_gmt":"2023-08-05T17:47:05","guid":{"rendered":"https:\/\/toystoys.md\/shop\/prod_5702017425191_sc88330\/"},"modified":"2025-09-19T11:21:18","modified_gmt":"2025-09-19T09:21:18","slug":"prod_5702017425191_sc88330","status":"publish","type":"product","link":"http:\/\/toystoys.md\/ru\/shop\/prod_5702017425191_sc88330\/","title":{"rendered":"Yamaha MT-10 SP Technic LEGO 42159"},"content":{"rendered":"<section class=\"page-section page-section-light gtm_product-page-description\">\n<div class=\"container pad-btm-sm\">\n<p>Iat\u0103 un proiect care \u00eei va \u00eenc\u00e2nta pe adul\u021bii pasiona\u021bi de motociclete. Acest LEGO\u00ae Technic\u2122 Yamaha MT-10 SP (42159) aduce un omagiu celei mai puternice motociclete supernaaked de la Yamaha. Designul simplificat accentueaz\u0103 cuplul motorului cu 4 cilindri. Exploreaz\u0103 aplica\u021bia LEGO AR \u0219i vezi c\u0103 modelul prinde via\u021b\u0103.<\/p>\n<p>Detalii autentice<br \/>\nFiecare detaliu a fost g\u00e2ndit pentru a face acest model c\u00e2t mai aproape de realitatea. Caracteristicile includ un motor cu 4 cilindri, transmisie cu 3 trepte \u0219i transmisie final\u0103 cu lan\u021b cu suspensie func\u021bional\u0103 fa\u021b\u0103 \u0219i spate. Componentele transmisiei includ tamburul de schimbare, furca de schimbare, inelul de schimbare \u0219i tamburul cu clichet. Modelul include, de asemenea, direc\u021bie func\u021bional\u0103 prin intr\u0103rile pe volan, un suport lateral \u0219i un suport de afi\u0219are.<\/p>\n<p>Porni\u021bi motoarele.<br \/>\nAcest set face parte din colec\u021bia de seturi de construc\u021bie LEGO pentru adul\u021bi. Acest set de constructii este proiectul pentru tine sau cadoul perfect pentru iubitorii de motociclete si pasionatii de Yamaha. Ofer\u0103 un ansamblu util cu un model detaliat pentru studiu.<\/p>\n<p>\u0425\u0430\u0440\u0430\u043a\u0442\u0435\u0440\u0438\u0441\u0442\u0438\u043a\u0438:<br \/>\n- \u0412\u043e\u0437\u0440\u0430\u0441\u0442: \u043e\u0442 18 \u043b\u0435\u0442.<br \/>\n&#8211; Include: 1478 piese.<br \/>\n&#8211; Dimensiuni pachet: 58 x 38 x 9 cm<br \/>\n- \u041c\u0430\u0442\u0435\u0440\u0438\u0430\u043b: \u043f\u043b\u0430\u0441\u0442\u0438\u043a.<br \/>\n- \u041f\u0440\u043e\u0438\u0437\u0432\u043e\u0434\u0438\u0442\u0435\u043b\u044c: Lego.<\/p>\n<\/div>\n<\/section>","protected":false},"excerpt":{"rendered":"<p>Iat\u0103 un proiect care \u00eei va \u00eenc\u00e2nta pe adul\u021bii pasiona\u021bi de motociclete. Acest LEGO\u00ae Technic\u2122 Yamaha MT-10 SP (42159) aduce<\/p>","protected":false},"featured_media":174713,"comment_status":"closed","ping_status":"closed","template":"..\/public\/views\/revslider-page-template.php","meta":{"_monsterinsights_skip_tracking":false,"_monsterinsights_sitenote_active":false,"_monsterinsights_sitenote_note":"","_monsterinsights_sitenote_category":0},"product_brand":[],"product_cat":[1137,288,289,49,1580,55],"product_tag":[],"class_list":{"0":"post-157026","1":"product","2":"type-product","3":"status-publish","4":"has-post-thumbnail","6":"product_cat-jucarii","7":"product_cat-lego","8":"product_cat-lego-technic","9":"product_cat-transport","10":"product_cat-motociclete","11":"product_cat-toate-produsele","13":"first","14":"instock","15":"shipping-taxable","16":"purchasable","17":"product-type-simple"},"_links":{"self":[{"href":"http:\/\/toystoys.md\/ru\/wp-json\/wp\/v2\/product\/157026","targetHints":{"allow":["GET"]}}],"collection":[{"href":"http:\/\/toystoys.md\/ru\/wp-json\/wp\/v2\/product"}],"about":[{"href":"http:\/\/toystoys.md\/ru\/wp-json\/wp\/v2\/types\/product"}],"replies":[{"embeddable":true,"href":"http:\/\/toystoys.md\/ru\/wp-json\/wp\/v2\/comments?post=157026"}],"wp:featuredmedia":[{"embeddable":true,"href":"http:\/\/toystoys.md\/ru\/wp-json\/wp\/v2\/media\/174713"}],"wp:attachment":[{"href":"http:\/\/toystoys.md\/ru\/wp-json\/wp\/v2\/media?parent=157026"}],"wp:term":[{"taxonomy":"product_brand","embeddable":true,"href":"http:\/\/toystoys.md\/ru\/wp-json\/wp\/v2\/product_brand?post=157026"},{"taxonomy":"product_cat","embeddable":true,"href":"http:\/\/toystoys.md\/ru\/wp-json\/wp\/v2\/product_cat?post=157026"},{"taxonomy":"product_tag","embeddable":true,"href":"http:\/\/toystoys.md\/ru\/wp-json\/wp\/v2\/product_tag?post=157026"}],"curies":[{"name":"wp","href":"https:\/\/api.w.org\/{rel}","templated":true}]}}