{"id":153940,"date":"2023-06-14T18:40:42","date_gmt":"2023-06-14T18:40:42","guid":{"rendered":"https:\/\/toystoys.md\/shop\/prod_4006333050015_sc87570\/"},"modified":"2023-12-06T11:48:08","modified_gmt":"2023-12-06T09:48:08","slug":"prod_4006333050015_sc87570","status":"publish","type":"product","link":"http:\/\/toystoys.md\/ru\/shop\/prod_4006333050015_sc87570\/","title":{"rendered":"\u041c\u0430\u0448\u0438\u043d\u043a\u0430 Dickie \u201e\u041f\u043e\u0436\u0430\u0440\u043d\u0430\u044f\u201d \u0441\u043e \u0437\u0432\u0443\u043a\u043e\u043c \u0438 \u0441\u0432\u0435\u0442\u043e\u043c 30\u0441\u043c"},"content":{"rendered":"<div class=\"prod-tabs-tit\">\n<p>\u041c\u0430\u0448\u0438\u043d\u043a\u0430 Dickie \u041f\u043e\u0436\u0430\u0440\u043d\u0430\u044f \u0441\u043b\u0443\u0436\u0431\u0430 - \u043f\u0440\u0435\u043a\u0440\u0430\u0441\u043d\u0430\u044f \u0438\u0433\u0440\u0443\u0448\u043a\u0430 \u0434\u043b\u044f \u0434\u0435\u0442\u0435\u0439, \u0443\u0432\u043b\u0435\u0447\u0435\u043d\u043d\u044b\u0445 \u043f\u0440\u0438\u043a\u043b\u044e\u0447\u0435\u043d\u0438\u044f\u043c\u0438 \u043f\u043e\u0436\u0430\u0440\u043d\u044b\u0445. \u041e\u043d\u0430 \u0438\u043c\u0435\u0435\u0442 \u0434\u043b\u0438\u043d\u0443 30 \u0441\u0430\u043d\u0442\u0438\u043c\u0435\u0442\u0440\u043e\u0432 \u0438 \u043e\u0441\u043d\u0430\u0449\u0435\u043d\u0430 \u0440\u0435\u0430\u043b\u0438\u0441\u0442\u0438\u0447\u043d\u044b\u043c\u0438 \u0437\u0432\u0443\u043a\u0430\u043c\u0438 \u0438 \u0441\u0432\u0435\u0442\u043e\u043c. \u0415\u0435 \u0434\u0435\u0442\u0430\u043b\u044c\u043d\u044b\u0439 \u0434\u0438\u0437\u0430\u0439\u043d \u044f\u0432\u043b\u044f\u0435\u0442\u0441\u044f \u0430\u0443\u0442\u0435\u043d\u0442\u0438\u0447\u043d\u043e\u0439 \u043f\u043e\u0436\u0430\u0440\u043d\u043e\u0439 \u043c\u0430\u0448\u0438\u043d\u043e\u0439, \u0441 \u044f\u0440\u043a\u0438\u043c\u0438 \u0446\u0432\u0435\u0442\u0430\u043c\u0438 \u0438 \u0445\u0430\u0440\u0430\u043a\u0442\u0435\u0440\u043d\u044b\u043c \u043b\u043e\u0433\u043e\u0442\u0438\u043f\u043e\u043c \u043f\u043e\u0436\u0430\u0440\u043d\u044b\u0445.<\/p>\n<p>\u0414\u0435\u0442\u0438 \u0441\u043c\u043e\u0433\u0443\u0442 \u043d\u0430\u0441\u043b\u0430\u0436\u0434\u0430\u0442\u044c\u0441\u044f \u0432\u0435\u0441\u0435\u043b\u044b\u043c\u0438 \u0438 \u043a\u0440\u0435\u0430\u0442\u0438\u0432\u043d\u044b\u043c\u0438 \u043c\u043e\u043c\u0435\u043d\u0442\u0430\u043c\u0438, \u0441\u043f\u0430\u0441\u0430\u044f \u043c\u0438\u0440 \u0441 \u0443\u0432\u043b\u0435\u043a\u0430\u0442\u0435\u043b\u044c\u043d\u043e\u0439 \u0438 \u0438\u043d\u0442\u0435\u0440\u0430\u043a\u0442\u0438\u0432\u043d\u043e\u0439 \u0438\u0433\u0440\u0443\u0448\u043a\u043e\u0439. \u041c\u0430\u0448\u0438\u043d\u043a\u0430 Dickie \u041f\u043e\u0436\u0430\u0440\u043d\u0430\u044f \u0441\u043b\u0443\u0436\u0431\u0430 \u0438\u0437\u0433\u043e\u0442\u043e\u0432\u043b\u0435\u043d\u0430 \u0438\u0437 \u043f\u0440\u043e\u0447\u043d\u044b\u0445 \u0438 \u0431\u0435\u0437\u043e\u043f\u0430\u0441\u043d\u044b\u0445 \u043c\u0430\u0442\u0435\u0440\u0438\u0430\u043b\u043e\u0432, \u0447\u0442\u043e \u0434\u0435\u043b\u0430\u0435\u0442 \u0435\u0435 \u043f\u043e\u0434\u0445\u043e\u0434\u044f\u0449\u0435\u0439 \u0434\u043b\u044f \u0434\u043e\u043b\u0433\u043e\u0439 \u0438 \u043f\u043e\u0432\u0442\u043e\u0440\u044f\u044e\u0449\u0435\u0439\u0441\u044f \u0438\u0433\u0440\u044b.<\/p>\n<\/div>","protected":false},"excerpt":{"rendered":"<p>Masina Dickie Pompieri este o juc\u0103rie minunat\u0103, perfect\u0103 pentru copii pasiona\u021bi de aventurile pompierilor. Aceasta are o lungime de 30<\/p>","protected":false},"featured_media":169152,"comment_status":"closed","ping_status":"closed","template":"..\/public\/views\/revslider-page-template.php","meta":{"_monsterinsights_skip_tracking":false,"_monsterinsights_sitenote_active":false,"_monsterinsights_sitenote_note":"","_monsterinsights_sitenote_category":0},"product_brand":[],"product_cat":[55,1137,49,1113],"product_tag":[],"class_list":{"0":"post-153940","1":"product","2":"type-product","3":"status-publish","4":"has-post-thumbnail","6":"product_cat-toate-produsele","7":"product_cat-jucarii","8":"product_cat-transport","9":"product_cat-camioane-si-echipament-special","11":"first","12":"instock","13":"shipping-taxable","14":"purchasable","15":"product-type-simple"},"_links":{"self":[{"href":"http:\/\/toystoys.md\/ru\/wp-json\/wp\/v2\/product\/153940","targetHints":{"allow":["GET"]}}],"collection":[{"href":"http:\/\/toystoys.md\/ru\/wp-json\/wp\/v2\/product"}],"about":[{"href":"http:\/\/toystoys.md\/ru\/wp-json\/wp\/v2\/types\/product"}],"replies":[{"embeddable":true,"href":"http:\/\/toystoys.md\/ru\/wp-json\/wp\/v2\/comments?post=153940"}],"wp:featuredmedia":[{"embeddable":true,"href":"http:\/\/toystoys.md\/ru\/wp-json\/wp\/v2\/media\/169152"}],"wp:attachment":[{"href":"http:\/\/toystoys.md\/ru\/wp-json\/wp\/v2\/media?parent=153940"}],"wp:term":[{"taxonomy":"product_brand","embeddable":true,"href":"http:\/\/toystoys.md\/ru\/wp-json\/wp\/v2\/product_brand?post=153940"},{"taxonomy":"product_cat","embeddable":true,"href":"http:\/\/toystoys.md\/ru\/wp-json\/wp\/v2\/product_cat?post=153940"},{"taxonomy":"product_tag","embeddable":true,"href":"http:\/\/toystoys.md\/ru\/wp-json\/wp\/v2\/product_tag?post=153940"}],"curies":[{"name":"wp","href":"https:\/\/api.w.org\/{rel}","templated":true}]}}